{"id":1595,"date":"2023-12-03T17:59:56","date_gmt":"2023-12-03T16:59:56","guid":{"rendered":"https:\/\/dev-binvex.pantheonsite.io\/?post_type=product&#038;p=1595"},"modified":"2025-04-08T10:56:00","modified_gmt":"2025-04-08T08:56:00","slug":"digitalna-grejalica-calypso-radialight-2000w","status":"publish","type":"product","link":"https:\/\/binvex.com\/en\/p\/digitalna-grejalica-calypso-radialight-2000w\/","title":{"rendered":"DIGITALNA GREJALICA CALYPSO RADIALIGHT \u2013 2000W"},"content":{"rendered":"<div class=\"content\">\n<div class=\"content\">\n<div class=\"content\">\n<h3><a href=\"https:\/\/radialight.com\/en\/products-range\/electric-heating-products\/heat-your-home\/digital-electric-convector-heaters-sirio\" target=\"_blank\" rel=\"noopener\">PRENOSNA DIGITALNA GREJALICA SA VENTILATOROM \u2013 CALYPSO<\/a><\/h3>\n<div class=\"content\">\n<p>Prenosiva digitalna grejalica za indirektno grejanje sa tajmerom i nedeljnim programiranjem: Calipso Digital.<\/p>\n<p>Homogeno raspr\u0161ena toplota u prostoriji zahvaljujuc\u0301i indirektnoj emisiji vazduha sa specijalnom kru\u017enom lu\u010dnom re\u0161etkom za izlaz vazduha.<\/p>\n<p>Tihi rad (- 40% u pore\u0111enju sa drugim grejalicama sa ventilatorom)<\/p>\n<p>LCD ekran<\/p>\n<p>2 nivoa snage za izbor: 1000W ili 2000W<\/p>\n<p>5 re\u017eima rada koje mo\u017eete izabrati:<\/p>\n<p>Letnja ventilacija<br \/>\nUdobnost<br \/>\nZa\u0161tita od smrzavanja<br \/>\nTajmer (0,5 \/ 1\/2\/4\/8 sati)<br \/>\nDnevno programiranje<br \/>\nFunkcija AUTO Energy Saving za automatsko smanjenje potro\u0161nje Calipso-a na osnovu pode\u0161ene sobne temperature<\/p>\n<p>Prakti\u010dna gornja ru\u010dka za lak transport i \u010dvrsto metalno postolje za vec\u0301u stabilnost<\/p>\n<p>IP21 za\u0161tita od vlage i prskanja vode, tako da se lako mo\u017ee postaviti u kupatilo (Klasa II) ili druga vla\u017ena okru\u017eenja<\/p>\n<p>Za\u0161tita od pregrevanja<\/p>\n<p>Proizvod je uskla\u0111en sa Uredbom o ekolo\u0161kom dizajnu iz 2018<\/p>\n<p>Ovaj proizvod je pogodan samo za pravilno izolovane prostorije ili za povremenu upotrebu<\/p>\n<p>Vi\u0161e informacija na sajtu\u00a0<a href=\"https:\/\/www.radialight.com\/en\/\" target=\"_blank\" rel=\"noopener\">RADIALIGHT<\/a><\/p>\n<p>Preostalu ponudu sli\u010dnih ure\u0111aja pogledajte na linku:\u00a0KUPATILSKE GREJALICE\u00a0ili\u00a0KONVEKTORSKE GREJALICE.<\/p>\n<\/div>\n<h3>Tehni\u010dke specifikacije:<\/h3>\n<p>Dimenzije (\u0160xVxD): 34,5 x 32,2 x 18,5cm<\/p>\n<p>Snaga: 1000\/2000W<\/p>\n<p>Boja: bela sa plavim okvirom<\/p>\n<p>Garancija: 2 godine<\/p>\n<\/div>\n<h3>Proizvo\u0111a\u010d:<\/h3>\n<h3><a title=\"4 RADIALIGHT logo\" href=\"https:\/\/www.radialight.com\/en\/\" target=\"_blank\" rel=\"noopener\"><img decoding=\"async\" title=\"4 RADIALIGHT logo\" src=\"https:\/\/binvex.com\/wp-content\/uploads\/2019\/03\/4-RADIALIGHT-logo.jpg\" alt=\"4 RADIALIGHT logo\" \/><\/a><\/h3>\n<h3 class=\"naslov-download\">Preuzmite PDF:<\/h3>\n<p><img decoding=\"async\" class=\"alignnone size-full wp-image-216\" src=\"https:\/\/binvex.com\/wp-content\/uploads\/2023\/11\/downP.png\" alt=\"\" width=\"48\" height=\"55\" \/> <a href=\"https:\/\/binvex.com\/wp-content\/uploads\/2023\/12\/Katalog-Calypso.pdf\" target=\"_blank\" rel=\"noopener\">Katalog &#8211; grejalica Calypso<\/a><\/p>\n<\/div>\n<\/div>","protected":false},"excerpt":{"rendered":"<p>PRENOSNA DIGITALNA GREJALICA SA VENTILATOROM \u2013 CALYPSO Prenosiva digitalna grejalica za indirektno grejanje sa tajmerom i nedeljnim programiranjem: Calipso Digital. Homogeno raspr\u0161ena toplota u prostoriji zahvaljujuc\u0301i indirektnoj emisiji vazduha sa specijalnom kru\u017enom lu\u010dnom re\u0161etkom za izlaz vazduha. Tihi rad (- 40% u pore\u0111enju sa drugim grejalicama sa ventilatorom) LCD ekran 2 nivoa snage za izbor: [&hellip;]<\/p>","protected":false},"featured_media":1598,"template":"","meta":{"_eb_attr":""},"product_brand":[],"product_cat":[28],"product_tag":[],"class_list":{"0":"post-1595","1":"product","2":"type-product","3":"status-publish","4":"has-post-thumbnail","6":"product_cat-konvektorske-grejalice","8":"first","9":"instock","10":"taxable","11":"shipping-taxable","12":"purchasable","13":"product-type-simple"},"_links":{"self":[{"href":"https:\/\/binvex.com\/en\/wp-json\/wp\/v2\/product\/1595","targetHints":{"allow":["GET"]}}],"collection":[{"href":"https:\/\/binvex.com\/en\/wp-json\/wp\/v2\/product"}],"about":[{"href":"https:\/\/binvex.com\/en\/wp-json\/wp\/v2\/types\/product"}],"wp:featuredmedia":[{"embeddable":true,"href":"https:\/\/binvex.com\/en\/wp-json\/wp\/v2\/media\/1598"}],"wp:attachment":[{"href":"https:\/\/binvex.com\/en\/wp-json\/wp\/v2\/media?parent=1595"}],"wp:term":[{"taxonomy":"product_brand","embeddable":true,"href":"https:\/\/binvex.com\/en\/wp-json\/wp\/v2\/product_brand?post=1595"},{"taxonomy":"product_cat","embeddable":true,"href":"https:\/\/binvex.com\/en\/wp-json\/wp\/v2\/product_cat?post=1595"},{"taxonomy":"product_tag","embeddable":true,"href":"https:\/\/binvex.com\/en\/wp-json\/wp\/v2\/product_tag?post=1595"}],"curies":[{"name":"wp","href":"https:\/\/api.w.org\/{rel}","templated":true}]}}