{"id":1591,"date":"2023-12-03T17:56:06","date_gmt":"2023-12-03T16:56:06","guid":{"rendered":"https:\/\/dev-binvex.pantheonsite.io\/?post_type=product&#038;p=1591"},"modified":"2025-04-08T11:10:30","modified_gmt":"2025-04-08T09:10:30","slug":"konvektorska-grejalica-sirio-5-radialight-500w","status":"publish","type":"product","link":"https:\/\/binvex.com\/en\/p\/konvektorska-grejalica-sirio-5-radialight-500w\/","title":{"rendered":"KONVEKTORSKA GREJALICA SIRIO 5 RADIALIGHT &#8211; 500W"},"content":{"rendered":"<div class=\"content\">\n<div class=\"content\">\n<div class=\"content\">\n<h3><a href=\"https:\/\/radialight.com\/en\/products-range\/electric-heating-products\/heat-your-home\/digital-electric-convector-heaters-sirio\" target=\"_blank\" rel=\"noopener noreferrer\">Digitalne elektri\u010dne konvektorske grejalice &#8211; SIRIO<\/a><\/h3>\n<p>Nova generacija Radialight digitalnih elektri\u010dnih konvektorskih grejalica SIRIO nudi nov na\u010din grejanja va\u0161eg doma. Sa svojim modernim dizajnom, SIRIO je idealan konvektor sa niskom potro\u0161njom za brzo i personalizovano grejanje va\u0161ih soba. Istovremeno pru\u017ea jedinstveno i visokokvalitetno ure\u0111enje kuc\u0301e.<br \/>\nToplina se brzo i homogeno \u0161iri prirodnom konvekcijom bez upotrebe ventilatora ili motora, \u0161to zna\u010di da nema dizanja pra\u0161ine i neprijatnog strujanja suvog vazduha.<br \/>\nZahvaljujuc\u0301i integrisanom digitalnom termostatu SIRIO c\u0301e odr\u017eavati temperaturu konstantnom uz minimalnu potro\u0161nju energije.<br \/>\nSedmi\u010dno programiranje, senzor za otkrivanje otvorenih prozora i LED displej: sve je dizajnirano za postizanje brzog povec\u0301anja temperature i maksimalne u\u0161tede energije.<\/p>\n<p>SIRIO zagreva va\u0161 dom pomoc\u0301u \u201eprirodne konvekcije\u201c. Hladni vazduh prolazi kroz donju re\u0161etku, zagreva se na aluminijumskom greja\u010du i izlazi iz gornje re\u0161etke. Na ovaj na\u010din, ova nova generacija konvektorskih greja\u010da je u moguc\u0301nosti da potpuno bezbedno i tiho zagreje va\u0161 dom bez ventilatora i pokretnih mehani\u010dkih delova.<br \/>\nDigitalni termostat omoguc\u0301ava precizno pode\u0161avanje \u017eeljenog nivoa temperature, izbegavajuc\u0301i nagle promene toplote i automatski moduli\u0161uc\u0301i potro\u0161nju energije kada temperatura u prostoriji dostigne pode\u0161eni nivo komfora.<\/p>\n<p>LED displej omogu\u0107ava prakti\u010dnu i intuitivnu upotrebu i pode\u0161avanje pomo\u0107u samo nekoliko tastera. Digitalni termostat dozvoljava pode\u0161avanje temperature sa ta\u010dno\u0161\u0107u od 0,5\u00b0C. Mo\u017eete izabrati jedan od 5 re\u017eima rada. Comfort, Comfort -1\u00b0C, Comfort -2\u00b0C, Eco -3,5\u00b0C i Antifrost re\u017eim. Zahvaljuju\u0107i dnevnom i nedelnjom programiranju temperature i senzoru otvorenog prozora, SIRIO omogu\u0107ava da podesite njegov rad po va\u0161oj dnevnoj rutini, smanjuju\u0107i potro\u0161nju jo\u0161 vi\u0161e.<\/p>\n<p>SIRIO konvektori su lagani i jednostavni za postavljanje na zid, zahvaljujuc\u0301i kompletu koji dolazi sa svakim ure\u0111ajem. Za manje od 15 minuta imac\u0301ete koristi od toplog zagrljaja koji vam nudi SIRIO.<\/p>\n<p>Tako\u0111e, SIRIO mo\u017eete koristiti i kao portabilnu konvektorsku grejalicu, sa dodatnim nogicama sa to\u010dki\u0107ima koju mo\u017eete kupiti po ceni od samo 2.22<strong>0,00 RSD<\/strong>. Sa ovim dodatkom, jedan ure\u0111aj mo\u017eete lako prebacivati iz jedne prostorije u drugu po potrebi.<\/p>\n<p>Da izaberete pravi model i zamislite svoj dom sa najmodernijim konvektorskim grejalicama pre\u0111ite na stranu klikom na sliku ispod:<\/p>\n<h4>KREIRAJTE URE\u0110ENJE VA\u0160EG DOMA SAMI<\/h4>\n<p>U ponudi pored konvektorske grejalice Sirio 5 snage 500W imamo i konvektore snage 1000W, 1500W i 2000W. Kompletnu ponudu pogledajte na slede\u0107em linku:<\/p>\n<h3>Konvektorske grejalice<\/h3>\n<\/div>\n<h3>Tehni\u010dke specifikacije:<\/h3>\n<p>Dimenzije (\u0160xVxD): 45 x 42 x 10,2 cm (11cm dubina montiranog ure\u0111aja)<br \/>\nSnaga: 500W<br \/>\nBoja: bela<br \/>\nGarancija: 2 godine<br \/>\nDigitalni sistem upravljanja<br \/>\nTanak i elegantan dizajn \u2013 debljine samo 10,2 cm i brza i ujedna\u010dena toplota<br \/>\nLCD ekran sa pozadinskim osvetljenjem<br \/>\nTihi rad: nema pokretnih mehani\u010dkih delova (bez ventilatora ili motora)<br \/>\nTehnologija za u\u0161tedu energije sa optimizacijom potro\u0161nje<br \/>\nDnevni i nedeljni program<br \/>\nSenzor za detekciju otvorenih prozora<br \/>\nFunkcija zaklju\u010davanja tastera<br \/>\nJednostavna i brza instalacija zahvaljujuc\u0301i ugra\u0111enom kompletu za monta\u017eu<br \/>\nNulti tro\u0161kovi odr\u017eavanja<br \/>\nOpcioni to\u010dkovi koji SIRIO \u010dine prenosivim<br \/>\nIP24 za\u0161tita od vode, idealna za ugradnju i u vla\u017enim prostorijama<\/p>\n<h3>Proizvo\u0111a\u010d:<\/h3>\n<h3><\/h3>\n<h3 class=\"naslov-download\">Preuzmite PDF:<\/h3>\n<p><img decoding=\"async\" class=\"alignnone size-full wp-image-216\" src=\"https:\/\/binvex.com\/wp-content\/uploads\/2023\/11\/downP.png\" alt=\"\" width=\"48\" height=\"55\" \/> <a href=\"https:\/\/binvex.com\/wp-content\/uploads\/2023\/12\/Katalog-Sirio.pdf\" target=\"_blank\" rel=\"noopener\">Katalog &#8211; konvektorska grejalica Sirio<\/a><\/p>\n<\/div>\n<\/div>","protected":false},"excerpt":{"rendered":"<p>Digitalne elektri\u010dne konvektorske grejalice &#8211; SIRIO Nova generacija Radialight digitalnih elektri\u010dnih konvektorskih grejalica SIRIO nudi nov na\u010din grejanja va\u0161eg doma. Sa svojim modernim dizajnom, SIRIO je idealan konvektor sa niskom potro\u0161njom za brzo i personalizovano grejanje va\u0161ih soba. Istovremeno pru\u017ea jedinstveno i visokokvalitetno ure\u0111enje kuc\u0301e. Toplina se brzo i homogeno \u0161iri prirodnom konvekcijom bez upotrebe [&hellip;]<\/p>","protected":false},"featured_media":1593,"template":"","meta":{"_eb_attr":""},"product_brand":[],"product_cat":[28],"product_tag":[],"class_list":{"0":"post-1591","1":"product","2":"type-product","3":"status-publish","4":"has-post-thumbnail","6":"product_cat-konvektorske-grejalice","8":"first","9":"instock","10":"taxable","11":"shipping-taxable","12":"purchasable","13":"product-type-simple"},"_links":{"self":[{"href":"https:\/\/binvex.com\/en\/wp-json\/wp\/v2\/product\/1591","targetHints":{"allow":["GET"]}}],"collection":[{"href":"https:\/\/binvex.com\/en\/wp-json\/wp\/v2\/product"}],"about":[{"href":"https:\/\/binvex.com\/en\/wp-json\/wp\/v2\/types\/product"}],"wp:featuredmedia":[{"embeddable":true,"href":"https:\/\/binvex.com\/en\/wp-json\/wp\/v2\/media\/1593"}],"wp:attachment":[{"href":"https:\/\/binvex.com\/en\/wp-json\/wp\/v2\/media?parent=1591"}],"wp:term":[{"taxonomy":"product_brand","embeddable":true,"href":"https:\/\/binvex.com\/en\/wp-json\/wp\/v2\/product_brand?post=1591"},{"taxonomy":"product_cat","embeddable":true,"href":"https:\/\/binvex.com\/en\/wp-json\/wp\/v2\/product_cat?post=1591"},{"taxonomy":"product_tag","embeddable":true,"href":"https:\/\/binvex.com\/en\/wp-json\/wp\/v2\/product_tag?post=1591"}],"curies":[{"name":"wp","href":"https:\/\/api.w.org\/{rel}","templated":true}]}}