{"id":1553,"date":"2023-12-03T17:39:57","date_gmt":"2023-12-03T16:39:57","guid":{"rendered":"https:\/\/dev-binvex.pantheonsite.io\/?post_type=product&#038;p=1553"},"modified":"2025-10-24T09:21:53","modified_gmt":"2025-10-24T07:21:53","slug":"konvektorske-grejalice-tch-21e-trotec","status":"publish","type":"product","link":"https:\/\/binvex.com\/en\/p\/konvektorske-grejalice-tch-21e-trotec\/","title":{"rendered":"KONVEKTORSKE GREJALICE TCH 21E \u2013 TROTEC"},"content":{"rendered":"<div class=\"content\">\n<div class=\"content\">\n<h3><a href=\"https:\/\/uk.trotec.com\/products-services\/machinery-homecomfort\/heating\/convectors-tch-e-series\/tch21e\/\" target=\"_blank\" rel=\"noopener\">KONVEKTORSKE GREJALICE OD 2000 W SA TERMOSTATSKOM KONTROLOM KOJA \u0160TEDI ENERGIJU I RUKOVANJEM JEDNOSTAVNIM ZA KORISNIKA \u2013 TCH 21E<\/a><\/h3>\n<p>Konvektorske grejalice TCH 21 E greju stambene i radne prostore koji se koriste samo privremeno ili koji nisu povezani sa sistemom centralnog grejanja brzim zagrevanjem i dizajnom prilago\u0111enim \u017eivotnom prostoru. Vizuelno privla\u010dan konvektor sa svojim modernim dizajnom, jasnim oblicima i lakoc\u0301om upotrebe izdvaja se od monotonije uobi\u010dajenih konvektora.<\/p>\n<p><img fetchpriority=\"high\" decoding=\"async\" class=\"alignnone wp-image-5321\" src=\"https:\/\/binvex.com\/wp-content\/uploads\/2023\/09\/tch-21-e-equipment-505e-278x300.jpg\" sizes=\"(max-width: 544px) 100vw, 544px\" srcset=\"https:\/\/binvex.com\/wp-content\/uploads\/2023\/09\/tch-21-e-equipment-505e-278x300.jpg 278w, https:\/\/binvex.com\/wp-content\/uploads\/2023\/09\/tch-21-e-equipment-505e-768x829.jpg 768w, https:\/\/binvex.com\/wp-content\/uploads\/2023\/09\/tch-21-e-equipment-505e.jpg 800w\" alt=\"povoljne konvektorske grejalice\" width=\"544\" height=\"588\" \/><\/p>\n<p>Samo ga uklju\u010dite, podesite na \u017eeljenu temperaturu i u\u017eivajte u skoro trenutnoj toploti koja ispunjava prostoriju. Pogodno: inteligentna funkcija automatskog grejanja potpuno automatski reguli\u0161e temperaturu prostorije i smanjuje potro\u0161nju energije konvektora na minimum.<\/p>\n<h3>Integrisana kontrola tro\u0161kova konvektorske grejalice: kontrola termostata za u\u0161tedu energije<\/h3>\n<p>Trostepeni grejni element sa izbornom snagom grejanja od 800, 1.200 i 2.000 W omoguc\u0301ava jednostavno zagrevanje prostorija veli\u010dine do 24 m\u00b2 ili 60 m\u00b3.<\/p>\n<p>Integrisana kontrola termostata sa kojom se sobna temperatura potpuno automatski reguli\u0161e na individualnu vrednost za dobar osec\u0301aj je garant niskih tro\u0161kova potro\u0161nje. Prvo se \u017eeljeni nivo temperature pogodno pode\u0161ava preko rotacionog termostata koji je montiran sa strane. Zatim inteligentni temperaturni senzori kontinuirano prate sobnu temperaturu i shodno tome reguli\u0161u izlaz toplote do \u017eeljene vrednosti temperature. Kada se postigne \u017eeljena temperatura, elektri\u010dni grejni element se isklju\u010duje sve dok nije potreban drugi ciklus grejanja prostorije. Ovo \u0161tedi tro\u0161kove elektri\u010dne energije i \u010dini upotrebu ure\u0111aja za grejanje prijatno ekonomi\u010dnom.<\/p>\n<h3>Prijatno tople sobne temperature \u2013 lako i bez ikakvih komplikacija<\/h3>\n<p>Kao i svi konvektori serije TCH-E, TCH 21 E tako\u0111e radi sa efektom ravnomerne konvekcijske toplote. Sobni vazduh se zagreva u ure\u0111aju pomoc\u0301u elektri\u010dnih greja\u010da i tako se podi\u017ee kao topli vazduh, stvarajuc\u0301i prirodno usisavanje koje dovodi do strujanja vazduha iz hladne prostorije u ure\u0111aj. To dovodi do trajne cirkulacije toplog vazduha do svih uglova cele prostorije. Toplota se ravnomerno raspore\u0111uje i optimalno se spre\u010dava prekomerno ili nedovoljno zagrevanje pojedinih povr\u0161ina. \u010cim se dostigne unapred pode\u0161eni nivo toplote, ure\u0111aj se isklju\u010duje i ponovo uklju\u010duje kada je potreban jo\u0161 jedan ciklus grejanja prostorije da bi se ponovo dostigla ciljna vrednost. Ovo rezultira toplotom koja ispunjava prostoriju i koja je \u2013 zahvaljujuc\u0301i elektri\u010dnom grejnom elementu \u2013 100% \u010dista, bez kondenzacije i mirisa.<\/p>\n<p><img decoding=\"async\" class=\"alignnone wp-image-5326 size-medium\" src=\"https:\/\/binvex.com\/wp-content\/uploads\/2023\/09\/nacin-grejanja-konvektorskih-grejalica-300x273.jpg\" sizes=\"(max-width: 300px) 100vw, 300px\" srcset=\"https:\/\/binvex.com\/wp-content\/uploads\/2023\/09\/nacin-grejanja-konvektorskih-grejalica-300x273.jpg 300w, https:\/\/binvex.com\/wp-content\/uploads\/2023\/09\/nacin-grejanja-konvektorskih-grejalica.jpg 600w\" alt=\"grejanje konvektorske grejalice\" width=\"300\" height=\"273\" \/><\/p>\n<p>Gde god je potrebna \u010dista toplota \u2013 konvektor TCH 21 E obezbe\u0111uje brzo stvaranje toplote u pojedina\u010dnim prostorima, na primer kada je glavno grejanje nestalo, ili kao dodatni izvor toplote.<\/p>\n<p>Ako se konvektor koristi u spavac\u0301oj sobi, TCH 21 E bez ventilatora i buke je najbolji izbor. Ako se prostorija zagreva u veoma kratkom vremenu, preporu\u010duje se upotreba TCH 23 E sa identi\u010dnim kapacitetom grejanja i dodatnim turbo duvaljkom, kako bi se toplota \u0161to br\u017ee \u0161irila po prostoriji.<\/p>\n<p><img decoding=\"async\" class=\"alignnone wp-image-5329 size-medium\" src=\"https:\/\/binvex.com\/wp-content\/uploads\/2023\/09\/tch-21-e-dimensions-2265-300x300.jpg\" sizes=\"(max-width: 300px) 100vw, 300px\" srcset=\"https:\/\/binvex.com\/wp-content\/uploads\/2023\/09\/tch-21-e-dimensions-2265-300x300.jpg 300w, https:\/\/binvex.com\/wp-content\/uploads\/2023\/09\/tch-21-e-dimensions-2265-150x150.jpg 150w, https:\/\/binvex.com\/wp-content\/uploads\/2023\/09\/tch-21-e-dimensions-2265.jpg 500w\" alt=\"\" width=\"300\" height=\"300\" \/><\/p>\n<p>\u0160tedi prostor i ostavlja prostor da se osec\u0301ate dobro: iako kompaktni TCH 21 E konvektori mogu da obezbede toplotu u celoj prostoriji, oni se isti\u010du time \u0161to zahtevaju samo malo prostora.<\/p>\n<p><img loading=\"lazy\" decoding=\"async\" class=\"alignnone size-medium wp-image-5330\" src=\"https:\/\/binvex.com\/wp-content\/uploads\/2023\/09\/tch-21-e-three-heating-levels-and-thermostat-927d-300x300.jpg\" sizes=\"(max-width: 300px) 100vw, 300px\" srcset=\"https:\/\/binvex.com\/wp-content\/uploads\/2023\/09\/tch-21-e-three-heating-levels-and-thermostat-927d-300x300.jpg 300w, https:\/\/binvex.com\/wp-content\/uploads\/2023\/09\/tch-21-e-three-heating-levels-and-thermostat-927d-150x150.jpg 150w, https:\/\/binvex.com\/wp-content\/uploads\/2023\/09\/tch-21-e-three-heating-levels-and-thermostat-927d.jpg 500w\" alt=\"\" width=\"300\" height=\"300\" \/><\/p>\n<p>Podesiva tri nivoa grejanja: 800, 1.200 i 2.000 vati. Beskona\u010dno podesiv termostat \u2013 zahvaljujuc\u0301i automatskom re\u017eimu koji kontroli\u0161e termostat, ure\u0111aj se automatski uklju\u010duje i isklju\u010duje radi odr\u017eavanja temperature.<\/p>\n<p><img loading=\"lazy\" decoding=\"async\" class=\"alignnone size-medium wp-image-5331\" src=\"https:\/\/binvex.com\/wp-content\/uploads\/2023\/09\/Convector-TCH-21-E-goods-return-142583-1635502996-300x300.webp\" sizes=\"(max-width: 300px) 100vw, 300px\" srcset=\"https:\/\/binvex.com\/wp-content\/uploads\/2023\/09\/Convector-TCH-21-E-goods-return-142583-1635502996-300x300.webp 300w, https:\/\/binvex.com\/wp-content\/uploads\/2023\/09\/Convector-TCH-21-E-goods-return-142583-1635502996-150x150.webp 150w, https:\/\/binvex.com\/wp-content\/uploads\/2023\/09\/Convector-TCH-21-E-goods-return-142583-1635502996.webp 550w\" alt=\"\" width=\"300\" height=\"300\" \/><\/p>\n<p>Dr\u017eite sve pri ruci: Elegantne udubljene ru\u010dke \u010dine pozicioniranje ili skladi\u0161tenje ure\u0111aja prostom de\u010djom igrom. Ove ru\u010dke i mala te\u017eina konvektora olak\u0161avaju no\u0161enje ure\u0111aja iz sobe u sobu ili stavljanje u ormar za kratko vreme.<\/p>\n<p><img loading=\"lazy\" decoding=\"async\" class=\"alignnone size-medium wp-image-5333\" src=\"https:\/\/binvex.com\/wp-content\/uploads\/2023\/09\/tch-21-e-a7f6-300x300.jpg\" sizes=\"(max-width: 300px) 100vw, 300px\" srcset=\"https:\/\/binvex.com\/wp-content\/uploads\/2023\/09\/tch-21-e-a7f6-300x300.jpg 300w, https:\/\/binvex.com\/wp-content\/uploads\/2023\/09\/tch-21-e-a7f6-150x150.jpg 150w, https:\/\/binvex.com\/wp-content\/uploads\/2023\/09\/tch-21-e-a7f6.jpg 600w\" alt=\"nogice konvektorske grejalice\" width=\"300\" height=\"300\" \/><\/p>\n<p>Velike stope za sigurno podno\u017eje, uklju\u010dene u paket isporuke i spremne za ugradnju.<\/p>\n<p>Preostalu ponudu konvektorskih grejalica mo\u017eete pogledati na slede\u0107em linku:\u00a0KONVEKTORSKE GREJALICE<\/p>\n<\/div>\n<h3>Tehni\u010dke specifikacije:<\/h3>\n<p>Snaga grejanja<br \/>\nnivo 1: 800 W<br \/>\nnivo 2: 1200 W<br \/>\nnivo 3: 2000 W<br \/>\nMre\u017eni priklju\u010dak 220\u2013240 V \/ 50 Hz<br \/>\nMax. potro\u0161nja 2 kW<br \/>\nNazivna potro\u0161nja struje 8 A<br \/>\nTip uti\u010dnice Schuko CEE 7\/7<br \/>\nDu\u017eina kabla: 1,7m<br \/>\nNivo buke (na razdaljini od 1 m) 50 dB(A)<br \/>\nDimenzije (dubina x \u0161irina x visina) 172 x 530 x 378 mm<br \/>\nMinimalna udaljenost od zidova i drugih objekata<br \/>\ngore (A): 50 cm<br \/>\npozadi (B): 50 cm<br \/>\nsa strane (C): 50 cm<br \/>\nspreda (D): 50 cm<\/p>\n<p>Te\u017eina 3 kg<\/p>\n<h3>Proizvo\u0111a\u010d:<\/h3>\n<h3><a title=\"Trotec\" href=\"https:\/\/www.trotec.com\/\" target=\"_blank\" rel=\"noopener\"><img decoding=\"async\" title=\"Trotec\" src=\"https:\/\/binvex.com\/wp-content\/uploads\/2022\/03\/Trotec.jpg\" alt=\"Trotec\" \/><\/a><\/h3>\n<\/div>","protected":false},"excerpt":{"rendered":"<p>KONVEKTORSKE GREJALICE OD 2000 W SA TERMOSTATSKOM KONTROLOM KOJA \u0160TEDI ENERGIJU I RUKOVANJEM JEDNOSTAVNIM ZA KORISNIKA \u2013 TCH 21E Konvektorske grejalice TCH 21 E greju stambene i radne prostore koji se koriste samo privremeno ili koji nisu povezani sa sistemom centralnog grejanja brzim zagrevanjem i dizajnom prilago\u0111enim \u017eivotnom prostoru. Vizuelno privla\u010dan konvektor sa svojim modernim [&hellip;]<\/p>","protected":false},"featured_media":1554,"template":"","meta":{"_eb_attr":""},"product_brand":[],"product_cat":[28],"product_tag":[],"class_list":{"0":"post-1553","1":"product","2":"type-product","3":"status-publish","4":"has-post-thumbnail","6":"product_cat-konvektorske-grejalice","8":"first","9":"outofstock","10":"taxable","11":"shipping-taxable","12":"purchasable","13":"product-type-simple"},"_links":{"self":[{"href":"https:\/\/binvex.com\/en\/wp-json\/wp\/v2\/product\/1553","targetHints":{"allow":["GET"]}}],"collection":[{"href":"https:\/\/binvex.com\/en\/wp-json\/wp\/v2\/product"}],"about":[{"href":"https:\/\/binvex.com\/en\/wp-json\/wp\/v2\/types\/product"}],"wp:featuredmedia":[{"embeddable":true,"href":"https:\/\/binvex.com\/en\/wp-json\/wp\/v2\/media\/1554"}],"wp:attachment":[{"href":"https:\/\/binvex.com\/en\/wp-json\/wp\/v2\/media?parent=1553"}],"wp:term":[{"taxonomy":"product_brand","embeddable":true,"href":"https:\/\/binvex.com\/en\/wp-json\/wp\/v2\/product_brand?post=1553"},{"taxonomy":"product_cat","embeddable":true,"href":"https:\/\/binvex.com\/en\/wp-json\/wp\/v2\/product_cat?post=1553"},{"taxonomy":"product_tag","embeddable":true,"href":"https:\/\/binvex.com\/en\/wp-json\/wp\/v2\/product_tag?post=1553"}],"curies":[{"name":"wp","href":"https:\/\/api.w.org\/{rel}","templated":true}]}}