{"id":1548,"date":"2023-12-03T17:36:33","date_gmt":"2023-12-03T16:36:33","guid":{"rendered":"https:\/\/dev-binvex.pantheonsite.io\/?post_type=product&#038;p=1548"},"modified":"2025-10-24T09:22:01","modified_gmt":"2025-10-24T07:22:01","slug":"konvektorske-grejalice-tch-23e-trotec","status":"publish","type":"product","link":"https:\/\/binvex.com\/en\/p\/konvektorske-grejalice-tch-23e-trotec\/","title":{"rendered":"KONVEKTORSKE GREJALICE TCH 23E \u2013 TROTEC"},"content":{"rendered":"<div class=\"content\">\n<h3><a href=\"https:\/\/uk.trotec.com\/products-services\/machinery-homecomfort\/heating\/convectors-tch-e-series\/tch23e\/\" target=\"_blank\" rel=\"noopener\">DVOSTEPENA TOPLOTA OD 2.000 W SA TURBO VENTILATOROM, TERMOSTATOM KOJI \u0160TEDI ENERGIJU I RUKOVANJEM JEDNOSTAVNIM ZA KORISNIKA \u2013 TCH 23E<\/a><\/h3>\n<p>Konvektorske grejalice TCH 23 E pru\u017eaju prostoru i radnom okru\u017eenju koji se retko koriste ili koji nisu povezani sa sistemom centralnog grejanja energetski efikasno zagrevanje. Istovremeno, vizuelno privla\u010dan konvektor uverava svojim modernim dizajnom proizvoda, jasnim oblicima i lakoc\u0301om upotrebe. Uklju\u010dite, podesite temperaturu i u\u017eivajte u prijatnoj konvekcijskoj toploti u trenu. Inteligentna funkcija automatskog grejanja potpuno automatski reguli\u0161e sobnu temperaturu i na taj na\u010din smanjuje potro\u0161nju elektri\u010dne energije na minimum.<\/p>\n<p>&nbsp;<\/p>\n<p><img fetchpriority=\"high\" decoding=\"async\" class=\"alignnone wp-image-5346\" src=\"https:\/\/binvex.com\/wp-content\/uploads\/2023\/09\/tch-21-e-three-heating-levels-and-thermostat-927d-1-278x300.jpg\" sizes=\"(max-width: 543px) 100vw, 543px\" srcset=\"https:\/\/binvex.com\/wp-content\/uploads\/2023\/09\/tch-21-e-three-heating-levels-and-thermostat-927d-1-278x300.jpg 278w, https:\/\/binvex.com\/wp-content\/uploads\/2023\/09\/tch-21-e-three-heating-levels-and-thermostat-927d-1.jpg 556w\" alt=\"karakteristike konvekotrske grejalice TCH 23 E\" width=\"543\" height=\"586\" \/><\/p>\n<h3>Integrisana kontrola tro\u0161kova konvektorske grejalice: kontrola termostata za u\u0161tedu energije<\/h3>\n<p>Dvostepeni grejni element sa izbornom snagom grejanja od 1.000 ili 2.000 vati omoguc\u0301ava brzo zagrevanje prostorija veli\u010dine do 24 m\u00b2 i 60 m\u00b3 \u2013 na primer kao dodatni greja\u010d u dnevnim sobama ili spavac\u0301im sobama ili kao brz -reaktivni greja\u010d za grejanje hobi prostorija, zimskih vrtova, radionica, gara\u017ea i podruma.<\/p>\n<p>Integrisana kontrola termostata pomoc\u0301u koje se unutra\u0161nja temperatura potpuno automatski reguli\u0161e na \u017eeljenu ciljnu vrednost je podjednako prakti\u010dna i \u0161tedi energiju. \u017deljeni nivo temperature se lako pode\u0161ava preko rotacionog termostata koji je montiran sa strane. Inteligentni temperaturni senzori kontinuirano prate sobnu temperaturu i shodno tome reguli\u0161u izlaz toplote \u017eeljene temperature. Kada se postigne \u017eeljena temperatura, elektri\u010dni grejni element se isklju\u010duje sve dok nije potreban drugi ciklus grejanja prostorije. Ovo \u0161tedi tro\u0161kove elektri\u010dne energije i \u010dini upotrebu ure\u0111aja za grejanje prijatno ekonomi\u010dnom \u2013 uprkos povec\u0301anim tro\u0161kovima energije.<\/p>\n<h3>Prijatne temperature pri turbo brzini<\/h3>\n<p>U hladnim danima \u017eelite da se prostorija zagreje \u0161to je br\u017ee moguc\u0301e. Zbog toga je konvektor TCH 23 E opremljen turbo ventilatorom u oba nivoa grejanja za ubrzanu cirkulaciju i distribuciju toplog vazduha.<\/p>\n<h3>Prijatno tople sobne temperature \u2013 lako i bez ikakvih komplikacija<\/h3>\n<p>Kao i svi konvektori serije TCH-E, TCH 23 E tako\u0111e radi sa efektom ravnomerne konvekcijske toplote. Sobni vazduh se zagreva u ure\u0111aju pomoc\u0301u elektri\u010dnih greja\u010da i tako se podi\u017ee kao topli vazduh, stvarajuc\u0301i prirodno usisavanje koje dovodi do strujanja vazduha iz hladne prostorije u ure\u0111aj. To dovodi do trajne cirkulacije toplog vazduha do svih uglova cele prostorije. Toplota se ravnomerno raspore\u0111uje i optimalno se spre\u010dava prekomerno ili nedovoljno zagrevanje pojedinih povr\u0161ina. \u010cim se dostigne unapred pode\u0161eni nivo toplote, ure\u0111aj se isklju\u010duje i ponovo uklju\u010duje kada je potreban jo\u0161 jedan ciklus grejanja prostorije da bi se ponovo dostigla ciljna vrednost. Ovo rezultira toplotom koja ispunjava prostoriju i koja je \u2013 zahvaljujuc\u0301i elektri\u010dnom grejnom elementu \u2013 100% \u010dista, bez kondenzacije i mirisa.<\/p>\n<p><img decoding=\"async\" class=\"alignnone size-medium wp-image-5348\" src=\"https:\/\/binvex.com\/wp-content\/uploads\/2023\/09\/tch-23-e-heating-cycle-with-additional-turbo-blower-2657-226x300.jpg\" sizes=\"(max-width: 226px) 100vw, 226px\" srcset=\"https:\/\/binvex.com\/wp-content\/uploads\/2023\/09\/tch-23-e-heating-cycle-with-additional-turbo-blower-2657-226x300.jpg 226w, https:\/\/binvex.com\/wp-content\/uploads\/2023\/09\/tch-23-e-heating-cycle-with-additional-turbo-blower-2657-770x1024.jpg 770w, https:\/\/binvex.com\/wp-content\/uploads\/2023\/09\/tch-23-e-heating-cycle-with-additional-turbo-blower-2657-768x1021.jpg 768w, https:\/\/binvex.com\/wp-content\/uploads\/2023\/09\/tch-23-e-heating-cycle-with-additional-turbo-blower-2657.jpg 800w\" alt=\"na\u010din zagrevanja konvektorske grejalice TCH 23 E\" width=\"226\" height=\"300\" \/><\/p>\n<p>&nbsp;<\/p>\n<p>Gde god je potrebna \u010dista toplota \u2013 konvektor TCH 23 E obezbe\u0111uje brzo stvaranje toplote u pojedina\u010dnim prostorima, na primer kada je glavno grejanje nestalo, ili kao dodatni izvor toplote.<\/p>\n<p><img decoding=\"async\" class=\"alignnone size-medium wp-image-5350\" src=\"https:\/\/binvex.com\/wp-content\/uploads\/2023\/09\/tch-23-e-dimensions-9ede-300x300.jpg\" sizes=\"(max-width: 300px) 100vw, 300px\" srcset=\"https:\/\/binvex.com\/wp-content\/uploads\/2023\/09\/tch-23-e-dimensions-9ede-300x300.jpg 300w, https:\/\/binvex.com\/wp-content\/uploads\/2023\/09\/tch-23-e-dimensions-9ede-150x150.jpg 150w, https:\/\/binvex.com\/wp-content\/uploads\/2023\/09\/tch-23-e-dimensions-9ede.jpg 500w\" alt=\"dimenzije konvektorske grejalice TCH 23 E\" width=\"300\" height=\"300\" \/><\/p>\n<p>&nbsp;<\/p>\n<p>\u0160tedi prostor i ostavlja prostor da se osec\u0301ate dobro: iako kompaktni TCH 23 E konvektori mogu da obezbede toplotu u celoj prostoriji, oni se isti\u010du time \u0161to zahtevaju samo malo prostora.<\/p>\n<p><img loading=\"lazy\" decoding=\"async\" class=\"alignnone size-medium wp-image-5351\" src=\"https:\/\/binvex.com\/wp-content\/uploads\/2023\/09\/tch-23-e-two-heating-levels-turbo-blower-and-thermostat-f04b-300x300.jpg\" sizes=\"(max-width: 300px) 100vw, 300px\" srcset=\"https:\/\/binvex.com\/wp-content\/uploads\/2023\/09\/tch-23-e-two-heating-levels-turbo-blower-and-thermostat-f04b-300x300.jpg 300w, https:\/\/binvex.com\/wp-content\/uploads\/2023\/09\/tch-23-e-two-heating-levels-turbo-blower-and-thermostat-f04b-150x150.jpg 150w, https:\/\/binvex.com\/wp-content\/uploads\/2023\/09\/tch-23-e-two-heating-levels-turbo-blower-and-thermostat-f04b.jpg 500w\" alt=\"turbo ventilator konvektorske grejalice TCH 23E\" width=\"300\" height=\"300\" \/><\/p>\n<p>Dva nivoa grejanja podesiva: 1.000 i 2.000 vati. uklju\u010duju\u0107i turbo ventilator koji se aktivira na . Beskona\u010dno podesiv termostat \u2013 zahvaljujuc\u0301i automatskom re\u017eimu koji kontroli\u0161e termostat, ure\u0111aj se automatski uklju\u010duje i isklju\u010duje radi odr\u017eavanja temperature.<\/p>\n<p><img loading=\"lazy\" decoding=\"async\" class=\"alignnone size-medium wp-image-5352\" src=\"https:\/\/binvex.com\/wp-content\/uploads\/2023\/09\/tch-23-e-384d-300x300.jpg\" sizes=\"(max-width: 300px) 100vw, 300px\" srcset=\"https:\/\/binvex.com\/wp-content\/uploads\/2023\/09\/tch-23-e-384d-300x300.jpg 300w, https:\/\/binvex.com\/wp-content\/uploads\/2023\/09\/tch-23-e-384d-150x150.jpg 150w, https:\/\/binvex.com\/wp-content\/uploads\/2023\/09\/tch-23-e-384d.jpg 600w\" alt=\"za\u0161tita od prevrtanja konvektorske grejalice TCH 23E\" width=\"300\" height=\"300\" \/><\/p>\n<p>Za dvostruko vec\u0301u sigurnost tokom rada, TCH 23 E je opremljen za\u0161titom od pregrevanja i naginjanja. Ako se konvektor slu\u010dajno prevrne ili postane previ\u0161e vruc\u0301 zbog odec\u0301e koja je nemarno postavljena na ure\u0111aj, greja\u010d c\u0301e se automatski isklju\u010diti.<\/p>\n<p><img loading=\"lazy\" decoding=\"async\" class=\"alignnone size-medium wp-image-5333\" src=\"https:\/\/binvex.com\/wp-content\/uploads\/2023\/09\/tch-21-e-a7f6-300x300.jpg\" sizes=\"(max-width: 300px) 100vw, 300px\" srcset=\"https:\/\/binvex.com\/wp-content\/uploads\/2023\/09\/tch-21-e-a7f6-300x300.jpg 300w, https:\/\/binvex.com\/wp-content\/uploads\/2023\/09\/tch-21-e-a7f6-150x150.jpg 150w, https:\/\/binvex.com\/wp-content\/uploads\/2023\/09\/tch-21-e-a7f6.jpg 600w\" alt=\"nogice konvektorske grejalice\" width=\"300\" height=\"300\" \/><\/p>\n<p>Velike stope za sigurno podno\u017eje, uklju\u010dene u paket isporuke i spremne za ugradnju.WE<\/p>\n<p>Preostalu ponudu konvektorskih grejalica mo\u017eete pogledati na slede\u0107em linku:\u00a0<a href=\"https:\/\/binvex.com\/en\/konvektorske-grejalice\/\" target=\"_blank\" rel=\"noopener\">KONVEKTORSKE GREJALICE<\/a><\/p>\n<\/div>\n<h3>Tehni\u010dke specifikacije:<\/h3>\n<p>Snaga grejanja<br \/>\nnivo 1: 1000 W<br \/>\nnivo 2: 2000 W<br \/>\nMre\u017eni priklju\u010dak 220\u2013240 V \/ 50 Hz<br \/>\nMax. potro\u0161nja 2 kW<br \/>\nDu\u017eina kabla: 1,7m<br \/>\nNazivna potro\u0161nja struje 8 A<br \/>\nTip uti\u010dnice Schuko CEE 7\/7<br \/>\nNivo buke (na razdaljini od 1 m) 50 dB(A)<br \/>\nDimenzije (dubina x \u0161irina x visina) 172 x 530 x 378 mm<br \/>\nMinimalna udaljenost od zidova i drugih objekata<br \/>\ngore (A): 50 cm<br \/>\npozadi (B): 50 cm<br \/>\nsa strane (C): 50 cm<br \/>\nspreda (D): 50 cm<\/p>\n<p>Te\u017eina 3 kg<\/p>\n<h3>Proizvo\u0111a\u010d:<\/h3>\n<p><a title=\"Trotec\" href=\"https:\/\/www.trotec.com\/\" target=\"_blank\" rel=\"noopener\"><img decoding=\"async\" title=\"Trotec\" src=\"https:\/\/binvex.com\/wp-content\/uploads\/2022\/03\/Trotec.jpg\" alt=\"Trotec\" \/><\/a><\/p>","protected":false},"excerpt":{"rendered":"<p>DVOSTEPENA TOPLOTA OD 2.000 W SA TURBO VENTILATOROM, TERMOSTATOM KOJI \u0160TEDI ENERGIJU I RUKOVANJEM JEDNOSTAVNIM ZA KORISNIKA \u2013 TCH 23E Konvektorske grejalice TCH 23 E pru\u017eaju prostoru i radnom okru\u017eenju koji se retko koriste ili koji nisu povezani sa sistemom centralnog grejanja energetski efikasno zagrevanje. Istovremeno, vizuelno privla\u010dan konvektor uverava svojim modernim dizajnom proizvoda, jasnim [&hellip;]<\/p>","protected":false},"featured_media":1549,"template":"","meta":{"_eb_attr":""},"product_brand":[],"product_cat":[28],"product_tag":[],"class_list":{"0":"post-1548","1":"product","2":"type-product","3":"status-publish","4":"has-post-thumbnail","6":"product_cat-konvektorske-grejalice","8":"first","9":"outofstock","10":"taxable","11":"shipping-taxable","12":"purchasable","13":"product-type-simple"},"_links":{"self":[{"href":"https:\/\/binvex.com\/en\/wp-json\/wp\/v2\/product\/1548","targetHints":{"allow":["GET"]}}],"collection":[{"href":"https:\/\/binvex.com\/en\/wp-json\/wp\/v2\/product"}],"about":[{"href":"https:\/\/binvex.com\/en\/wp-json\/wp\/v2\/types\/product"}],"wp:featuredmedia":[{"embeddable":true,"href":"https:\/\/binvex.com\/en\/wp-json\/wp\/v2\/media\/1549"}],"wp:attachment":[{"href":"https:\/\/binvex.com\/en\/wp-json\/wp\/v2\/media?parent=1548"}],"wp:term":[{"taxonomy":"product_brand","embeddable":true,"href":"https:\/\/binvex.com\/en\/wp-json\/wp\/v2\/product_brand?post=1548"},{"taxonomy":"product_cat","embeddable":true,"href":"https:\/\/binvex.com\/en\/wp-json\/wp\/v2\/product_cat?post=1548"},{"taxonomy":"product_tag","embeddable":true,"href":"https:\/\/binvex.com\/en\/wp-json\/wp\/v2\/product_tag?post=1548"}],"curies":[{"name":"wp","href":"https:\/\/api.w.org\/{rel}","templated":true}]}}