{"id":1541,"date":"2023-12-03T17:32:13","date_gmt":"2023-12-03T16:32:13","guid":{"rendered":"https:\/\/dev-binvex.pantheonsite.io\/?post_type=product&#038;p=1541"},"modified":"2025-10-24T09:22:07","modified_gmt":"2025-10-24T07:22:07","slug":"konvektorske-grejalice-tch-2010e-trotec","status":"publish","type":"product","link":"https:\/\/binvex.com\/en\/p\/konvektorske-grejalice-tch-2010e-trotec\/","title":{"rendered":"KONVEKTORSKE GREJALICE TCH 2010E \u2013 TROTEC"},"content":{"rendered":"<h3><a href=\"https:\/\/rs.trotec.com\/proizvodi-i-usluge\/masine-homecomfort\/zagrijavanje\/konvektori-tch-e-serije\/tch-2010-e-tch-2011-e\/\" target=\"_blank\" rel=\"noopener\">STAKLENI KONVEKTOR TCH 2010 E<\/a><\/h3>\n<div class=\"content\">\n<p>Do 2.000 W grejne snage za \u010distu toplotu bez kondenzata i mirisa. Toplota koja se ose\u0107a, toplota koja se gleda. Ako \u017eelite da vam grejno telo bude vizuelna poslastica u stanu, preporu\u010dujemo vam ovaj elegantan vidni detalj &#8211; konvektorsku grejalicu TCH 2010 E.<\/p>\n<p>Idealno &#8211; i estetski atraktivno &#8211; re\u0161enje za zagrevanje kada u va\u0161im prostorijama \u017eelite tihu, brzu i \u010distu toplotu bez komplikacija. Prednja povr\u0161ina stilskog dizajnerskog re\u0161enja se sastoji od sigurnosnog stakla &#8211; otpornog na ogrebotine i posebno lakog za \u010di\u0161\u0107enje.<\/p>\n<p>Kvalitetnim staklenim konvektorom se jednostavno upravlja preko njegovog integrisanog Touch Panela ispod velikog LCD displeja sa pozadinskim osvetljenjem. Zahvaljuju\u0107i to\u010dki\u0107ima sa ko\u010dnicom, konvektor TCH 2010 E se mo\u017ee po \u017eelji fleksibilno pozicionirati u prostoriji.<\/p>\n<p>Ravnomerna konvekcijska toplota<br \/>\nKod konvektora iz serije TCH se vazduh greje unutar ure\u0111aja elektri\u010dno zagrevanim spiralama usled \u010dega se topao vazduh penje na gore, \u0161to posledi\u010dno izaziva prirodnu promaju koja uvla\u010di hladan vazduh u ure\u0111aj. Na ovaj na\u010din dobija se stalna cirkulacija toplog vazduha u celoj prostoriji, koja struji u svaki ugao. Toplota se svuda ravnomerno \u0161iri, \u010dime se spre\u010dava pregrevanje ili pothla\u0111ivanje pojedinih podru\u010dja. \u010cim pode\u0161eni nivo toplote bude dostignut, ure\u0111aj redukuje snagu i odr\u017eava \u017eeljenu temperaturu<\/p>\n<p><img fetchpriority=\"high\" decoding=\"async\" class=\"alignnone wp-image-1970\" src=\"https:\/\/binvex.com\/wp-content\/uploads\/2023\/12\/tch-2010-e-6010-min.jpg\" alt=\"\" width=\"555\" height=\"469\" srcset=\"https:\/\/binvex.com\/wp-content\/uploads\/2023\/12\/tch-2010-e-6010-min.jpg 800w, https:\/\/binvex.com\/wp-content\/uploads\/2023\/12\/tch-2010-e-6010-min-300x254.jpg 300w, https:\/\/binvex.com\/wp-content\/uploads\/2023\/12\/tch-2010-e-6010-min-768x649.jpg 768w, https:\/\/binvex.com\/wp-content\/uploads\/2023\/12\/tch-2010-e-6010-min-14x12.jpg 14w, https:\/\/binvex.com\/wp-content\/uploads\/2023\/12\/tch-2010-e-6010-min-600x507.jpg 600w\" sizes=\"(max-width: 555px) 100vw, 555px\" \/><\/p>\n<p>Sveobuhvatna oprema za sladokusce koji vode ra\u010duna o udobnosti<br \/>\nZa rad TCH 2010 E potrebna je samo jedna uti\u010dnica. Zatim je potrebno samo da na Touch Panelu odaberete \u017eeljenu ciljnu temperaturu izme\u0111u 15 i 35 \u00b0C, koja se zahvaljuju\u0107i termostatskom upravljanju nakon dostizanja energetski efikasno odr\u017eava. Aktuelna temperatura se automatski kontroli\u0161e. \u010cim pode\u0161eni nivo toplote bude dostignut, ure\u0111aj energetski efikasno redukuje snagu i odr\u017eava ovu temperaturu. Ovim modusom \u0161tednje se energija tro\u0161i uvek onoliko koliko je to stvarno potrebno.<\/p>\n<p>Osim dvostepenog upravljanja snage, kojim se prema individualnim preferencijama i sezonskim potrebama za toplotom pode\u0161ava snaga grejanja, konvektor poseduje pouzdanu za\u0161titu od pregrevanja kao i funkciju tajmera.<\/p>\n<p>Funkcija za\u0161tite od smrzavanja u vreme odmora ili drugog odsustvovanja spre\u010dava potpuno rashla\u0111ivanje prostorije. Svim funkcijama i pode\u0161avanjima se osim preko Touch Displeja mo\u017ee komforno upravljati preko prilo\u017eenog daljinskog upravlja\u010da.<\/p>\n<p>Upravo kao i svi ure\u0111aji iz TCH serije, i TCH 2010 E radi sa efektom ravnomerne konvekcijske toplote a tako\u0111e i on ima svoju primenu: kao brza zamena kod otkaza glavnog grejanja, kao pouzdano prelazno grejanje pre po\u010detka grejne sezone ili za zagrevanje prostorija koje nisu priklju\u010dene na centralno grejanje.<\/p>\n<p><img decoding=\"async\" class=\"alignnone size-medium wp-image-1971\" src=\"https:\/\/binvex.com\/wp-content\/uploads\/2023\/12\/tch-2010-e-u-dnevnoj-sobi-b0a8-min-300x300.jpg\" alt=\"\" width=\"300\" height=\"300\" srcset=\"https:\/\/binvex.com\/wp-content\/uploads\/2023\/12\/tch-2010-e-u-dnevnoj-sobi-b0a8-min-300x300.jpg 300w, https:\/\/binvex.com\/wp-content\/uploads\/2023\/12\/tch-2010-e-u-dnevnoj-sobi-b0a8-min-150x150.jpg 150w, https:\/\/binvex.com\/wp-content\/uploads\/2023\/12\/tch-2010-e-u-dnevnoj-sobi-b0a8-min-12x12.jpg 12w, https:\/\/binvex.com\/wp-content\/uploads\/2023\/12\/tch-2010-e-u-dnevnoj-sobi-b0a8-min-100x100.jpg 100w, https:\/\/binvex.com\/wp-content\/uploads\/2023\/12\/tch-2010-e-u-dnevnoj-sobi-b0a8-min.jpg 500w\" sizes=\"(max-width: 300px) 100vw, 300px\" \/><\/p>\n<\/div>\n<p>Jednostavno rukovanje: Preko Touch panela koji je integrisan u sigurnosnom staklu, mo\u017eete da podesite vrednost ciljane temperature izme\u0111u 15 i 35 \u00b0C za termostatski upravljani automatski re\u017eim rada.<br \/>\n<img decoding=\"async\" class=\"alignnone size-medium wp-image-1972\" src=\"https:\/\/binvex.com\/wp-content\/uploads\/2023\/12\/tch-2010-e-tch-2011-e-komandni-panel-7507-min-300x300.jpg\" alt=\"\" width=\"300\" height=\"300\" srcset=\"https:\/\/binvex.com\/wp-content\/uploads\/2023\/12\/tch-2010-e-tch-2011-e-komandni-panel-7507-min-300x300.jpg 300w, https:\/\/binvex.com\/wp-content\/uploads\/2023\/12\/tch-2010-e-tch-2011-e-komandni-panel-7507-min-150x150.jpg 150w, https:\/\/binvex.com\/wp-content\/uploads\/2023\/12\/tch-2010-e-tch-2011-e-komandni-panel-7507-min-12x12.jpg 12w, https:\/\/binvex.com\/wp-content\/uploads\/2023\/12\/tch-2010-e-tch-2011-e-komandni-panel-7507-min-100x100.jpg 100w, https:\/\/binvex.com\/wp-content\/uploads\/2023\/12\/tch-2010-e-tch-2011-e-komandni-panel-7507-min.jpg 500w\" sizes=\"(max-width: 300px) 100vw, 300px\" \/><\/p>\n<p>Na atraktivnom LCD displeju sa pozadinskim osvetljenjem se jasno o\u010ditava funkcija tajmera i prikaz aktuelne temperature prostorije.<\/p>\n<p><img loading=\"lazy\" decoding=\"async\" class=\"alignnone size-medium wp-image-1973\" src=\"https:\/\/binvex.com\/wp-content\/uploads\/2023\/12\/tch-2010-e-tch-2011-e-lcd-displej-4d29-min-300x300.jpg\" alt=\"\" width=\"300\" height=\"300\" srcset=\"https:\/\/binvex.com\/wp-content\/uploads\/2023\/12\/tch-2010-e-tch-2011-e-lcd-displej-4d29-min-300x300.jpg 300w, https:\/\/binvex.com\/wp-content\/uploads\/2023\/12\/tch-2010-e-tch-2011-e-lcd-displej-4d29-min-150x150.jpg 150w, https:\/\/binvex.com\/wp-content\/uploads\/2023\/12\/tch-2010-e-tch-2011-e-lcd-displej-4d29-min-12x12.jpg 12w, https:\/\/binvex.com\/wp-content\/uploads\/2023\/12\/tch-2010-e-tch-2011-e-lcd-displej-4d29-min-100x100.jpg 100w, https:\/\/binvex.com\/wp-content\/uploads\/2023\/12\/tch-2010-e-tch-2011-e-lcd-displej-4d29-min.jpg 500w\" sizes=\"(max-width: 300px) 100vw, 300px\" \/><\/p>\n<p>Svim funkcijama i pode\u0161avanjima se osim preko Touch Displeja mo\u017ee komforno upravljati pomo\u0107u prilo\u017eenog daljinskog upravlja\u010da.<\/p>\n<p><img loading=\"lazy\" decoding=\"async\" class=\"alignnone size-medium wp-image-1974\" src=\"https:\/\/binvex.com\/wp-content\/uploads\/2023\/12\/tch-2010-e-tch-2011-e-lcd-daljinski-upravljac-7a62-min-300x300.jpg\" alt=\"\" width=\"300\" height=\"300\" srcset=\"https:\/\/binvex.com\/wp-content\/uploads\/2023\/12\/tch-2010-e-tch-2011-e-lcd-daljinski-upravljac-7a62-min-300x300.jpg 300w, https:\/\/binvex.com\/wp-content\/uploads\/2023\/12\/tch-2010-e-tch-2011-e-lcd-daljinski-upravljac-7a62-min-150x150.jpg 150w, https:\/\/binvex.com\/wp-content\/uploads\/2023\/12\/tch-2010-e-tch-2011-e-lcd-daljinski-upravljac-7a62-min-12x12.jpg 12w, https:\/\/binvex.com\/wp-content\/uploads\/2023\/12\/tch-2010-e-tch-2011-e-lcd-daljinski-upravljac-7a62-min-100x100.jpg 100w, https:\/\/binvex.com\/wp-content\/uploads\/2023\/12\/tch-2010-e-tch-2011-e-lcd-daljinski-upravljac-7a62-min.jpg 500w\" sizes=\"(max-width: 300px) 100vw, 300px\" \/><\/p>\n<h3>Tehni\u010dke specifikacije:<\/h3>\n<p>Snaga grejanja<br \/>\nnivo 1: 1000 W<br \/>\nnivo 2: 2000 W<br \/>\nMre\u017eni priklju\u010dak 220\u2013240 V \/ 50-60 Hz<br \/>\nMax. potro\u0161nja 2,0 kW<br \/>\nDu\u017eina kabla: 1,5m<br \/>\nNazivna potro\u0161nja struje 10 A<br \/>\nTip uti\u010dnice Schuko CEE 7\/7<br \/>\nDimenzije (dubina x \u0161irina x visina) 260 x 840 x 490 mm<br \/>\nTe\u017eina 8 kg<\/p>\n<h3>Proizvo\u0111a\u010d:<br \/>\n<img loading=\"lazy\" decoding=\"async\" class=\"alignnone size-full wp-image-142\" src=\"https:\/\/binvex.com\/wp-content\/uploads\/2023\/11\/Trotec.jpg\" alt=\"\" width=\"236\" height=\"140\" \/><\/h3>","protected":false},"excerpt":{"rendered":"<p>STAKLENI KONVEKTOR TCH 2010 E Do 2.000 W grejne snage za \u010distu toplotu bez kondenzata i mirisa. Toplota koja se ose\u0107a, toplota koja se gleda. Ako \u017eelite da vam grejno telo bude vizuelna poslastica u stanu, preporu\u010dujemo vam ovaj elegantan vidni detalj &#8211; konvektorsku grejalicu TCH 2010 E. Idealno &#8211; i estetski atraktivno &#8211; re\u0161enje [&hellip;]<\/p>","protected":false},"featured_media":1975,"template":"","meta":{"_eb_attr":""},"product_brand":[],"product_cat":[28],"product_tag":[],"class_list":{"0":"post-1541","1":"product","2":"type-product","3":"status-publish","4":"has-post-thumbnail","6":"product_cat-konvektorske-grejalice","8":"first","9":"outofstock","10":"taxable","11":"shipping-taxable","12":"purchasable","13":"product-type-simple"},"_links":{"self":[{"href":"https:\/\/binvex.com\/en\/wp-json\/wp\/v2\/product\/1541","targetHints":{"allow":["GET"]}}],"collection":[{"href":"https:\/\/binvex.com\/en\/wp-json\/wp\/v2\/product"}],"about":[{"href":"https:\/\/binvex.com\/en\/wp-json\/wp\/v2\/types\/product"}],"wp:featuredmedia":[{"embeddable":true,"href":"https:\/\/binvex.com\/en\/wp-json\/wp\/v2\/media\/1975"}],"wp:attachment":[{"href":"https:\/\/binvex.com\/en\/wp-json\/wp\/v2\/media?parent=1541"}],"wp:term":[{"taxonomy":"product_brand","embeddable":true,"href":"https:\/\/binvex.com\/en\/wp-json\/wp\/v2\/product_brand?post=1541"},{"taxonomy":"product_cat","embeddable":true,"href":"https:\/\/binvex.com\/en\/wp-json\/wp\/v2\/product_cat?post=1541"},{"taxonomy":"product_tag","embeddable":true,"href":"https:\/\/binvex.com\/en\/wp-json\/wp\/v2\/product_tag?post=1541"}],"curies":[{"name":"wp","href":"https:\/\/api.w.org\/{rel}","templated":true}]}}