{"id":1527,"date":"2023-12-03T17:24:51","date_gmt":"2023-12-03T16:24:51","guid":{"rendered":"https:\/\/dev-binvex.pantheonsite.io\/?post_type=product&#038;p=1527"},"modified":"2025-04-08T10:52:28","modified_gmt":"2025-04-08T08:52:28","slug":"grejalica-za-kupatilo-touch-radialight-1800w","status":"publish","type":"product","link":"https:\/\/binvex.com\/en\/p\/grejalica-za-kupatilo-touch-radialight-1800w\/","title":{"rendered":"GREJALICA ZA KUPATILO TOUCH RADIALIGHT \u2013 1800W"},"content":{"rendered":"<div class=\"content\">\n<div class=\"content\">\n<p>Bezbedna, tiha i pametna: debljine samo 11 cm i ultra-ravnog dizajna, kupatilska grejalcia TOUCH dac\u0301e va\u0161em kupatilu dodir visoke tehnologije. Zahvaljujuc\u0301i potpuno obnovljenom mehanizmu za cirkulaciju vazduha, ova kupatilska grejalica je izuzetno tiha, istovremeno garantujuc\u0301i brzu, ravnomernu distribuciju toplote u va\u0161em kupatilu, kao i veoma brzo su\u0161enje va\u0161ih pe\u0161kira.<\/p>\n<p>Zaboravite hladno ili vla\u017eno kupatilo u rano jutro: TOUCH ima funkciju programiranja, da biste dobili savr\u0161eno zagrejano kupatilo u vreme kada to \u017eelite.<\/p>\n<h2>Kupatilska grejalica TOUCH \u2013 stil grejanja<\/h2>\n<p><img decoding=\"async\" class=\"alignnone wp-image-4570 size-medium\" src=\"https:\/\/binvex.com\/wp-content\/uploads\/2022\/03\/Touch-grejalica-za-kupatilo-300x150.png\" sizes=\"(max-width: 300px) 100vw, 300px\" srcset=\"https:\/\/binvex.com\/wp-content\/uploads\/2022\/03\/Touch-grejalica-za-kupatilo-300x150.png 300w, https:\/\/binvex.com\/wp-content\/uploads\/2022\/03\/Touch-grejalica-za-kupatilo.png 600w\" alt=\"kupatilska grejalica TOUCH stil grejanja\" width=\"300\" height=\"150\" \/><\/p>\n<p>Sa ugra\u0111enim senzorom za prisustvo, TOUCH c\u0301e grejati samo kada je potrebno, izbegavajuc\u0301i nepotrebno tro\u0161enje energije. 10 minuta nakon \u0161to iza\u0111ete iz kupatila, TOUCH c\u0301e automatski prec\u0301i u ECO re\u017eim (3,5\u00b0C ni\u017ee od pode\u0161avanja na ambijentalnom termostatu), \u010dime se smanjuje potro\u0161nja. Naravno, \u010dim detektuje nekoga u prostoriji, TOUCH c\u0301e automatski vratiti temperaturu na pode\u0161eni nivo udobnosti. Alternativno, mo\u017eete koristiti TOUCH u programiranom re\u017eimu, da biste imali temperaturu koju \u017eelite u vreme kada to \u017eelite.<\/p>\n<h2>Kupatilska grejalcia TOUCH \u2013 kontrole<\/h2>\n<p><img decoding=\"async\" class=\"alignnone wp-image-4569 size-medium\" src=\"https:\/\/binvex.com\/wp-content\/uploads\/2022\/03\/Touch-kontrole-300x150.png\" sizes=\"(max-width: 300px) 100vw, 300px\" srcset=\"https:\/\/binvex.com\/wp-content\/uploads\/2022\/03\/Touch-kontrole-300x150.png 300w, https:\/\/binvex.com\/wp-content\/uploads\/2022\/03\/Touch-kontrole.png 600w\" alt=\"kupatilska grejalica TOUCH kontrole\" width=\"300\" height=\"150\" \/><\/p>\n<p>A \u2013 Senzor prisustva<br \/>\nB \u2013 Displej<br \/>\nC \u2013 Taster +<br \/>\nD \u2013 Taster \u2013<br \/>\nE \u2013 Pode\u0161avanja<br \/>\nF \u2013 Funkcija protiv smrzavanja<br \/>\nG \u2013 Programiranje<br \/>\nH \u2013 Stand-by prekida\u010d<br \/>\nI \u2013 LED indikator aktivacije re\u017eima protiv smrzavanja<br \/>\nJ \u2013 LED indikator aktivacije programiranog re\u017eima<br \/>\nK \u2013 Radni LED indikator<\/p>\n<h2>Kupatilska grejalica TOUCH \u2013 tehni\u010dke karakteristike<\/h2>\n<p>* Kontrole na ekranu osetljivom na dodir + LED displej, za precizno pode\u0161avanje potrebne temperature<\/p>\n<p>* Senzor prisustva ugra\u0111en u proizvod, za grejanje samo kada je potrebno, \u010dime se izbegava skupo tro\u0161enje energije<\/p>\n<p>* Funkcija nedeljnog programiranja<\/p>\n<p>* Ugra\u0111ena \u0161ina za pe\u0161kire + 4 kuke skrivene u zadnjem delu jedinice, za su\u0161enje dodatnih pe\u0161kira<\/p>\n<p>* Ultra ravan dizajn \u2013 debljine samo 11 cm kada se montira na zid<\/p>\n<p>* Filter za pra\u0161inu koji se mo\u017ee ukloniti<\/p>\n<p>* IP24 za\u0161tita od prskane vode, idealna za ugradnju u vla\u017ene prostore<\/p>\n<p>* Idealno za kupatilo bilo koje veli\u010dine<\/p>\n<p>Da izaberete pravi model i zamislite svoje kupatilo bez odlaska u salon sa najmodernijim grejalicama za kupatilo i su\u0161a\u010dima za pe\u0161kire za vas smo pripremili virtuelnu projekciju kupatila kojom pristupate klikom na sliku:<\/p>\n<h4>KREIRAJTE URE\u0110ENJE VA\u0160EG KUPATILA SAMI<\/h4>\n<p><a href=\"https:\/\/showroom.radialight.com\/index.html\" target=\"_blank\" rel=\"noopener\"><img fetchpriority=\"high\" decoding=\"async\" class=\"alignnone wp-image-2281\" src=\"https:\/\/binvex.com\/wp-content\/uploads\/2020\/01\/room-300x146.jpg\" sizes=\"(max-width: 384px) 100vw, 384px\" srcset=\"https:\/\/binvex.com\/wp-content\/uploads\/2020\/01\/room-300x146.jpg 300w, https:\/\/binvex.com\/wp-content\/uploads\/2020\/01\/room-768x374.jpg 768w, https:\/\/binvex.com\/wp-content\/uploads\/2020\/01\/room-1024x498.jpg 1024w, https:\/\/binvex.com\/wp-content\/uploads\/2020\/01\/room.jpg 1464w\" alt=\"\" width=\"384\" height=\"187\" \/><\/a><\/p>\n<\/div>\n<h2>Tehni\u010dke specifikacije:<\/h2>\n<p>Dimenzije (\u0160xVxD): 50,0 x 30,0 x 11,0 cm<br \/>\nSnaga na 230V: 1800W<br \/>\nKontrole na dodir: Da<br \/>\nElektronski termostat: Da<br \/>\nNeto te\u017eina: 2,6 kg<br \/>\nBoja: Bela sa sivim dr\u017ea\u010dem za pe\u0161kire<\/p>\n<\/div>","protected":false},"excerpt":{"rendered":"<p>Bezbedna, tiha i pametna: debljine samo 11 cm i ultra-ravnog dizajna, kupatilska grejalcia TOUCH dac\u0301e va\u0161em kupatilu dodir visoke tehnologije. Zahvaljujuc\u0301i potpuno obnovljenom mehanizmu za cirkulaciju vazduha, ova kupatilska grejalica je izuzetno tiha, istovremeno garantujuc\u0301i brzu, ravnomernu distribuciju toplote u va\u0161em kupatilu, kao i veoma brzo su\u0161enje va\u0161ih pe\u0161kira. Zaboravite hladno ili vla\u017eno kupatilo u [&hellip;]<\/p>","protected":false},"featured_media":1533,"template":"","meta":{"_eb_attr":""},"product_brand":[],"product_cat":[30],"product_tag":[],"class_list":{"0":"post-1527","1":"product","2":"type-product","3":"status-publish","4":"has-post-thumbnail","6":"product_cat-grejalice-za-kupatilo","8":"first","9":"instock","10":"taxable","11":"shipping-taxable","12":"purchasable","13":"product-type-simple"},"_links":{"self":[{"href":"https:\/\/binvex.com\/en\/wp-json\/wp\/v2\/product\/1527","targetHints":{"allow":["GET"]}}],"collection":[{"href":"https:\/\/binvex.com\/en\/wp-json\/wp\/v2\/product"}],"about":[{"href":"https:\/\/binvex.com\/en\/wp-json\/wp\/v2\/types\/product"}],"wp:featuredmedia":[{"embeddable":true,"href":"https:\/\/binvex.com\/en\/wp-json\/wp\/v2\/media\/1533"}],"wp:attachment":[{"href":"https:\/\/binvex.com\/en\/wp-json\/wp\/v2\/media?parent=1527"}],"wp:term":[{"taxonomy":"product_brand","embeddable":true,"href":"https:\/\/binvex.com\/en\/wp-json\/wp\/v2\/product_brand?post=1527"},{"taxonomy":"product_cat","embeddable":true,"href":"https:\/\/binvex.com\/en\/wp-json\/wp\/v2\/product_cat?post=1527"},{"taxonomy":"product_tag","embeddable":true,"href":"https:\/\/binvex.com\/en\/wp-json\/wp\/v2\/product_tag?post=1527"}],"curies":[{"name":"wp","href":"https:\/\/api.w.org\/{rel}","templated":true}]}}