{"id":1505,"date":"2023-12-03T17:21:55","date_gmt":"2023-12-03T16:21:55","guid":{"rendered":"https:\/\/dev-binvex.pantheonsite.io\/?post_type=product&#038;p=1505"},"modified":"2025-04-08T10:52:40","modified_gmt":"2025-04-08T08:52:40","slug":"grejalica-za-kupatilo-windy-radialight-1800w","status":"publish","type":"product","link":"https:\/\/binvex.com\/en\/p\/grejalica-za-kupatilo-windy-radialight-1800w\/","title":{"rendered":"GREJALICA ZA KUPATILO WINDY RADIALIGHT \u2013 1800W"},"content":{"rendered":"<div class=\"content\">\n<div class=\"content\">\n<h3><a href=\"https:\/\/www.radialight.com\/en\/products-range\/electric-heating-products\/heat-your-bathroom\/wall-mounted-bathroom-fan-heater-windy-1800w\" target=\"_blank\" rel=\"noopener\">ZIDNA KUPATILSKA GREJALICA \u2013 WINDY<\/a><\/h3>\n<p>Radialight predstavlja WINDY \u2013 ultra tanka zidna kupatilska grejalica sa digitalnim kontrolama i funkcijama za u\u0161tedu energije.<\/p>\n<p>Potpuno nova generacija kupatilske grejalice WINDY poseduje tehnologiju visokih performansi za precizno i personalizovano upravljanje toplotnim komforom va\u0161eg kupatila i va\u0161e svakodnevne rutine. Radialight je dizajnirao i kreirao proizvod koji mo\u017ee da \u0161iri prijatnu toplinu u va\u0161em kupatilu za samo nekoliko minuta, sposoban da osu\u0161i i zagreje va\u0161e pe\u0161kire i istovremeno ukrasi va\u0161e sobe u elegantnom i modernom stilu.<\/p>\n<p>Zahvaljujuc\u0301i dnevnom i nedeljnom programiranju, kona\u010dno mo\u017eete da se pozdravite sa hladnim bu\u0111enjima: toplota koju emituje WINDY je prilagodljiva va\u0161oj dnevnoj rutini, za kupatilo koje je uvek udobno i spremno da vas do\u010deka.<\/p>\n<p>Izaberite najbolje me\u0111u grejalicama za kupatilo: izaberite WINDY.<\/p>\n<h2>Kupatilska grejalica WINDY \u2013 stil grejanja<\/h2>\n<p><img decoding=\"async\" class=\"alignnone size-medium wp-image-4667\" src=\"https:\/\/binvex.com\/wp-content\/uploads\/2022\/03\/windy-kupatilska-grejalica-stil-grejanja-300x151.jpg\" sizes=\"(max-width: 300px) 100vw, 300px\" srcset=\"https:\/\/binvex.com\/wp-content\/uploads\/2022\/03\/windy-kupatilska-grejalica-stil-grejanja-300x151.jpg 300w, https:\/\/binvex.com\/wp-content\/uploads\/2022\/03\/windy-kupatilska-grejalica-stil-grejanja.jpg 550w\" alt=\"kupatilska grejalica windy stil grejanja\" width=\"300\" height=\"151\" \/><\/p>\n<p>Smanjite potro\u0161nju: WINDY pode\u0161avanja za upravljanje toplotom c\u0301e omoguc\u0301iti u\u0161tedu energije bez \u017ertvovanja udobnosti. Nivo temperature kontroli\u0161e precizan digitalni termostat, koji omoguc\u0301ava ravnomernu distribuciju toplote unutar kupatila. Integrisani senzor prisustva \u010dini Vindi prakti\u010dno autonomnim. Toplota c\u0301e se emitovati samo kada je neko u kupatilu. 10 minuta nakon \u0161to iza\u0111ete iz kupatila, grejalica c\u0301e se automatski postaviti na ECO funkciju (3,5 \u00b0C manje od pode\u0161ene temperature na digitalnom termostatu). Kada se vratite u kupatilo, temperatura se vra\u0107a na originalno pode\u0161enu vrednost. Ova opcija je neophodna da bi se obezbedila dosledna u\u0161teda energije i uvek garantovala ugodna temperatura.<\/p>\n<p>Zahvaljujuc\u0301i senzoru za otkrivanje otvorenog prozora, grejalica nec\u0301e dozvoliti da toplota nepotrebno pobegne. Automatski se postavlja u re\u017eim bez mraza dok se rasipanje energije ne prekine.<\/p>\n<p>Dnevno programiranje i 5 unapred pode\u0161enih nedeljnih programa pru\u017eic\u0301e vam dodatnu pomoc\u0301 da smanjite potro\u0161nju energije. Ova inovativni kupatilska grejalica se mo\u017ee tako prilagoditi va\u0161em \u017eivotnom ritmu i rasporedima, \u0161irec\u0301i toplotu samo kada je to potrebno.<\/p>\n<h2>Kontrola\u00a0grejalice<\/h2>\n<p><img decoding=\"async\" class=\"alignnone size-medium wp-image-4668\" src=\"https:\/\/binvex.com\/wp-content\/uploads\/2022\/03\/windy-kupatilska-grejalica-kontrole-300x151.jpg\" sizes=\"(max-width: 300px) 100vw, 300px\" srcset=\"https:\/\/binvex.com\/wp-content\/uploads\/2022\/03\/windy-kupatilska-grejalica-kontrole-300x151.jpg 300w, https:\/\/binvex.com\/wp-content\/uploads\/2022\/03\/windy-kupatilska-grejalica-kontrole.jpg 550w\" alt=\"\" width=\"300\" height=\"151\" \/><\/p>\n<p>Windy se odlikuje lakoc\u0301om kontrola na ekranu osetljivom na dodir, integrisanih u prednju povr\u0161inu proizvoda. Pomoc\u0301u njih mo\u017eete da birate razli\u010dite nivoe temperature, podesite nedeljni program, proverite temperaturu okoline u prostoriji ili jednostavno aktivirate automatsku funkciju brzog zagrevanja pritiskom na dugme BOOST.<\/p>\n<p>Dizajn i funkcionalnosti stvoreni da ugode u svako godi\u0161nje doba.<\/p>\n<p>\u2013 Detektor senzora prisustva<br \/>\n\u2013 LED indikator u re\u017eimu Anti Frost, ECO ili COMFORT<br \/>\n\u2013 LCD displej<br \/>\n\u2013 BOOST Ultra-Fast funkcija grejanja<br \/>\n\u2013 bira\u010d re\u017eima rada<br \/>\n\u2013 Nedeljni program<br \/>\n\u2013 Stand-by prekida\u010d<\/p>\n<p>Preostalu ponudu grejalica za kupatilo pogledajte na linku:\u00a0KUPATILSKE GREJALICE<\/p>\n<p>Da izaberete pravi model i zamislite svoje kupatilo bez odlaska u salon sa najmodernijim grejalicama za kupatilo i su\u0161a\u010dima za pe\u0161kire za vas smo pripremili virtuelnu projekciju kupatila kojom pristupate klikom na sliku:<\/p>\n<h4>KREIRAJTE URE\u0110ENJE VA\u0160EG KUPATILA SAMI<\/h4>\n<p><a href=\"https:\/\/showroom.radialight.com\/index.html\" target=\"_blank\" rel=\"noopener\"><img fetchpriority=\"high\" decoding=\"async\" class=\"alignnone wp-image-2281\" src=\"https:\/\/binvex.com\/wp-content\/uploads\/2020\/01\/room-300x146.jpg\" sizes=\"(max-width: 384px) 100vw, 384px\" srcset=\"https:\/\/binvex.com\/wp-content\/uploads\/2020\/01\/room-300x146.jpg 300w, https:\/\/binvex.com\/wp-content\/uploads\/2020\/01\/room-768x374.jpg 768w, https:\/\/binvex.com\/wp-content\/uploads\/2020\/01\/room-1024x498.jpg 1024w, https:\/\/binvex.com\/wp-content\/uploads\/2020\/01\/room.jpg 1464w\" alt=\"\" width=\"384\" height=\"187\" \/><\/a><\/p>\n<\/div>\n<h2>Tehni\u010dke specifikacije:<\/h2>\n<p>Dimenzije (\u0160xVxD): 31,8 x 40,3 x 11,2 cm<\/p>\n<p>Te\u017eina: 2,6 kg<\/p>\n<p>Snaga: 1800\/1000W<\/p>\n<p>Boja: sjajno bela sa aluminijumskim su\u0161a\u010dima za pe\u0161kire<\/p>\n<p>EAN: 8019250595015<\/p>\n<p>Kontrole na ekranu osetljivom na dodir + LED displej, za precizno regulisanje \u017eeljene temperature okoline<\/p>\n<p>5 unapred pode\u0161enih nedeljnih programa, 4 re\u017eima rada: KOMFOR, AUTO, PROGRAMIRANI, ANTIFRIZ<\/p>\n<p>Detektor senzora prisustva integrisan u proizvod, za grejanje samo kada je potrebno, izbegavajuc\u0301i rasipanje energije<\/p>\n<p>BOOST funkcija za ultra-brzo zagrevanje<\/p>\n<p>Ultra ravan dizajn: samo 11,2 cm debljine kada se montira na zid<\/p>\n<p>Filter za pra\u0161inu koji se mo\u017ee ukloniti i prati sa integrisanim alarmom za \u010di\u0161c\u0301enje filtera<\/p>\n<p>Dvostruka elektri\u010dna izolacija<\/p>\n<p>Elektronski termostat<\/p>\n<p>Stepen za\u0161tite IP24 od prskanja vode, tako da je savr\u0161en za ugradnju u kupatilo i vla\u017eno okru\u017eenje<\/p>\n<p>Komplet za instalaciju uklju\u010den<\/p>\n<p>Savr\u0161eno za bilo koju veli\u010dinu kupatila<\/p>\n<p>EcoDESIGN 2018 Lot 20 uskla\u0111en<\/p>\n<\/div>","protected":false},"excerpt":{"rendered":"<p>ZIDNA KUPATILSKA GREJALICA \u2013 WINDY Radialight predstavlja WINDY \u2013 ultra tanka zidna kupatilska grejalica sa digitalnim kontrolama i funkcijama za u\u0161tedu energije. Potpuno nova generacija kupatilske grejalice WINDY poseduje tehnologiju visokih performansi za precizno i personalizovano upravljanje toplotnim komforom va\u0161eg kupatila i va\u0161e svakodnevne rutine. Radialight je dizajnirao i kreirao proizvod koji mo\u017ee da \u0161iri [&hellip;]<\/p>","protected":false},"featured_media":1519,"template":"","meta":{"_eb_attr":""},"product_brand":[],"product_cat":[30],"product_tag":[],"class_list":{"0":"post-1505","1":"product","2":"type-product","3":"status-publish","4":"has-post-thumbnail","6":"product_cat-grejalice-za-kupatilo","8":"first","9":"instock","10":"taxable","11":"shipping-taxable","12":"purchasable","13":"product-type-simple"},"_links":{"self":[{"href":"https:\/\/binvex.com\/en\/wp-json\/wp\/v2\/product\/1505","targetHints":{"allow":["GET"]}}],"collection":[{"href":"https:\/\/binvex.com\/en\/wp-json\/wp\/v2\/product"}],"about":[{"href":"https:\/\/binvex.com\/en\/wp-json\/wp\/v2\/types\/product"}],"wp:featuredmedia":[{"embeddable":true,"href":"https:\/\/binvex.com\/en\/wp-json\/wp\/v2\/media\/1519"}],"wp:attachment":[{"href":"https:\/\/binvex.com\/en\/wp-json\/wp\/v2\/media?parent=1505"}],"wp:term":[{"taxonomy":"product_brand","embeddable":true,"href":"https:\/\/binvex.com\/en\/wp-json\/wp\/v2\/product_brand?post=1505"},{"taxonomy":"product_cat","embeddable":true,"href":"https:\/\/binvex.com\/en\/wp-json\/wp\/v2\/product_cat?post=1505"},{"taxonomy":"product_tag","embeddable":true,"href":"https:\/\/binvex.com\/en\/wp-json\/wp\/v2\/product_tag?post=1505"}],"curies":[{"name":"wp","href":"https:\/\/api.w.org\/{rel}","templated":true}]}}