{"id":1432,"date":"2023-12-03T17:01:49","date_gmt":"2023-12-03T16:01:49","guid":{"rendered":"https:\/\/dev-binvex.pantheonsite.io\/?post_type=product&#038;p=1432"},"modified":"2025-04-08T10:53:15","modified_gmt":"2025-04-08T08:53:15","slug":"grejalica-za-kupatilo-bali-radialight-2000w","status":"publish","type":"product","link":"https:\/\/binvex.com\/en\/p\/grejalica-za-kupatilo-bali-radialight-2000w\/","title":{"rendered":"GREJALICA ZA KUPATILO BALI RADIALIGHT \u2013 2000W"},"content":{"rendered":"<h3><a href=\"https:\/\/www.radialight.com\/en\/products-range\/electric-heating-products\/heat-your-bathroom\/bathroom-digital-metal-fan-heater-bali\" target=\"_blank\" rel=\"noopener noreferrer\">KUPATILSKA GREJALICA BALI RADIALIGHT \u2013 2000W<\/a><\/h3>\n<h3>ZIDNA GREJALICA ZA KUPATILO SA METALNIM KUC\u0301I\u0160TEM I ELEKTRONSKIM KOMANDAMA<\/h3>\n<p>Su\u0161tina\u00a0<strong>dizajna<\/strong>,\u00a0<strong>sigurnosti<\/strong>\u00a0i\u00a0<strong>tehnologije<\/strong>\u00a0za va\u0161u udobnost u kupatilu. BALI je\u00a0<strong>zidna grejalica\u00a0 sa ventilatorom za kupatilo<\/strong>, dizajnirana da obezbedi najvec\u0301u sigurnost. Zato \u0161to je va\u0161 mir najva\u017eniji za\u00a0<strong>Radialight<\/strong>; ova kupatilska grejalica ima potpuno\u00a0<strong>metalno telo<\/strong>\u00a0presvu\u010deno prahom obezbe\u0111uje robusnost i najvec\u0301u za\u0161titu od pregrevanja. Njegova\u00a0<strong>kompaktna veli\u010dina<\/strong>\u00a0(samo 30 cm) i IP24 nivo za\u0161tite od vlage zna\u010de da se lako mo\u017ee ugraditi \u010dak i u najmanje kupatilo.<\/p>\n<p>BALI c\u0301e biti va\u0161 najvec\u0301i saveznik kada se probudite i osetite njegovu toplinu, \u010dak i u najhladnijim zimskim danima. Na\u0161e istra\u017eivanje vam pru\u017ea\u00a0<strong>pametan proizvod<\/strong>\u00a0koji poma\u017ee u u\u0161tedi za odr\u017eiviji razvoj.<\/p>\n<p><strong>Sofisticirane elektronske funkcije<\/strong>, koje su u skladu sa direktivom EU ECODESIGN iz 2018. za proizvode vezane za energiju, poma\u017eu vam da ograni\u010dite potro\u0161nju energije, jer se BALI prilago\u0111ava va\u0161em \u017eivotnom stilu, dajuc\u0301i vam samo onoliko toplote koliko vam je potrebno, kada vam je potrebna.<\/p>\n<p><strong>Podesite temperaturu<\/strong>\u00a0koju \u017eelite sa izuzetnom precizno\u0161c\u0301u.\u00a0<strong>Programirajte<\/strong>\u00a0svoju udobnost 24 SATA DNEVNO I 7 DANA U NEDELJI, samo kada je to potrebno. Zagrejte kupatilo za nekoliko minuta, kada je to potrebno, koristec\u0301i funkciju\u00a0<strong>BOOST<\/strong>.<\/p>\n<p><img fetchpriority=\"high\" decoding=\"async\" class=\"alignnone wp-image-4453 size-large\" src=\"https:\/\/binvex.com\/wp-content\/uploads\/2022\/07\/Kupatilska-grejalica-BALI-Radialight-4-1024x512.jpg\" sizes=\"(max-width: 640px) 100vw, 640px\" srcset=\"https:\/\/binvex.com\/wp-content\/uploads\/2022\/07\/Kupatilska-grejalica-BALI-Radialight-4-1024x512.jpg 1024w, https:\/\/binvex.com\/wp-content\/uploads\/2022\/07\/Kupatilska-grejalica-BALI-Radialight-4-300x150.jpg 300w, https:\/\/binvex.com\/wp-content\/uploads\/2022\/07\/Kupatilska-grejalica-BALI-Radialight-4-768x384.jpg 768w, https:\/\/binvex.com\/wp-content\/uploads\/2022\/07\/Kupatilska-grejalica-BALI-Radialight-4.jpg 1200w\" alt=\"kupatilska grejalica bali radialight 1\" width=\"640\" height=\"320\" data-wp-editing=\"1\" \/><\/p>\n<h3>Na\u010din grejanja \u2013 kupatilska grejalica<\/h3>\n<p><img decoding=\"async\" class=\"alignnone size-medium wp-image-4451\" src=\"https:\/\/binvex.com\/wp-content\/uploads\/2022\/07\/Kupatilska-grejalica-BALI-Radialight-6-300x150.jpg\" sizes=\"(max-width: 300px) 100vw, 300px\" srcset=\"https:\/\/binvex.com\/wp-content\/uploads\/2022\/07\/Kupatilska-grejalica-BALI-Radialight-6-300x150.jpg 300w, https:\/\/binvex.com\/wp-content\/uploads\/2022\/07\/Kupatilska-grejalica-BALI-Radialight-6.jpg 600w\" alt=\"\" width=\"300\" height=\"150\" \/><\/p>\n<p>BALI je moc\u0301an i pogodan za grejanje kupatila bilo koje veli\u010dine. Inteligentno modulira emisiju toplote, kako bi vam pru\u017eio udobnost koju \u017eelite. Mo\u017eete videti temperaturu na LCD ekranu i precizno je podesiti. Ovo c\u0301e postic\u0301i neuporedivo blagostanje, koje ostaje ravnomerno i konstantno, sve dok odlu\u010dite da ga koristite.<\/p>\n<p>Prednji izlaz vazduha i moc\u0301na, ali tiha ventilacija olak\u0161avaju distribuciju toplote, a za samo nekoliko minuta imac\u0301ete udobno kupatilo, \u010dak i u najhladnijim klimatskim uslovima.<\/p>\n<h3>Kontrola \u2013 kupatilska grejalica<\/h3>\n<p><img decoding=\"async\" class=\"alignnone size-medium wp-image-4455\" src=\"https:\/\/binvex.com\/wp-content\/uploads\/2022\/07\/Kupatilska-grejalica-BALI-Radialight-5-300x150.jpg\" sizes=\"(max-width: 300px) 100vw, 300px\" srcset=\"https:\/\/binvex.com\/wp-content\/uploads\/2022\/07\/Kupatilska-grejalica-BALI-Radialight-5-300x150.jpg 300w, https:\/\/binvex.com\/wp-content\/uploads\/2022\/07\/Kupatilska-grejalica-BALI-Radialight-5.jpg 600w\" alt=\"\" width=\"300\" height=\"150\" \/><\/p>\n<p>\u2022 ON-OFF prekida\u010d<br \/>\n\u2022 + i \u2013 tasteri za izbor<br \/>\n\u2022 Prikaz pode\u0161avanja temperature<br \/>\n\u2022 Izbor re\u017eima rada: COMFORT, PROGRAMING, BOOST, ANTI-FREEZE<br \/>\n\u2022 Prikaz trenutnog re\u017eima rada<br \/>\n\u2022 ON\/OFF indikator<br \/>\n\u2022 LED svetlo<br \/>\n\u2022 Alarm za otvoreni prozor<br \/>\n\u2022 Displej alarma za \u010di\u0161c\u0301enje filtera<\/p>\n<h3>Karakteristike \u2013 kupatilska grejalica<\/h3>\n<p>\u2022 Jednostavne kontrole na ekranu osetljivom na dodir<br \/>\n\u2022 LED indikator<br \/>\n\u2022 Digitalni LCD displej koji prikazuje va\u0161u pode\u0161enu komfornu temperaturu<br \/>\n\u2022 Re\u017eim protiv smrzavanja: grejalica za kupatilo spre\u010dava da temperatura u kupatilu padne ispod 7\u00b0C<br \/>\n\u2022 Komforni re\u017eim: kupatilska grejalica radi tako da daje potrebnu ugodnu temperaturu automatski pode\u0161avajuc\u0301i snagu grejanja<br \/>\n\u2022 Eko re\u017eim: kupatilska grejalica radi tako da daje temperaturu za u\u0161tedu energije na 3,5\u00b0C ni\u017eu od komforne pode\u0161ene temperature<br \/>\n\u2022 Re\u017eim nedeljnog programiranja: kupatilska grejalica radi prema nedeljnom programu koji korisnik mo\u017ee da kreira i menja<br \/>\n\u2022 Funkcija poja\u010danja: grejalica za kupatilo neprekidno radi 15 minuta pri maksimalnoj snazi grejanja (2000W) bez kontrole temperature. Na kraju 15 minuta grejalica vrac\u0301a kontrolu na poslednji radni re\u017eim pode\u0161en pre nego \u0161to je aktivirana funkcija poja\u010danja<br \/>\n\u2022 Funkcija alarma otvorenog prozora: ako je pode\u0161ena, kupatilska grejalica se automatski isklju\u010duje (postavlja u re\u017eim bez smrzavanja) u slu\u010daju nenormalnog detektovanog gubitka toplote<br \/>\n\u2022 Vazdu\u0161ni filter sa alarmom za \u010di\u0161c\u0301enje filtera: ovaj proizvod je opremljen filterom koji se mo\u017ee ukloniti i prati radi za\u0161tite grejnog elementa od pra\u0161ine i prljav\u0161tine. Svakih 120 radnih sati korisnik dobija obave\u0161tenje o potrebi \u010di\u0161c\u0301enja filtera na pole\u0111ini proizvoda.<br \/>\n\u2022 Preporu\u010duje se za svako kupatilo, bilo koje veli\u010dine<\/p>\n<h3>Proizvo\u0111a\u010d:<br \/>\n<img loading=\"lazy\" decoding=\"async\" class=\"alignnone size-full wp-image-137\" src=\"https:\/\/binvex.com\/wp-content\/uploads\/2023\/11\/4-RADIALIGHT-logo.jpg\" alt=\"\" width=\"236\" height=\"140\" \/><\/h3>\n<h3 class=\"naslov-download\">Preuzmite PDF:<\/h3>\n<p class=\"fajl-down\"><img loading=\"lazy\" decoding=\"async\" class=\"alignnone size-full wp-image-216\" src=\"https:\/\/binvex.com\/wp-content\/uploads\/2023\/11\/downP.png\" alt=\"\" width=\"48\" height=\"55\" \/>\u00a0 <a href=\"https:\/\/binvex.com\/wp-content\/uploads\/2023\/12\/Katalog-kupatilska-grejalica-BALI-2_compressed.pdf\" target=\"_blank\" rel=\"noopener\">\u00a0Katalog &#8211; Kupatilska grejalica Bali<\/a><\/p>\n<h2 class=\"naslov-download\"><\/h2>","protected":false},"excerpt":{"rendered":"<p>KUPATILSKA GREJALICA BALI RADIALIGHT \u2013 2000W ZIDNA GREJALICA ZA KUPATILO SA METALNIM KUC\u0301I\u0160TEM I ELEKTRONSKIM KOMANDAMA Su\u0161tina\u00a0dizajna,\u00a0sigurnosti\u00a0i\u00a0tehnologije\u00a0za va\u0161u udobnost u kupatilu. BALI je\u00a0zidna grejalica\u00a0 sa ventilatorom za kupatilo, dizajnirana da obezbedi najvec\u0301u sigurnost. Zato \u0161to je va\u0161 mir najva\u017eniji za\u00a0Radialight; ova kupatilska grejalica ima potpuno\u00a0metalno telo\u00a0presvu\u010deno prahom obezbe\u0111uje robusnost i najvec\u0301u za\u0161titu od pregrevanja. Njegova\u00a0kompaktna [&hellip;]<\/p>","protected":false},"featured_media":1450,"template":"","meta":{"_eb_attr":""},"product_brand":[],"product_cat":[30],"product_tag":[],"class_list":{"0":"post-1432","1":"product","2":"type-product","3":"status-publish","4":"has-post-thumbnail","6":"product_cat-grejalice-za-kupatilo","8":"first","9":"instock","10":"taxable","11":"shipping-taxable","12":"purchasable","13":"product-type-simple"},"_links":{"self":[{"href":"https:\/\/binvex.com\/en\/wp-json\/wp\/v2\/product\/1432","targetHints":{"allow":["GET"]}}],"collection":[{"href":"https:\/\/binvex.com\/en\/wp-json\/wp\/v2\/product"}],"about":[{"href":"https:\/\/binvex.com\/en\/wp-json\/wp\/v2\/types\/product"}],"wp:featuredmedia":[{"embeddable":true,"href":"https:\/\/binvex.com\/en\/wp-json\/wp\/v2\/media\/1450"}],"wp:attachment":[{"href":"https:\/\/binvex.com\/en\/wp-json\/wp\/v2\/media?parent=1432"}],"wp:term":[{"taxonomy":"product_brand","embeddable":true,"href":"https:\/\/binvex.com\/en\/wp-json\/wp\/v2\/product_brand?post=1432"},{"taxonomy":"product_cat","embeddable":true,"href":"https:\/\/binvex.com\/en\/wp-json\/wp\/v2\/product_cat?post=1432"},{"taxonomy":"product_tag","embeddable":true,"href":"https:\/\/binvex.com\/en\/wp-json\/wp\/v2\/product_tag?post=1432"}],"curies":[{"name":"wp","href":"https:\/\/api.w.org\/{rel}","templated":true}]}}