{"id":1355,"date":"2023-12-03T14:52:38","date_gmt":"2023-12-03T13:52:38","guid":{"rendered":"https:\/\/dev-binvex.pantheonsite.io\/?post_type=product&#038;p=1355"},"modified":"2026-03-26T11:30:22","modified_gmt":"2026-03-26T10:30:22","slug":"fusion-ta-pec-3200w","status":"publish","type":"product","link":"https:\/\/binvex.com\/en\/p\/fusion-ta-pec-3200w\/","title":{"rendered":"FUSION TA PE\u0106 &#8211; 3200W"},"content":{"rendered":"<h3>AKUMULIRAJTE TOPLOTU PO JEFTINOJ, NO\u0106NOJ TARIFI TERMOAKUMULACIONIM PE\u0106IMA FUSION!<\/h3>\n<p>FUSION elektri\u010dni termoakumulacione pe\u0107i su najekonomi\u010dniji elektri\u010dni ure\u0111aji za grejanje. Prednost u odnosu na druge elektri\u010dne ure\u0111aje za grejanje jeste \u0161to ovi termoakumulacioni pe\u0107i koriste no\u0107nu, ni\u017eu tarifu elektri\u010dne energije koja je 4 puta jeftinija od dnevne, vi\u0161e tarife kako bi akumulirali dovoljno toplote koja se osloba\u0111a tokom dana.<\/p>\n<p>Termostalne opeke koje se ugra\u0111uju u FUSION termoakumulacione pe\u0107i i koje \u010dine jezgro ovog ure\u0111aja koji akumulira toplotu se proizvode u \u010ce\u0161koj, u jednoj od najve\u0107ih fabrika vatrostalnih proizvoda na svetu. Opeke visoke gustine skladi\u0161te toplotu, koja se osloba\u0111a prirodnom toplotnom konvekcijom i toplotnim zra\u010denjem kako bi se obezbedio konstantan komfor i prijatna temperatura na najefikasniji i najjeftiniji na\u010din.<\/p>\n<p>Najvi\u0161a klasa toplotne izolacije onemogu\u0107ava bespotrebno gubljenje toplote i osigurava da ure\u0111aj bude efikasan do novog ciklusa punjenja od po\u010detka perioda niske tarife.<\/p>\n<p>Sa atraktivnim i lepim izgledom, dubine samo 20 cm, odgovara bilo kom prostoru i ne zauzima puno mesta. Potpuno tih rad, bez ventilatora, greje prostor prirodnim strujanjem vazduha.<\/p>\n<p><img fetchpriority=\"high\" decoding=\"async\" class=\"wp-image-1356 size-full alignnone\" src=\"https:\/\/binvex.com\/wp-content\/uploads\/2023\/12\/izgled-fusion-termoakumulacionih-radijatora-u-prostoru-768x512-min.jpg\" alt=\"\" width=\"768\" height=\"512\" srcset=\"https:\/\/binvex.com\/wp-content\/uploads\/2023\/12\/izgled-fusion-termoakumulacionih-radijatora-u-prostoru-768x512-min.jpg 768w, https:\/\/binvex.com\/wp-content\/uploads\/2023\/12\/izgled-fusion-termoakumulacionih-radijatora-u-prostoru-768x512-min-300x200.jpg 300w, https:\/\/binvex.com\/wp-content\/uploads\/2023\/12\/izgled-fusion-termoakumulacionih-radijatora-u-prostoru-768x512-min-18x12.jpg 18w, https:\/\/binvex.com\/wp-content\/uploads\/2023\/12\/izgled-fusion-termoakumulacionih-radijatora-u-prostoru-768x512-min-600x400.jpg 600w\" sizes=\"(max-width: 768px) 100vw, 768px\" \/><\/p>\n<p>Ure\u0111aj se jednostavno kontroli\u0161e preko 2 kontrolna to\u010dki\u0107a. Jednim kontrolnim to\u010dki\u0107em odre\u0111ujete stepen punjenja, dok drugim kontrolnim to\u010dki\u0107em reguli\u0161ete koli\u010dinu osloba\u0111anja toplote kontroli\u0161u\u0107i otvor direktno iz akumulacionog jegra. Otvor se automatski otvara kako bi temperaturu u sobi odr\u017eavao konstantnom tokom \u010ditavog dana.<\/p>\n<p><img decoding=\"async\" class=\"alignnone size-full wp-image-1358\" src=\"https:\/\/binvex.com\/wp-content\/uploads\/2023\/12\/3-6-300x224-min.jpg\" alt=\"\" width=\"300\" height=\"224\" srcset=\"https:\/\/binvex.com\/wp-content\/uploads\/2023\/12\/3-6-300x224-min.jpg 300w, https:\/\/binvex.com\/wp-content\/uploads\/2023\/12\/3-6-300x224-min-16x12.jpg 16w\" sizes=\"(max-width: 300px) 100vw, 300px\" \/><\/p>\n<p>Za dodatnu kontrolu vremena punjenja predla\u017eemo da uz ovaj termoakumulacioni radijator kupite i neki od digitalnih tajmera. Na\u0161u ponudu mo\u017eete prona\u0107i na slede\u0107oj stranici:<\/p>\n<p>Tajmeri i WiFi pametne uti\u010dnice<\/p>\n<p>Monta\u017eu ure\u0111aja vr\u0161e ovla\u0161\u0107eni instalateri nakon isporuke i ona je uklju\u010dena u cenu ure\u0111aja. Ure\u0111aj se isporu\u010duje sa 1,5m napojnog kabla, bez utika\u010da. Ure\u0111aj se mora postaviti i pri\u010dvrstiti za zid.<\/p>\n<div class=\"content\">\n<h4>Prednosti termoakumulacionog grejanja:<\/h4>\n<ul>\n<li>Najpovoljnije grejanje<\/li>\n<li>Prijatna temperatura tokom 24 sata<\/li>\n<li>Razli\u010dite snage ure\u0111aja<\/li>\n<li>Jednostavna monta\u017ea, uklju\u010dena u cenu<\/li>\n<li>Dugoro\u010dno isplativo ulaganje<\/li>\n<li>Za osnovno grejanje va\u0161eg doma<\/li>\n<li>Racionalno kori\u0161\u0107enje energije<\/li>\n<li>Ekolo\u0161ki i efikasan na\u010din grejanja<\/li>\n<\/ul>\n<\/div>\n<h3>Tehni\u010dke specifikacije:<\/h3>\n<h3><img decoding=\"async\" class=\"size-full wp-image-1357 alignnone\" style=\"font-size: 16px;\" src=\"https:\/\/binvex.com\/wp-content\/uploads\/2023\/12\/2-300x300-min.jpg\" alt=\"\" width=\"300\" height=\"300\" srcset=\"https:\/\/binvex.com\/wp-content\/uploads\/2023\/12\/2-300x300-min.jpg 300w, https:\/\/binvex.com\/wp-content\/uploads\/2023\/12\/2-300x300-min-150x150.jpg 150w, https:\/\/binvex.com\/wp-content\/uploads\/2023\/12\/2-300x300-min-12x12.jpg 12w, https:\/\/binvex.com\/wp-content\/uploads\/2023\/12\/2-300x300-min-100x100.jpg 100w\" sizes=\"(max-width: 300px) 100vw, 300px\" \/><\/h3>\n<p>Snaga greja\u010da za akumuliranje \u2013 3200 W<br \/>\nPeriod punjenja \u2013 8h<br \/>\nAkumulirana snaga ( punjenje 8h) \u2013 25,6 kWh<br \/>\nDu\u017eina \u2013 104,8 cm<br \/>\nVisina \u2013 68,0 cm<br \/>\n\u0160irina \u2013 20,0 cm<br \/>\nTe\u017eina \u2013 168 kg<br \/>\nBroj opeka \u2013 16 kom<br \/>\nBoja: RAL 9010<br \/>\nKabl za napajanje: 1,5m<\/p>\n<p>Proizvo\u0111a\u010d:<br \/>\n<img loading=\"lazy\" decoding=\"async\" class=\"alignnone size-full wp-image-238\" src=\"https:\/\/binvex.com\/wp-content\/uploads\/2023\/11\/Fusion-logo-svetliji-230.jpg\" alt=\"\" width=\"236\" height=\"140\" \/><\/p>\n<h3 class=\"naslov-download\">Preuzmite PDF:<\/h3>\n<p><img loading=\"lazy\" decoding=\"async\" class=\"alignnone size-full wp-image-216\" src=\"https:\/\/binvex.com\/wp-content\/uploads\/2023\/11\/downP.png\" alt=\"\" width=\"48\" height=\"55\" \/> <a href=\"https:\/\/binvex.com\/wp-content\/uploads\/2024\/01\/TA-PECI-FUSION-KATALOG.pdf\" target=\"_blank\" rel=\"noopener\">Katalog &#8211; FUSION TA PE\u0106<\/a><\/p>","protected":false},"excerpt":{"rendered":"<p>AKUMULIRAJTE TOPLOTU PO JEFTINOJ, NO\u0106NOJ TARIFI TERMOAKUMULACIONIM PE\u0106IMA FUSION! FUSION elektri\u010dni termoakumulacione pe\u0107i su najekonomi\u010dniji elektri\u010dni ure\u0111aji za grejanje. Prednost u odnosu na druge elektri\u010dne ure\u0111aje za grejanje jeste \u0161to ovi termoakumulacioni pe\u0107i koriste no\u0107nu, ni\u017eu tarifu elektri\u010dne energije koja je 4 puta jeftinija od dnevne, vi\u0161e tarife kako bi akumulirali dovoljno toplote koja se [&hellip;]<\/p>","protected":false},"featured_media":1360,"template":"","meta":{"_eb_attr":""},"product_brand":[],"product_cat":[32],"product_tag":[],"class_list":{"0":"post-1355","1":"product","2":"type-product","3":"status-publish","4":"has-post-thumbnail","6":"product_cat-ta-peci","8":"first","9":"instock","10":"sale","11":"taxable","12":"shipping-taxable","13":"purchasable","14":"product-type-simple"},"_links":{"self":[{"href":"https:\/\/binvex.com\/en\/wp-json\/wp\/v2\/product\/1355","targetHints":{"allow":["GET"]}}],"collection":[{"href":"https:\/\/binvex.com\/en\/wp-json\/wp\/v2\/product"}],"about":[{"href":"https:\/\/binvex.com\/en\/wp-json\/wp\/v2\/types\/product"}],"wp:featuredmedia":[{"embeddable":true,"href":"https:\/\/binvex.com\/en\/wp-json\/wp\/v2\/media\/1360"}],"wp:attachment":[{"href":"https:\/\/binvex.com\/en\/wp-json\/wp\/v2\/media?parent=1355"}],"wp:term":[{"taxonomy":"product_brand","embeddable":true,"href":"https:\/\/binvex.com\/en\/wp-json\/wp\/v2\/product_brand?post=1355"},{"taxonomy":"product_cat","embeddable":true,"href":"https:\/\/binvex.com\/en\/wp-json\/wp\/v2\/product_cat?post=1355"},{"taxonomy":"product_tag","embeddable":true,"href":"https:\/\/binvex.com\/en\/wp-json\/wp\/v2\/product_tag?post=1355"}],"curies":[{"name":"wp","href":"https:\/\/api.w.org\/{rel}","templated":true}]}}