{"id":1352,"date":"2023-12-03T14:48:21","date_gmt":"2023-12-03T13:48:21","guid":{"rendered":"https:\/\/dev-binvex.pantheonsite.io\/?post_type=product&#038;p=1352"},"modified":"2026-03-26T11:30:38","modified_gmt":"2026-03-26T10:30:38","slug":"ta-pec-adl-2012-elnur-gabarron-2000w","status":"publish","type":"product","link":"https:\/\/binvex.com\/en\/p\/ta-pec-adl-2012-elnur-gabarron-2000w\/","title":{"rendered":"TA PE\u0106 ADL 2012 ELNUR GABARRON \u2013 2000W"},"content":{"rendered":"<div class=\"content\">\n<div class=\"content\">\n<p>ADL je termoakumulaciona pe\u0107 izuzetnog odnosa cena\/kvalitet. ADL TA pe\u0107i se lako montiraju, lake su za upotrebu, pru\u017eaju odli\u010dne preformanse sa malim tro\u0161kovima za struju.<br \/>\nTermoakumulacione pe\u0107i sa ventilatorom nude vec\u0301e nivoe izolacije i imaju vec\u0301u unutra\u0161nju komoru za vazduh, u kojem se nalazi i ventilator za osloba\u0111anje toplote. TA pe\u0107i osloba\u0111aju zagrejani vazduh kontrolisanom konvekcijom pomo\u0107u tihog ventilatora koji omogu\u0107ava cirkulisanje vazduha unutar opeka. Vazduh se pritom zagreva, a potom osloba\u0111a u sobu kroz re\u0161etku na dnu ure\u0111aja.<br \/>\nTA pe\u0107i imaju ulaznu kontrolu kako bi regulisali kapacitet punjenja, izlaz se reguli\u0161e spolja\u0161njom kontrolom, kao \u0161to je sobni termostat (dostupan kao dodatni deo, pogledajte na linku\u00a0<a href=\"https:\/\/binvex.com\/en\/termostati\/\">Termostati<\/a>).<br \/>\nTA pe\u0107 sa ventilatorom c\u0301e prirodno emitovati nisku koli\u010dinu \u201cpozadinskog\u201d grejanja, dizajnirana je da oslobodi akumuliranu toplotu po potrebi pomoc\u0301u spolja\u0161njeg termostata koji aktivira ventilator, kako bi brzo distribuirao toplotu u prostoriju. Ovaj tip greja\u010da pru\u017ea fantasti\u010dno re\u0161enje za korisnike koji \u017eele da kontroli\u0161u kada da se akumulirana toplotna energija oslobodi, radi brzog zagrevanja prostorije.<br \/>\nMonta\u017eu vr\u0161e ovla\u0161\u0107eni serviseri iz na\u0161e servisne mre\u017ee i ona je uklju\u010dena u cenu.<br \/>\nGarancija na ure\u0111aj je 2 godine sa obezbe\u0111enim servisom u garantnom i vangarantnom roku.<\/p>\n<\/div>\n<h2>Tehni\u010dke specifikacije:<\/h2>\n<p>Snaga greja\u010da za akumuliranje \u2013 2000 W<br \/>\nPeriod punjenja \u2013 8h<br \/>\nAkumulirana snaga ( punjenje 8h) \u2013 16 kWh<br \/>\nDu\u017eina \u2013 63 cm<br \/>\nVisina \u2013 66 cm<br \/>\n\u0160irina \u2013 24 cm<br \/>\nTe\u017eina \u2013 117 kg<br \/>\nBroj opeka \u2013 12 kom<br \/>\nBoja: RAL 9010<br \/>\nEAN13 8432336200458<\/p>\n<\/div>\n<p>Proizvo\u0111a\u010d:<\/p>\n<p><a href=\"https:\/\/www.elnur-global.com\/\" target=\"_blank\" rel=\"noopener\"> <img decoding=\"async\" class=\"alignnone size-full wp-image-1345\" src=\"https:\/\/binvex.com\/wp-content\/uploads\/2023\/12\/Elnur-logo-min.jpg\" alt=\"\" width=\"236\" height=\"140\" srcset=\"https:\/\/binvex.com\/wp-content\/uploads\/2023\/12\/Elnur-logo-min.jpg 236w, https:\/\/binvex.com\/wp-content\/uploads\/2023\/12\/Elnur-logo-min-18x12.jpg 18w\" sizes=\"(max-width: 236px) 100vw, 236px\" \/><\/a><\/p>\n<h3 class=\"naslov-download\">Preuzmite PDF:<\/h3>\n<p><img decoding=\"async\" class=\"alignnone size-full wp-image-216\" src=\"https:\/\/binvex.com\/wp-content\/uploads\/2023\/11\/downP.png\" alt=\"\" width=\"48\" height=\"55\" \/><\/p>","protected":false},"excerpt":{"rendered":"<p>ADL je termoakumulaciona pe\u0107 izuzetnog odnosa cena\/kvalitet. ADL TA pe\u0107i se lako montiraju, lake su za upotrebu, pru\u017eaju odli\u010dne preformanse sa malim tro\u0161kovima za struju. Termoakumulacione pe\u0107i sa ventilatorom nude vec\u0301e nivoe izolacije i imaju vec\u0301u unutra\u0161nju komoru za vazduh, u kojem se nalazi i ventilator za osloba\u0111anje toplote. TA pe\u0107i osloba\u0111aju zagrejani vazduh kontrolisanom [&hellip;]<\/p>","protected":false},"featured_media":1353,"template":"","meta":{"_eb_attr":""},"product_brand":[],"product_cat":[32],"product_tag":[],"class_list":{"0":"post-1352","1":"product","2":"type-product","3":"status-publish","4":"has-post-thumbnail","6":"product_cat-ta-peci","8":"first","9":"instock","10":"sale","11":"taxable","12":"shipping-taxable","13":"purchasable","14":"product-type-simple"},"_links":{"self":[{"href":"https:\/\/binvex.com\/en\/wp-json\/wp\/v2\/product\/1352","targetHints":{"allow":["GET"]}}],"collection":[{"href":"https:\/\/binvex.com\/en\/wp-json\/wp\/v2\/product"}],"about":[{"href":"https:\/\/binvex.com\/en\/wp-json\/wp\/v2\/types\/product"}],"wp:featuredmedia":[{"embeddable":true,"href":"https:\/\/binvex.com\/en\/wp-json\/wp\/v2\/media\/1353"}],"wp:attachment":[{"href":"https:\/\/binvex.com\/en\/wp-json\/wp\/v2\/media?parent=1352"}],"wp:term":[{"taxonomy":"product_brand","embeddable":true,"href":"https:\/\/binvex.com\/en\/wp-json\/wp\/v2\/product_brand?post=1352"},{"taxonomy":"product_cat","embeddable":true,"href":"https:\/\/binvex.com\/en\/wp-json\/wp\/v2\/product_cat?post=1352"},{"taxonomy":"product_tag","embeddable":true,"href":"https:\/\/binvex.com\/en\/wp-json\/wp\/v2\/product_tag?post=1352"}],"curies":[{"name":"wp","href":"https:\/\/api.w.org\/{rel}","templated":true}]}}