{"id":1342,"date":"2023-12-03T14:39:24","date_gmt":"2023-12-03T13:39:24","guid":{"rendered":"https:\/\/dev-binvex.pantheonsite.io\/?post_type=product&#038;p=1342"},"modified":"2026-03-26T11:31:14","modified_gmt":"2026-03-26T10:31:14","slug":"ta-pec-adx-84-a-elnur-gabarron-800w","status":"publish","type":"product","link":"https:\/\/binvex.com\/en\/p\/ta-pec-adx-84-a-elnur-gabarron-800w\/","title":{"rendered":"TA PE\u0106 ADX 84 A ELNUR GABARRON \u2013 800W"},"content":{"rendered":"<div class=\"content\">\n<p>ADX 84 A je termoakumulaciona pe\u0107 koji nudi bolji komfor, ekonomi\u010dnost i jednostavnost upotrebe. Posebno dizajniran da koristi nisko-tarifnu struju, u ADX termoakumulacionepe\u0107i se ugra\u0111uju opeke velike gustine koje akumuliraju veliku koli\u010dinu toplote tokom no\u0107i po niskoj tarifi.<br \/>\nKada se pravilno koristi na odgovarajuc\u0301oj lokaciji, TA pe\u0107 c\u0301e zadr\u017eati potreban stepen komfora tokom celog dana zahvaljuju\u0107i veoma kvalitetnom izolacionom materijalu klase 1.<br \/>\nTA pe\u0107i osloba\u0111aju toplotu prirodnom konvekcijom koja osloba\u0111a zagrejani vazduh 24 sati dnevno. Vazduh se zagreva prolaze\u0107i korz vazdu\u0161ne komore i osloba\u0111a se kroz re\u0161etku na vrhu, kao i ostalim otvorima na prednjoj i zadnjoj strani. Ova konvekcija se stvara zbog dizajna ure\u0111aja, i dozvoljava stalno osoloba\u0111anje toplote bez dodatnih tro\u0161kova za struju.<br \/>\n<strong>Termoakumulacione pe\u0107i tro\u0161e struju samo no\u0107u tokom niske tarife kada se pune<\/strong>. Punjenje kontroli\u0161ete kontrolnim to\u010dki\u0107em za punjenje.<br \/>\nJednostavno za montiranje na sve vrste zidova. Monta\u017eu vr\u0161e ovla\u0161\u0107eni serviseri iz na\u0161e servisne mre\u017ee i ona je uklju\u010dena u cenu.<\/p>\n<\/div>\n<h2>Tehni\u010dke specifikacije:<\/h2>\n<p>Snaga greja\u010da za akumuliranje \u2013 800 W<br \/>\nPeriod punjenja \u2013 8h<br \/>\nAkumulirana snaga ( punjenje 8h) \u2013 6,4 kWh<br \/>\nDu\u017eina \u2013 31,5 cm<br \/>\nVisina \u2013 72,5 cm<br \/>\n\u0160irina \u2013 16 cm<br \/>\nTe\u017eina \u2013 41 kg<br \/>\nBroj opeka \u2013 4 kom<br \/>\nBoja: RAL 9010<br \/>\nEAN13 8432336101908<\/p>\n<p>Proizvo\u0111a\u010d:<\/p>\n<h3 class=\"naslov-download\">Preuzmite PDF:<\/h3>\n<p><img decoding=\"async\" class=\"alignnone size-full wp-image-216\" src=\"https:\/\/binvex.com\/wp-content\/uploads\/2023\/11\/downP.png\" alt=\"\" width=\"48\" height=\"55\" \/><\/p>","protected":false},"excerpt":{"rendered":"<p>ADX 84 A je termoakumulaciona pe\u0107 koji nudi bolji komfor, ekonomi\u010dnost i jednostavnost upotrebe. Posebno dizajniran da koristi nisko-tarifnu struju, u ADX termoakumulacionepe\u0107i se ugra\u0111uju opeke velike gustine koje akumuliraju veliku koli\u010dinu toplote tokom no\u0107i po niskoj tarifi. Kada se pravilno koristi na odgovarajuc\u0301oj lokaciji, TA pe\u0107 c\u0301e zadr\u017eati potreban stepen komfora tokom celog dana [&hellip;]<\/p>","protected":false},"featured_media":1338,"template":"","meta":{"_eb_attr":""},"product_brand":[],"product_cat":[32],"product_tag":[],"class_list":{"0":"post-1342","1":"product","2":"type-product","3":"status-publish","4":"has-post-thumbnail","6":"product_cat-ta-peci","8":"first","9":"outofstock","10":"taxable","11":"shipping-taxable","12":"purchasable","13":"product-type-simple"},"_links":{"self":[{"href":"https:\/\/binvex.com\/en\/wp-json\/wp\/v2\/product\/1342","targetHints":{"allow":["GET"]}}],"collection":[{"href":"https:\/\/binvex.com\/en\/wp-json\/wp\/v2\/product"}],"about":[{"href":"https:\/\/binvex.com\/en\/wp-json\/wp\/v2\/types\/product"}],"wp:featuredmedia":[{"embeddable":true,"href":"https:\/\/binvex.com\/en\/wp-json\/wp\/v2\/media\/1338"}],"wp:attachment":[{"href":"https:\/\/binvex.com\/en\/wp-json\/wp\/v2\/media?parent=1342"}],"wp:term":[{"taxonomy":"product_brand","embeddable":true,"href":"https:\/\/binvex.com\/en\/wp-json\/wp\/v2\/product_brand?post=1342"},{"taxonomy":"product_cat","embeddable":true,"href":"https:\/\/binvex.com\/en\/wp-json\/wp\/v2\/product_cat?post=1342"},{"taxonomy":"product_tag","embeddable":true,"href":"https:\/\/binvex.com\/en\/wp-json\/wp\/v2\/product_tag?post=1342"}],"curies":[{"name":"wp","href":"https:\/\/api.w.org\/{rel}","templated":true}]}}