{"id":1337,"date":"2023-12-03T14:31:09","date_gmt":"2023-12-03T13:31:09","guid":{"rendered":"https:\/\/dev-binvex.pantheonsite.io\/?post_type=product&#038;p=1337"},"modified":"2026-03-26T11:31:49","modified_gmt":"2026-03-26T10:31:49","slug":"ta-pec-adx-3216-a-elnur-gabarron-3200w","status":"publish","type":"product","link":"https:\/\/binvex.com\/en\/p\/ta-pec-adx-3216-a-elnur-gabarron-3200w\/","title":{"rendered":"TA PE\u0106 ADX 3216 A ELNUR GABARRON \u2013 3200W"},"content":{"rendered":"<p>ADX 3216 A je termoakumulaciona pe\u0107 koji nudi bolji komfor, ekonomi\u010dnost i jednostavnost upotrebe. Posebno dizajniran da koristi nisko-tarifnu struju, u ADX termoakumulacione pe\u0107i se ugra\u0111uju opeke velike gustine koje akumuliraju veliku koli\u010dinu toplote tokom no\u0107i po niskoj tarifi.<\/p>\n<div class=\"content\">\n<p>Kada se pravilno koristi na odgovarajuc\u0301oj lokaciji, TA pe\u0107 c\u0301e zadr\u017eati potreban stepen komfora tokom celog dana zahvaljuju\u0107i veoma kvalitetnom izolacionom materijalu klase 1.<br \/>\nTA pe\u0107i osloba\u0111aju toplotu prirodnom konvekcijom na dva razli\u010dita na\u010dina:<br \/>\n1) Primarna konvekcija je kontrolisana pomo\u0107u klapne na vrhu koja osloba\u0111a topao vazduh nakon \u0161to je TA pe\u0107 napunjena, i nju reguli\u0161ete kontrolom za pra\u017enjenje.<br \/>\n2) Sekundarna konvekcija osloba\u0111a zagrejani vazduh 24 sati dnevno. Vazduh se zagreva prolaze\u0107i korz vazdu\u0161ne komore i osloba\u0111a se kroz re\u0161etku na vrhu, kao i ostalim otvorima na prednjoj i zadnjoj strani. Ova prirodna sekundarna konvekcija se stvara zbog dizajna ure\u0111aja, i dozvoljava stalno osoloba\u0111anje toplote bez dodatnih tro\u0161kova za struju.<br \/>\nTermoakumulacione pe\u0107i tro\u0161e struju samo no\u0107u tokom niske tarife kada se pune. Punjenje kontroli\u0161ete kontrolnim to\u010dki\u0107em za punjenje.<br \/>\nJednostavno za montiranje na sve vrste zidova. Monta\u017eu vr\u0161e ovla\u0161\u0107eni serviseri iz na\u0161e servisne mre\u017ee i ona je uklju\u010dena u cenu.<\/p>\n<\/div>\n<h2>Tehni\u010dke specifikacije:<\/h2>\n<p>&nbsp;<\/p>\n<p>Snaga greja\u010da za akumuliranje \u2013 3200 W<br \/>\nPeriod punjenja \u2013 8h<br \/>\nAkumulirana snaga ( punjenje 8h) \u2013 25,6 kWh<br \/>\nDu\u017eina \u2013 99 cm<br \/>\nVisina \u2013 72,5 cm<br \/>\n\u0160irina \u2013 16 cm<br \/>\nTe\u017eina \u2013 151 kg<br \/>\nBroj opeka \u2013 16 kom<br \/>\nBoja: RAL 9010<br \/>\nEAN13 8432336101960<\/p>\n<p>Proizvo\u0111a\u010d:<\/p>\n<h3 class=\"naslov-download\">Preuzmite PDF:<\/h3>\n<p><img decoding=\"async\" class=\"alignnone size-full wp-image-216\" src=\"https:\/\/binvex.com\/wp-content\/uploads\/2023\/11\/downP.png\" alt=\"\" width=\"48\" height=\"55\" \/><\/p>","protected":false},"excerpt":{"rendered":"<p>ADX 3216 A je termoakumulaciona pe\u0107 koji nudi bolji komfor, ekonomi\u010dnost i jednostavnost upotrebe. Posebno dizajniran da koristi nisko-tarifnu struju, u ADX termoakumulacione pe\u0107i se ugra\u0111uju opeke velike gustine koje akumuliraju veliku koli\u010dinu toplote tokom no\u0107i po niskoj tarifi. Kada se pravilno koristi na odgovarajuc\u0301oj lokaciji, TA pe\u0107 c\u0301e zadr\u017eati potreban stepen komfora tokom celog [&hellip;]<\/p>","protected":false},"featured_media":1338,"template":"","meta":{"_eb_attr":""},"product_brand":[],"product_cat":[32],"product_tag":[],"class_list":{"0":"post-1337","1":"product","2":"type-product","3":"status-publish","4":"has-post-thumbnail","6":"product_cat-ta-peci","8":"first","9":"instock","10":"sale","11":"taxable","12":"shipping-taxable","13":"purchasable","14":"product-type-simple"},"_links":{"self":[{"href":"https:\/\/binvex.com\/en\/wp-json\/wp\/v2\/product\/1337","targetHints":{"allow":["GET"]}}],"collection":[{"href":"https:\/\/binvex.com\/en\/wp-json\/wp\/v2\/product"}],"about":[{"href":"https:\/\/binvex.com\/en\/wp-json\/wp\/v2\/types\/product"}],"wp:featuredmedia":[{"embeddable":true,"href":"https:\/\/binvex.com\/en\/wp-json\/wp\/v2\/media\/1338"}],"wp:attachment":[{"href":"https:\/\/binvex.com\/en\/wp-json\/wp\/v2\/media?parent=1337"}],"wp:term":[{"taxonomy":"product_brand","embeddable":true,"href":"https:\/\/binvex.com\/en\/wp-json\/wp\/v2\/product_brand?post=1337"},{"taxonomy":"product_cat","embeddable":true,"href":"https:\/\/binvex.com\/en\/wp-json\/wp\/v2\/product_cat?post=1337"},{"taxonomy":"product_tag","embeddable":true,"href":"https:\/\/binvex.com\/en\/wp-json\/wp\/v2\/product_tag?post=1337"}],"curies":[{"name":"wp","href":"https:\/\/api.w.org\/{rel}","templated":true}]}}