{"id":1331,"date":"2023-12-03T14:17:09","date_gmt":"2023-12-03T13:17:09","guid":{"rendered":"https:\/\/dev-binvex.pantheonsite.io\/?post_type=product&#038;p=1331"},"modified":"2026-03-26T11:32:22","modified_gmt":"2026-03-26T10:32:22","slug":"ta-pec-eco-30-pro-elnur-gabarron-1950w-450w","status":"publish","type":"product","link":"https:\/\/binvex.com\/en\/p\/ta-pec-eco-30-pro-elnur-gabarron-1950w-450w\/","title":{"rendered":"TA PE\u0106 ECO 30 PRO ELNUR GABARRON \u2013 1950W + 450W"},"content":{"rendered":"<h3><a href=\"https:\/\/www.elnur-global.com\/electric-storage-heaters\/ecombi-pro-static-accumulator-with-wifi-control\/\" target=\"_blank\" rel=\"noopener\">PAMETNE TA PE\u0106I ELNUR GABARRON<\/a><\/h3>\n<h3>Pobolj\u0161ajte udobnost i u\u0161tedite novac pomoc\u0301u energetski efikasnog elektri\u010dnog grejanja.<br \/>\nIskoristite jeftinije sate no\u0107ne tarife za elektri\u010dnu energiju da napunite Ecombi PRO pametne termoakumulacione pe\u0107i i u\u017eivajte u grejanju tokom celog dana.<\/h3>\n<p>ECOMBI PRO su digitalne TA pe\u0107i kod kojih jednostavno mo\u017eete pode\u0161avati kada punite TA pe\u0107, kao i pode\u0161avati njihov rad i programirati \u017eeljenu temperaturu tokom dana.<br \/>\nAutomatski reguli\u0161e koli\u010dinu energije koja mu je potrebna da obezbedi 24 sata grejanja, punjenjem maksimalno 8 sati.<br \/>\nSa ovim pametnim grejanjem mo\u017eete postic\u0301i do 35% u\u0161tede u potro\u0161nji energije u pore\u0111enju sa drugim, konvencionalnim termoakumulacionim pe\u0107ima.<\/p>\n<h3>TA pe\u0107i najnovije tehnologije koji akumuliraju toplotu<\/h3>\n<p>Efikasno akumuliranje toplote kao i kod TA pe\u0107i, oboga\u0107eno modernim digitalnim displejem i kontrolama za regulaciju temperature, po povoljnim cenama. TA pe\u0107 se puni tokom no\u0107i po niskoj tarifi i dosti\u017ee 100% napunjenosti za maksimalno 8 sati efektivnog punjenja. Na kontrolnoj tabli mo\u017eete podesiti vreme tokom kojeg \u0107e se TA pe\u0107 puniti po niskoj tarifi. Korisnik mo\u017ee da prilagodi rad TA pe\u0107i svojim potrebama za svaki sat u toku jednog dana tokom cele nedelje. Potpuno programibilni i automatizovani rad, koji se mo\u017ee kontrolisati gde god se nalazite uz dodatni ure\u0111aj G Control Hub sistem za WiFi upravljanje TA pe\u0107ima. Pogledajte na linku: G Control Hub.<\/p>\n<p><img fetchpriority=\"high\" decoding=\"async\" class=\"alignnone size-medium wp-image-1326\" src=\"https:\/\/binvex.com\/wp-content\/uploads\/2023\/12\/mobile-elnur-2021-es-min-232x300.png\" alt=\"\" width=\"232\" height=\"300\" srcset=\"https:\/\/binvex.com\/wp-content\/uploads\/2023\/12\/mobile-elnur-2021-es-min-232x300.png 232w, https:\/\/binvex.com\/wp-content\/uploads\/2023\/12\/mobile-elnur-2021-es-min-9x12.png 9w, https:\/\/binvex.com\/wp-content\/uploads\/2023\/12\/mobile-elnur-2021-es-min.png 447w\" sizes=\"(max-width: 232px) 100vw, 232px\" \/><\/p>\n<p>&nbsp;<\/p>\n<div class=\"content\">\n<p>Dodatni greja\u010d za balansiranje temperature slu\u017ei za dogrevanje i aktivira se u slu\u010daju da akumulirana toplota nije dovoljna da bi se postigla zadata temperatura u prostoriji.<br \/>\nBesplatna monta\u017ea koju vr\u0161e ovla\u0161\u0107eni serviseri iz na\u0161e servisne mre\u017ee.<\/p>\n<p>Ecombi PRO uklju\u010duje novi IEM (Integral Energy Manager) upravlja\u010dki modul. On procenjuje potro\u0161nju energije opreme tokom dana, kao i merenja temperature za regulisanje automatskog punjenja. Sa Ecombi PRO korisnici mogu da biraju izme\u0111u tri re\u017eima rada:<\/p>\n<p>1) Ru\u010dno \u2013 TA pe\u0107 c\u0301e u svakom trenutku odr\u017eavati pode\u0161enu temperaturu postavljenu 24\/7<\/p>\n<p>2) Automatski \u2013\u00a0 moguc\u0301e je programirati termoakumulacioni radijator po satima i danima u nedelji, uspostavljajuc\u0301i jedan od tri nivoa temperature: Komfor, Eko i Za\u0161tita od smrzavanja.<\/p>\n<p>3) Isklju\u010den \u2013 ta pe\u0107 je isklju\u010dena. Samo c\u0301e prikazati vreme na displeju.<\/p>\n<h3>Nisu potrebni dodatni sistemi za kontrolu grejanja!<\/h3>\n<p>ECOMBI PRO je dizajniran da skladi\u0161ti samo energiju potrebnu za odr\u017eavanje ugodne temperature tokom 24 sata:<\/p>\n<p>Da biste ispunili svoj cilj konstantnog komfora, mo\u017eda c\u0301e biti potrebno da se oslobodite dodatnu toplotu nekoliko minuta dnevno. Ova dodatna mogu\u0107nost se posti\u017ee preko dodatnog balansiraju\u0107eg grejnog elementa koji omoguc\u0301ava odr\u017eavanje stabilne temperature i tako\u0111e poma\u017ee u regulisanju noc\u0301nih punjenja u skladu sa udobno\u0161c\u0301u u kojoj ste u\u017eivali prethodnog dana.<br \/>\nZahvaljujuc\u0301i automatskom kontrolnom modulu, sistem c\u0301e povec\u0301ati ili smanjiti punjenje za naredni period. Takve kontrole osiguravaju temeljno prilago\u0111avanje potro\u0161nje, odr\u017eavajuc\u0301i udobnost bez potro\u0161nje struje vi\u0161e nego \u0161to je potrebno.<br \/>\nTako\u0111e je moguc\u0301e potpuno onemoguc\u0301iti balansirajuc\u0301i grejni element u parametrima opreme. U ovom slu\u010daju, ure\u0111aj nec\u0301e vr\u0161iti automatsku regulaciju potro\u0161njea, niti c\u0301e se dopuniti dodatnom toplotom van termina punjenja.<\/p>\n<\/div>\n<h3>Tehni\u010dke specifikacije:<\/h3>\n<p>Snaga greja\u010da za akumuliranje \u2013 1950 W<br \/>\nSnaga greja\u010da za balansiranje \u2013 450 W<br \/>\nPeriod punjenja \u2013 8h<br \/>\nAkumulirana snaga ( punjenje 8h) \u2013 15,6 kWh<br \/>\nDu\u017eina \u2013 89 cm<br \/>\nVisina \u2013 73 cm<br \/>\n\u0160irina \u2013 18 cm<br \/>\nTe\u017eina \u2013 112 kg<br \/>\nBroj opeka \u2013 12 kom<br \/>\nBoja: RAL 9010<br \/>\nFunkcija za\u0161tite od pregrevanja<br \/>\nLCD displej<br \/>\n*dodatna opcija povezivanja na WiFi i upravljanje preko mobilne aplikacije telefonom pomo\u0107u G Control Hub<br \/>\nIntuitivni TFT ekran sa funkcijom zaklju\u010davanja tastature.<br \/>\nERP funkcije: Otvoreni prozor i prilagodljiva kontrola pokretanja.<br \/>\nUgra\u0111eni temperaturni senzor osetljiv na \u00b10,1\u00baC, sa opcijom kalibracije.<br \/>\nElektronska kontrola punjenja sa merenjem temperature jezgra.<br \/>\nUgra\u0111eni tajmer prekida\u010d.<br \/>\nTihi rad.<br \/>\nSenzor temperature sa kalibracionim pode\u0161avanjem.<br \/>\nZa\u0161tita od pregrevanja na funkciji akumulacionog grejanja.<br \/>\nSigurnosni termostat sa ru\u010dnim resetovanjem.<br \/>\nUgra\u0111eni balansni grejni element od aluminijuma.<br \/>\nGrejni elementi za akumulaciju od ner\u0111ajuc\u0301eg \u010delika.<br \/>\nPrednje, bo\u010dne i zadnje vazdu\u0161ne izolacione komore.<br \/>\n\u010celi\u010dna konstrukcija premazana prahom epoksidom RAL 9010.<\/p>\n<p>Proizvo\u0111a\u010d:<\/p>\n<h3 class=\"naslov-download\">Preuzmite PDF:<\/h3>\n<p><img decoding=\"async\" class=\"alignnone size-full wp-image-216\" src=\"https:\/\/binvex.com\/wp-content\/uploads\/2023\/11\/downP.png\" alt=\"\" width=\"48\" height=\"55\" \/> <a href=\"https:\/\/binvex.com\/wp-content\/uploads\/2023\/12\/ECO-PRO-Uputstvo_compressed.pdf\" target=\"_blank\" rel=\"noopener\">Uputstvo za upotrebu &#8211; ECO PRO ta pe\u0107<\/a><\/p>","protected":false},"excerpt":{"rendered":"<p>PAMETNE TA PE\u0106I ELNUR GABARRON Pobolj\u0161ajte udobnost i u\u0161tedite novac pomoc\u0301u energetski efikasnog elektri\u010dnog grejanja. Iskoristite jeftinije sate no\u0107ne tarife za elektri\u010dnu energiju da napunite Ecombi PRO pametne termoakumulacione pe\u0107i i u\u017eivajte u grejanju tokom celog dana. ECOMBI PRO su digitalne TA pe\u0107i kod kojih jednostavno mo\u017eete pode\u0161avati kada punite TA pe\u0107, kao i pode\u0161avati [&hellip;]<\/p>","protected":false},"featured_media":1332,"template":"","meta":{"_eb_attr":""},"product_brand":[],"product_cat":[32],"product_tag":[],"class_list":{"0":"post-1331","1":"product","2":"type-product","3":"status-publish","4":"has-post-thumbnail","6":"product_cat-ta-peci","8":"first","9":"instock","10":"sale","11":"taxable","12":"shipping-taxable","13":"purchasable","14":"product-type-simple"},"_links":{"self":[{"href":"https:\/\/binvex.com\/en\/wp-json\/wp\/v2\/product\/1331","targetHints":{"allow":["GET"]}}],"collection":[{"href":"https:\/\/binvex.com\/en\/wp-json\/wp\/v2\/product"}],"about":[{"href":"https:\/\/binvex.com\/en\/wp-json\/wp\/v2\/types\/product"}],"wp:featuredmedia":[{"embeddable":true,"href":"https:\/\/binvex.com\/en\/wp-json\/wp\/v2\/media\/1332"}],"wp:attachment":[{"href":"https:\/\/binvex.com\/en\/wp-json\/wp\/v2\/media?parent=1331"}],"wp:term":[{"taxonomy":"product_brand","embeddable":true,"href":"https:\/\/binvex.com\/en\/wp-json\/wp\/v2\/product_brand?post=1331"},{"taxonomy":"product_cat","embeddable":true,"href":"https:\/\/binvex.com\/en\/wp-json\/wp\/v2\/product_cat?post=1331"},{"taxonomy":"product_tag","embeddable":true,"href":"https:\/\/binvex.com\/en\/wp-json\/wp\/v2\/product_tag?post=1331"}],"curies":[{"name":"wp","href":"https:\/\/api.w.org\/{rel}","templated":true}]}}