{"id":1309,"date":"2023-12-03T13:27:03","date_gmt":"2023-12-03T12:27:03","guid":{"rendered":"https:\/\/dev-binvex.pantheonsite.io\/?post_type=product&#038;p=1309"},"modified":"2026-03-26T11:33:27","modified_gmt":"2026-03-26T10:33:27","slug":"ta-pec-eco40-arc-elnur-gabarron-3200w","status":"publish","type":"product","link":"https:\/\/binvex.com\/en\/p\/ta-pec-eco40-arc-elnur-gabarron-3200w\/","title":{"rendered":"TA PE\u0106 ECO40 ARC ELNUR GABARRON \u2013 3200W"},"content":{"rendered":"<h3><a href=\"https:\/\/www.elnur-global.com\/electric-storage-heaters\/ecombi-arc-dynamic-storage-heater-off-peak-times\/\" target=\"_blank\" rel=\"noopener noreferrer\">TA PE\u0106 ECOMBI ARC ELNUR GABARRON<\/a><\/h3>\n<h3>ECOMBI ARC tro\u0161i struju tokom niske, no\u0107ne tarife. Smanjite va\u0161e ra\u010dune sa novom termoakumulacionom pe\u0107i sa visokim stepenom zadr\u017eavanja toplote!<\/h3>\n<p>Ecombi ARC je dinami\u010dka TA pe\u0107 visokog zadr\u017eavanja toplote koja smanjuje potro\u0161nju energije optimizujuc\u0301i upravljanje toplotom. Ova vrsta elektri\u010dnog grejanja \u0161tedi energiju, jer se puni u periodima no\u0107ne, jeftine tarife, najjeftinijeg oblika grejanja.<\/p>\n<p>Tako\u0111e je dizajniran da radi u kombinaciji sa solarnim panelima. Koristi vi\u0161kove energije i pretvara ih u grejanje. Ova funkcija sa solarnim panelima je moguc\u0301a dodavanjem dodatka Solar Box u instalaciju Ecombi ARC termoakumulacionih pe\u0107i.<\/p>\n<p>Ovaj novi model termoakumulacione pe\u0107i procenjuje va\u0161u potro\u0161nju energije da bi prilagodio noc\u0301no punjenje i uklju\u010duje kontrolu pra\u017enjenja toplote, tako da korisnik mo\u017ee da u\u017eiva u udobnosti kad god po\u017eeli. Ovaj tip dinami\u010dkog akumulacionog ure\u0111aja se mo\u017ee kontrolisati kori\u0161c\u0301enjem wifi-a preko Elnur Gabarron Wifi Control aplikacije uz pomo\u0107 dodatka\u00a0<a href=\"https:\/\/binvex.com\/en\/termoakumulaciono-grejanje\/g-control-hub\/\" target=\"_blank\" rel=\"noopener noreferrer\">G Control Hub<\/a>, iz koje mo\u017eete da upravljate periodima punjenja, podesite re\u017eim rada i fiksirate svoju dnevnu ili nedeljnu upotrebu grejanja, izme\u0111u ostalih funkcija. Ecombi ARC je dizajniran da detektuje blizinu korisnika preko funkcije lokacije i kompatibilan je sa razli\u010ditim sistemima za glasovnu aktivaciju kao \u0161to su Amazon Alexa ili Google Assistant.<\/p>\n<p><img fetchpriority=\"high\" decoding=\"async\" class=\"alignnone wp-image-1312 size-full\" src=\"https:\/\/binvex.com\/wp-content\/uploads\/2023\/12\/TA-pec-ECO-ARC-1.jpg\" alt=\"\" width=\"770\" height=\"418\" srcset=\"https:\/\/binvex.com\/wp-content\/uploads\/2023\/12\/TA-pec-ECO-ARC-1.jpg 770w, https:\/\/binvex.com\/wp-content\/uploads\/2023\/12\/TA-pec-ECO-ARC-1-300x163.jpg 300w, https:\/\/binvex.com\/wp-content\/uploads\/2023\/12\/TA-pec-ECO-ARC-1-768x417.jpg 768w, https:\/\/binvex.com\/wp-content\/uploads\/2023\/12\/TA-pec-ECO-ARC-1-18x10.jpg 18w, https:\/\/binvex.com\/wp-content\/uploads\/2023\/12\/TA-pec-ECO-ARC-1-600x326.jpg 600w\" sizes=\"(max-width: 770px) 100vw, 770px\" \/><\/p>\n<p>&nbsp;<\/p>\n<div class=\"content\">\n<h3>Prednosti u odnosu na drugi vid grejanja<\/h3>\n<p>*Puni se u vreme no\u0107ne tarife struje, najjeftinije i to 4 puta jeftinije od dnevne tarife.<\/p>\n<p>*Ima ventilator za brzo zagrevanje prostorije. Ovo obezbe\u0111uje efikasno grejanje kuc\u0301e kad god to \u017eelite.<\/p>\n<p>*Ugra\u0111eno dnevno i nedeljno programiranje. Integrisani sat za programiranje.<\/p>\n<p>*Kontroli\u0161ite svoj ure\u0111aj za skladi\u0161tenje pomoc\u0301u WiFi mre\u017ee, preko aplikacije Elnur Gabarron Wifi Control.<\/p>\n<p>*Detekcija blizine pomoc\u0301u funkcije GPS lokacije.<\/p>\n<p>*G Control Sistem je kompatibilan sa Amazon Alexa i Google Assistant-om.<\/p>\n<p>*Omoguc\u0301ava da se kreiraju razli\u010diti korisnici za upravljanje termoakumulacionim pe\u0107ima preko aplikacije.<\/p>\n<p>*Mo\u017ee se koristiti kao solarni termoakumulacioni ure\u0111aj, kori\u0161c\u0301enjem vi\u0161kova energije iz solarnih panela.<\/p>\n<p><img decoding=\"async\" class=\"alignnone size-full wp-image-1313\" src=\"https:\/\/binvex.com\/wp-content\/uploads\/2023\/12\/TA-pec-ECO-ARC-2-300x228-1.jpg\" alt=\"\" width=\"300\" height=\"228\" srcset=\"https:\/\/binvex.com\/wp-content\/uploads\/2023\/12\/TA-pec-ECO-ARC-2-300x228-1.jpg 300w, https:\/\/binvex.com\/wp-content\/uploads\/2023\/12\/TA-pec-ECO-ARC-2-300x228-1-16x12.jpg 16w\" sizes=\"(max-width: 300px) 100vw, 300px\" \/><\/p>\n<p>*Integrisani G kontrolni sistem, daljinska konfiguracija i kontrola preko Interneta sa wifi vezom.<\/p>\n<p>*ErP funkcije: senzor otvorenog prozora, prilagodljivi start.<\/p>\n<p>*Elektronska kontrola punjenja, sa merenjem temperature jezgra.<\/p>\n<p>*Intuitivan LCD ekran sa naprednim opcijama kontrole i funkcijom zaklju\u010davanja.<\/p>\n<p>*Vo\u0111eno pokretanje.<\/p>\n<p>*Tihi ventilator.<br \/>\n*Dvostruka debljina, oja\u010dana izolacija, niske toplotne provodljivosti.<\/p>\n<p>*Efikasno skladi\u0161tenje energije.<\/p>\n<p>*Bezbedni, automatski termalni limiteri sa ru\u010dnim resetovanjem.<\/p>\n<p>*Grejni elementi sa jezgrom od ner\u0111ajuc\u0301eg \u010delika i prednji panel od aluminijuma.<\/p>\n<p>*Robusni termoplasti\u010dni okovi veoma otporni na sredstva za \u010di\u0161c\u0301enje.<\/p>\n<p>*\u010celi\u010dna konstrukcija premazana prahom epoksidom RAL 9010.<\/p>\n<\/div>\n<h3>Tehni\u010dke specifikacije:<\/h3>\n<p>* Snaga greja\u010da za akumuliranje \u2013 3200 W<br \/>\n* Period punjenja \u2013 8 h<br \/>\n* Akumulirana energija \u2013 25,6 kWh<br \/>\n* Snaga greja\u010da za balansiranje \u2013 1000 W**<br \/>\n* Napon \u2013 220 \u2013 240 V<br \/>\n* Izolacija \u2013 klasa 1<br \/>\n* Du\u017eina x visina x \u0161irina \u2013 117 x 73 x 19,5 cm<br \/>\n* Ukupna te\u017eina \u2013 176,50 kg<br \/>\n* Broj opeka 5,8 kg \u2013 24<br \/>\n**Kapacitet balansnog elementa se nikada ne dodaje kapacitetu akumuliranja. Maksimalni kapacitet akumuliranja je kapacitet akumulacionog greja\u010da.<\/p>\n<p>Proizvo\u0111a\u010d:<\/p>\n<h3 class=\"naslov-download\">Preuzmite PDF:<\/h3>\n<p><img decoding=\"async\" class=\"alignnone size-full wp-image-216\" src=\"https:\/\/binvex.com\/wp-content\/uploads\/2023\/11\/downP.png\" alt=\"\" width=\"48\" height=\"55\" \/> <a href=\"https:\/\/binvex.com\/wp-content\/uploads\/2023\/12\/ECO-ARC-Uputstvo-za-programiranje_compressed-1.pdf\" target=\"_blank\" rel=\"noopener\">Uputstvo za upotrebu &#8211; ECO ARC ta pe\u0107<\/a><\/p>","protected":false},"excerpt":{"rendered":"<p>TA PE\u0106 ECOMBI ARC ELNUR GABARRON ECOMBI ARC tro\u0161i struju tokom niske, no\u0107ne tarife. Smanjite va\u0161e ra\u010dune sa novom termoakumulacionom pe\u0107i sa visokim stepenom zadr\u017eavanja toplote! Ecombi ARC je dinami\u010dka TA pe\u0107 visokog zadr\u017eavanja toplote koja smanjuje potro\u0161nju energije optimizujuc\u0301i upravljanje toplotom. Ova vrsta elektri\u010dnog grejanja \u0161tedi energiju, jer se puni u periodima no\u0107ne, jeftine [&hellip;]<\/p>","protected":false},"featured_media":1315,"template":"","meta":{"_eb_attr":""},"product_brand":[],"product_cat":[32],"product_tag":[],"class_list":{"0":"post-1309","1":"product","2":"type-product","3":"status-publish","4":"has-post-thumbnail","6":"product_cat-ta-peci","8":"first","9":"outofstock","10":"taxable","11":"shipping-taxable","12":"purchasable","13":"product-type-simple"},"_links":{"self":[{"href":"https:\/\/binvex.com\/en\/wp-json\/wp\/v2\/product\/1309","targetHints":{"allow":["GET"]}}],"collection":[{"href":"https:\/\/binvex.com\/en\/wp-json\/wp\/v2\/product"}],"about":[{"href":"https:\/\/binvex.com\/en\/wp-json\/wp\/v2\/types\/product"}],"wp:featuredmedia":[{"embeddable":true,"href":"https:\/\/binvex.com\/en\/wp-json\/wp\/v2\/media\/1315"}],"wp:attachment":[{"href":"https:\/\/binvex.com\/en\/wp-json\/wp\/v2\/media?parent=1309"}],"wp:term":[{"taxonomy":"product_brand","embeddable":true,"href":"https:\/\/binvex.com\/en\/wp-json\/wp\/v2\/product_brand?post=1309"},{"taxonomy":"product_cat","embeddable":true,"href":"https:\/\/binvex.com\/en\/wp-json\/wp\/v2\/product_cat?post=1309"},{"taxonomy":"product_tag","embeddable":true,"href":"https:\/\/binvex.com\/en\/wp-json\/wp\/v2\/product_tag?post=1309"}],"curies":[{"name":"wp","href":"https:\/\/api.w.org\/{rel}","templated":true}]}}