{"id":1307,"date":"2023-12-03T13:18:38","date_gmt":"2023-12-03T12:18:38","guid":{"rendered":"https:\/\/dev-binvex.pantheonsite.io\/?post_type=product&#038;p=1307"},"modified":"2026-03-26T11:34:00","modified_gmt":"2026-03-26T10:34:00","slug":"fusion-wifi-ta-pec-2400w","status":"publish","type":"product","link":"https:\/\/binvex.com\/en\/p\/fusion-wifi-ta-pec-2400w\/","title":{"rendered":"FUSION WIFI TA PE\u0106 &#8211; 2400W"},"content":{"rendered":"<h3>WIFI TERMOAKUMULACIONE PE\u0106I FUSION \u2013 KONTROLA NA DALJINU PREKO BESPLATNE MOBILNE APLIKACIJE TUYA SMART<\/h3>\n<p>Danas su termoakumulacione pe\u0107i ekonomi\u010dniji, udobniji i ekolo\u0161ki prihvatljiviji ure\u0111aji, a istovremeno privla\u010dniji nego ikada ranije. Nezavisna merenja potro\u0161nje su pokazala prednost akumulacionog grejanja u odnosu na centralne sisteme koji koriste druga goriva (kao \u0161to su nafta, ugalj, gas).<br \/>\nTo je zbog sledec\u0301ih faktora:<\/p>\n<p>\u2013 toplota se proizvodi samo tamo gde je potrebna,<br \/>\n\u2013 nema gubitka toplote u dugim cevovodnim sistemima,<br \/>\n\u2013 toplota se proizvodi samo u koli\u010dini u kojoj je potrebna,<br \/>\n\u2013 na mestu kori\u0161c\u0301enja energije ne stvaraju se proizvodi sagorevanja.<br \/>\n\u2013 tro\u0161ite struju po niskoj tarifi<\/p>\n<p>Prednost akumulacionog grejanja je i niska cena ugradnje sistema grejanja (<strong>monta\u017ea je ura\u010dunata u cenu i vr\u0161e je ovla\u0161\u0107eni instalateri nakon isporuke<\/strong>), jer vam nije potrebna prostorija za kotlarnicu, mesto za skladi\u0161tenje goriva, dimnjak i dodatni priklju\u010dci (npr. gas).<\/p>\n<p>Osnovna svrha sistema grejanja je da pru\u017ei osec\u0301aj udobnosti. Da bi se to desilo, odgovarajuc\u0301a koli\u010dina toplote mora biti dostavljena brzo i efikasno tamo gde nam je potrebna. Kada temperatura napolju padne, struktura kuc\u0301e se hladi. Hladan pod, zidovi i plafon \u010dine da osec\u0301amo toplotnu nelagodnost. Kada boravite u prostoriji, temperatura gra\u0111evinske konstrukcije mora da poraste kako ljudima ne bi bilo hladno. Ovaj proces zahteva vreme i nisu svi sistemi grejanja potpuno pouzdani. Inteligentniji na\u010din da zadovoljimo na\u0161u potrebu da budemo u udobnom, toplom okru\u017eenju omoguc\u0301avaju nam termoakumulacioni pe\u0107i jer odr\u017eavaju konstantnu temperaturu gra\u0111evinske strukture. Zahvaljujuc\u0301i tome, temperatura u prostoriji ostaje konstantna, a po potrebi se mo\u017ee brzo podic\u0301i, radi vec\u0301eg zadovoljstva i udobnosti korisnika. Kod WiFi termoakumulacionih pe\u0107i FUSION brzo podizanje temperature osigurava dodatni, balansiraju\u0107i greja\u010d koji se pali kada temperatura prostorije padne ispod pode\u0161ene temperature.<\/p>\n<p><img fetchpriority=\"high\" decoding=\"async\" class=\"alignnone size-medium wp-image-237\" src=\"https:\/\/binvex.com\/wp-content\/uploads\/2023\/11\/za-sajt-delovi-tuya-768x576-1-300x225.jpg\" alt=\"\" width=\"300\" height=\"225\" srcset=\"https:\/\/binvex.com\/wp-content\/uploads\/2023\/11\/za-sajt-delovi-tuya-768x576-1-300x225.jpg 300w, https:\/\/binvex.com\/wp-content\/uploads\/2023\/11\/za-sajt-delovi-tuya-768x576-1-600x450.jpg 600w, https:\/\/binvex.com\/wp-content\/uploads\/2023\/11\/za-sajt-delovi-tuya-768x576-1.jpg 768w\" sizes=\"(max-width: 300px) 100vw, 300px\" \/><\/p>\n<div class=\"content\">\n<p>1) Intuitivni digitalni displej sa Tuya Smart kontrolom<br \/>\n2) Izlazna re\u0161etka za topli vazduh pod uglom od 45\u00b0<br \/>\n3) Balansiraju\u0107i greja\u010d za automatsku kompenzaciju u grejanju<br \/>\n4) Vatrostalne opeke za akumulaciju toplote<br \/>\n5) Izolacija \u2013 Vermikulit i Microtherm<br \/>\n6) Boja \u2013 \u010disto bela RAL 9010<br \/>\n7) Grejni elementi od legure 840<br \/>\n8) 2 \u010deli\u010dne nogice<\/p>\n<p>Razli\u010diti modeli od 1,6kW \u2013 3,2kW<br \/>\nDubina montiranog ure\u0111aja od samo 187mm i visina od 618mm<br \/>\n2 robusne \u010deli\u010dne nogice<br \/>\nBez bu\u010dnog zvuka ventilatora, grejanje prirodnom konvekcijom i zra\u010denjem toplote<br \/>\nJednostavna monta\u017ea na zid koju vr\u0161i ovla\u0161\u0107eni servis \u2013 URA\u010cUNATO U CENU URE\u0110AJA<\/p>\n<\/div>\n<h3>Tehni\u010dke specifikacije:<\/h3>\n<p>Snaga: 2400 W<br \/>\nSnaga dodatnog greja\u010da: 750 W<br \/>\nDimenzije (\u0160 x V x D): 870 x 618 x 180 mm<br \/>\nTe\u017eina: 128 kg (sa opekama)<br \/>\nIzolacija: Klasa 1<br \/>\nBroj opeka: 12<br \/>\nVreme punjenja: 8h<br \/>\nAkumulacija: 19,2 kWh<\/p>\n<p>Proizvo\u0111a\u010d:<br \/>\n<img decoding=\"async\" class=\"alignnone size-full wp-image-238\" src=\"https:\/\/binvex.com\/wp-content\/uploads\/2023\/11\/Fusion-logo-svetliji-230.jpg\" alt=\"\" width=\"236\" height=\"140\" \/><\/p>\n<h3 class=\"naslov-download\">Preuzmite PDF:<\/h3>\n<p><img decoding=\"async\" class=\"alignnone size-full wp-image-216\" src=\"https:\/\/binvex.com\/wp-content\/uploads\/2023\/11\/downP.png\" alt=\"\" width=\"48\" height=\"55\" \/> <a href=\"https:\/\/binvex.com\/wp-content\/uploads\/2023\/11\/Tuya-WiFi-Fusion.pdf\">Katalog &#8211; WiFi TA pe\u0107i Fusion<\/a><\/p>","protected":false},"excerpt":{"rendered":"<p>WIFI TERMOAKUMULACIONE PE\u0106I FUSION \u2013 KONTROLA NA DALJINU PREKO BESPLATNE MOBILNE APLIKACIJE TUYA SMART Danas su termoakumulacione pe\u0107i ekonomi\u010dniji, udobniji i ekolo\u0161ki prihvatljiviji ure\u0111aji, a istovremeno privla\u010dniji nego ikada ranije. Nezavisna merenja potro\u0161nje su pokazala prednost akumulacionog grejanja u odnosu na centralne sisteme koji koriste druga goriva (kao \u0161to su nafta, ugalj, gas). To je [&hellip;]<\/p>","protected":false},"featured_media":241,"template":"","meta":{"_eb_attr":""},"product_brand":[],"product_cat":[32],"product_tag":[],"class_list":{"0":"post-1307","1":"product","2":"type-product","3":"status-publish","4":"has-post-thumbnail","6":"product_cat-ta-peci","8":"first","9":"instock","10":"sale","11":"taxable","12":"shipping-taxable","13":"purchasable","14":"product-type-simple"},"_links":{"self":[{"href":"https:\/\/binvex.com\/en\/wp-json\/wp\/v2\/product\/1307","targetHints":{"allow":["GET"]}}],"collection":[{"href":"https:\/\/binvex.com\/en\/wp-json\/wp\/v2\/product"}],"about":[{"href":"https:\/\/binvex.com\/en\/wp-json\/wp\/v2\/types\/product"}],"wp:featuredmedia":[{"embeddable":true,"href":"https:\/\/binvex.com\/en\/wp-json\/wp\/v2\/media\/241"}],"wp:attachment":[{"href":"https:\/\/binvex.com\/en\/wp-json\/wp\/v2\/media?parent=1307"}],"wp:term":[{"taxonomy":"product_brand","embeddable":true,"href":"https:\/\/binvex.com\/en\/wp-json\/wp\/v2\/product_brand?post=1307"},{"taxonomy":"product_cat","embeddable":true,"href":"https:\/\/binvex.com\/en\/wp-json\/wp\/v2\/product_cat?post=1307"},{"taxonomy":"product_tag","embeddable":true,"href":"https:\/\/binvex.com\/en\/wp-json\/wp\/v2\/product_tag?post=1307"}],"curies":[{"name":"wp","href":"https:\/\/api.w.org\/{rel}","templated":true}]}}