{"id":9,"date":"2023-11-20T14:09:53","date_gmt":"2023-11-20T14:09:53","guid":{"rendered":"https:\/\/dev-binvex.pantheonsite.io\/cart\/"},"modified":"2023-11-22T18:40:32","modified_gmt":"2023-11-22T17:40:32","slug":"korpa","status":"publish","type":"page","link":"https:\/\/binvex.com\/en\/korpa\/","title":{"rendered":"Korpa"},"content":{"rendered":"<div data-elementor-type=\"wp-page\" data-elementor-id=\"9\" class=\"elementor elementor-9\" data-elementor-post-type=\"page\">\n\t\t\t\t<div class=\"elementor-element elementor-element-8188626 e-flex e-con-boxed e-con e-parent\" data-id=\"8188626\" data-element_type=\"container\">\n\t\t\t\t\t<div class=\"e-con-inner\">\n\t\t\t\t<div class=\"elementor-element elementor-element-b27acb4 elementor-widget elementor-widget-heading\" data-id=\"b27acb4\" data-element_type=\"widget\" data-widget_type=\"heading.default\">\n\t\t\t\t<div class=\"elementor-widget-container\">\n\t\t\t\t\t<h2 class=\"elementor-heading-title elementor-size-default\">KORPA<\/h2>\t\t\t\t<\/div>\n\t\t\t\t<\/div>\n\t\t\t\t<div class=\"elementor-element elementor-element-b7c9ab0 elementor-widget-divider--view-line elementor-widget elementor-widget-divider\" data-id=\"b7c9ab0\" data-element_type=\"widget\" data-widget_type=\"divider.default\">\n\t\t\t\t<div class=\"elementor-widget-container\">\n\t\t\t\t\t\t\t<div class=\"elementor-divider\">\n\t\t\t<span class=\"elementor-divider-separator\">\n\t\t\t\t\t\t<\/span>\n\t\t<\/div>\n\t\t\t\t\t\t<\/div>\n\t\t\t\t<\/div>\n\t\t\t\t\t<\/div>\n\t\t\t\t<\/div>\n\t\t<div class=\"elementor-element elementor-element-9ae30f3 e-flex e-con-boxed e-con e-parent\" data-id=\"9ae30f3\" data-element_type=\"container\">\n\t\t\t\t\t<div class=\"e-con-inner\">\n\t\t\t\t<div class=\"elementor-element elementor-element-bfee248 e-cart-layout-two-column elementor-widget elementor-widget-woocommerce-cart\" data-id=\"bfee248\" data-element_type=\"widget\" data-settings=\"{&quot;update_cart_automatically&quot;:&quot;yes&quot;}\" data-widget_type=\"woocommerce-cart.default\">\n\t\t\t\t<div class=\"elementor-widget-container\">\n\t\t\t\t\t<div class=\"woocommerce\"><div class=\"woocommerce-notices-wrapper\"><\/div><div class=\"wc-empty-cart-message\">\n\t<div class=\"cart-empty woocommerce-info\" role=\"status\">\n\t\tYour cart is currently empty.\t<\/div>\n<\/div>\t<p class=\"return-to-shop\">\n\t\t<a class=\"button wc-backward\" href=\"https:\/\/binvex.com\/en\/proizvodi\/\">\n\t\t\tReturn to shop\t\t<\/a>\n\t<\/p>\n<\/div>\t\t\t\t<\/div>\n\t\t\t\t<\/div>\n\t\t\t\t\t<\/div>\n\t\t\t\t<\/div>\n\t\t\t\t<\/div>","protected":false},"excerpt":{"rendered":"<p>KORPA Remove item Thumbnail image Product Price Quantity Subtotal &times; SU\u0160A\u010cI ZA RUKE FUSION JETDRY 1034 15.450,00&nbsp;RSD SU\u0160A\u010cI ZA RUKE FUSION JETDRY 1034 quantity 15.450,00&nbsp;RSD &times; AHT Grejna mre\u017ea 1 AHT Grejna mre\u017ea 0,5\u00d71,0m 2.830,00&nbsp;RSD AHT Grejna mre\u017ea 1 AHT Grejna mre\u017ea 0,5\u00d71,0m quantity 2.830,00&nbsp;RSD &times; TERMOAKUMULACIONE PE\u0106I FUSION WIFI 3200W 76.690,00&nbsp;RSD TERMOAKUMULACIONE PE\u0106I FUSION [&hellip;]<\/p>","protected":false},"author":2,"featured_media":0,"parent":0,"menu_order":0,"comment_status":"closed","ping_status":"closed","template":"elementor_header_footer","meta":{"_eb_attr":"","footnotes":""},"class_list":["post-9","page","type-page","status-publish","hentry"],"_links":{"self":[{"href":"https:\/\/binvex.com\/en\/wp-json\/wp\/v2\/pages\/9","targetHints":{"allow":["GET"]}}],"collection":[{"href":"https:\/\/binvex.com\/en\/wp-json\/wp\/v2\/pages"}],"about":[{"href":"https:\/\/binvex.com\/en\/wp-json\/wp\/v2\/types\/page"}],"author":[{"embeddable":true,"href":"https:\/\/binvex.com\/en\/wp-json\/wp\/v2\/users\/2"}],"replies":[{"embeddable":true,"href":"https:\/\/binvex.com\/en\/wp-json\/wp\/v2\/comments?post=9"}],"version-history":[{"count":0,"href":"https:\/\/binvex.com\/en\/wp-json\/wp\/v2\/pages\/9\/revisions"}],"wp:attachment":[{"href":"https:\/\/binvex.com\/en\/wp-json\/wp\/v2\/media?parent=9"}],"curies":[{"name":"wp","href":"https:\/\/api.w.org\/{rel}","templated":true}]}}