{"id":3445,"date":"2025-04-29T09:55:11","date_gmt":"2025-04-29T07:55:11","guid":{"rendered":"https:\/\/binvex.com\/?page_id=3445"},"modified":"2025-04-29T09:55:19","modified_gmt":"2025-04-29T07:55:19","slug":"koliko-trosi-podno-grejanje-na-struju","status":"publish","type":"page","link":"https:\/\/binvex.com\/en\/koliko-trosi-podno-grejanje-na-struju\/","title":{"rendered":"Koliko tro\u0161i podno grejanje na struju"},"content":{"rendered":"<div data-elementor-type=\"wp-page\" data-elementor-id=\"3445\" class=\"elementor elementor-3445\" data-elementor-post-type=\"page\">\n\t\t\t\t<div class=\"elementor-element elementor-element-8b28ab8 e-flex e-con-boxed e-con e-parent\" data-id=\"8b28ab8\" data-element_type=\"container\">\n\t\t\t\t\t<div class=\"e-con-inner\">\n\t\t\t\t<div class=\"elementor-element elementor-element-30b20d4 elementor-widget-divider--view-line elementor-widget elementor-widget-divider\" data-id=\"30b20d4\" data-element_type=\"widget\" data-widget_type=\"divider.default\">\n\t\t\t\t<div class=\"elementor-widget-container\">\n\t\t\t\t\t\t\t<div class=\"elementor-divider\">\n\t\t\t<span class=\"elementor-divider-separator\">\n\t\t\t\t\t\t<\/span>\n\t\t<\/div>\n\t\t\t\t\t\t<\/div>\n\t\t\t\t<\/div>\n\t\t\t\t<div class=\"elementor-element elementor-element-18c062a elementor-widget elementor-widget-heading\" data-id=\"18c062a\" data-element_type=\"widget\" data-widget_type=\"heading.default\">\n\t\t\t\t<div class=\"elementor-widget-container\">\n\t\t\t\t\t<h2 class=\"elementor-heading-title elementor-size-default\">Koliko tro\u0161i podno grejanje na struju?<\/h2>\t\t\t\t<\/div>\n\t\t\t\t<\/div>\n\t\t\t\t\t<\/div>\n\t\t\t\t<\/div>\n\t\t<div class=\"elementor-element elementor-element-a17ee84 e-flex e-con-boxed e-con e-parent\" data-id=\"a17ee84\" data-element_type=\"container\">\n\t\t\t\t\t<div class=\"e-con-inner\">\n\t\t<div class=\"elementor-element elementor-element-8c76883 e-con-full e-flex e-con e-child\" data-id=\"8c76883\" data-element_type=\"container\">\n\t\t\t\t<div class=\"elementor-element elementor-element-9243c8f elementor-widget elementor-widget-image\" data-id=\"9243c8f\" data-element_type=\"widget\" data-widget_type=\"image.default\">\n\t\t\t\t<div class=\"elementor-widget-container\">\n\t\t\t\t\t\t\t\t\t\t\t\t\t\t\t<img fetchpriority=\"high\" decoding=\"async\" width=\"600\" height=\"400\" src=\"https:\/\/binvex.com\/wp-content\/uploads\/2025\/04\/DSC09473.jpg\" class=\"attachment-large size-large wp-image-3281\" alt=\"\" srcset=\"https:\/\/binvex.com\/wp-content\/uploads\/2025\/04\/DSC09473.jpg 600w, https:\/\/binvex.com\/wp-content\/uploads\/2025\/04\/DSC09473-300x200.jpg 300w, https:\/\/binvex.com\/wp-content\/uploads\/2025\/04\/DSC09473-18x12.jpg 18w\" sizes=\"(max-width: 600px) 100vw, 600px\" \/>\t\t\t\t\t\t\t\t\t\t\t\t\t\t\t<\/div>\n\t\t\t\t<\/div>\n\t\t\t\t<\/div>\n\t\t<div class=\"elementor-element elementor-element-95c38d7 e-con-full e-flex e-con e-child\" data-id=\"95c38d7\" data-element_type=\"container\">\n\t\t\t\t<div class=\"elementor-element elementor-element-88cd3d9 elementor-widget-laptop__width-initial elementor-widget elementor-widget-text-editor\" data-id=\"88cd3d9\" data-element_type=\"widget\" data-widget_type=\"text-editor.default\">\n\t\t\t\t<div class=\"elementor-widget-container\">\n\t\t\t\t\t\t\t\t\t<p style=\"text-align: center;\">Naj\u010de\u0161\u0107e pitanje koje nam postavljaju jeste koliko tro\u0161i podno grejanje na struju? Faktor potro\u0161nje je ono \u0161to najvi\u0161e brine na\u0161e kupce, \u0161to je pomalo \u010dudno jer se isto pitanje \u010desto ne postavlja prilikom instalacije konvencionalnih sistema grejanja.\u00a0<\/p><p style=\"text-align: center;\">Da bi se unapred ta\u010dno znalo koliko tro\u0161i Warmset elektri\u010dni sistem grejanja, trebalo bi znati mnogo faktora koji odre\u0111uju potro\u0161nju! Ne postoji univerzalan odgovor, ba\u0161 kao \u0161to nije mogu\u0107e unapred znati koliko \u0107e bilo koji gasni ili elektri\u010dni sistem tro\u0161iti.<\/p><p style=\"text-align: center;\">Postoji mnogo faktora koji uti\u010du na potro\u0161nju.<\/p>\t\t\t\t\t\t\t\t<\/div>\n\t\t\t\t<\/div>\n\t\t\t\t<\/div>\n\t\t\t\t\t<\/div>\n\t\t\t\t<\/div>\n\t\t<div class=\"elementor-element elementor-element-5eec6ea e-flex e-con-boxed e-con e-parent\" data-id=\"5eec6ea\" data-element_type=\"container\">\n\t\t\t\t\t<div class=\"e-con-inner\">\n\t\t\t\t<div class=\"elementor-element elementor-element-df8ec11 elementor-position-right elementor-vertical-align-top elementor-widget elementor-widget-image-box\" data-id=\"df8ec11\" data-element_type=\"widget\" data-widget_type=\"image-box.default\">\n\t\t\t\t<div class=\"elementor-widget-container\">\n\t\t\t\t\t<div class=\"elementor-image-box-wrapper\"><figure class=\"elementor-image-box-img\"><img decoding=\"async\" width=\"600\" height=\"400\" src=\"https:\/\/binvex.com\/wp-content\/uploads\/2025\/04\/izolacija-kuce.jpg\" class=\"attachment-full size-full wp-image-3452\" alt=\"koliko tro\u0161i podno grejanje na struju\" srcset=\"https:\/\/binvex.com\/wp-content\/uploads\/2025\/04\/izolacija-kuce.jpg 600w, https:\/\/binvex.com\/wp-content\/uploads\/2025\/04\/izolacija-kuce-300x200.jpg 300w, https:\/\/binvex.com\/wp-content\/uploads\/2025\/04\/izolacija-kuce-18x12.jpg 18w\" sizes=\"(max-width: 600px) 100vw, 600px\" \/><\/figure><div class=\"elementor-image-box-content\"><h3 class=\"elementor-image-box-title\">TERMI\u010cKA IZOLACIJA ZGRADE<\/h3><p class=\"elementor-image-box-description\">\u0160to vi\u0161e izolacije ku\u0107a ima, to \u0107e manja koli\u010dina termalne energije biti potrebna za njeno grejanje. Tokom godina, spolja\u0161nja obloga zgrada (kako stambenih, tako i drugih) postala je sve zna\u010dajnija.\n\nKvalitet izolacije se pobolj\u0161ao do te mere da vi\u0161e nije potrebno tro\u0161iti velike sume novca na instalaciju konvencionalnih sistema grejanja koji su predimenzionirani za stvarne potrebe zgrade. Va\u017eno je napomenuti da takvi sistemi ko\u0161taju vi\u0161e nego duplo u pore\u0111enju sa elektri\u010dnim sistemima grejanja.\n\nAko je zgrada dobro izolovana, mogu\u0107e je instalirati elektri\u010dni sistem podnog grejanja i posti\u0107i veoma nisku potro\u0161nju.<\/p><\/div><\/div>\t\t\t\t<\/div>\n\t\t\t\t<\/div>\n\t\t\t\t\t<\/div>\n\t\t\t\t<\/div>\n\t\t<div class=\"elementor-element elementor-element-13d9521 e-flex e-con-boxed e-con e-parent\" data-id=\"13d9521\" data-element_type=\"container\">\n\t\t\t\t\t<div class=\"e-con-inner\">\n\t\t\t\t<div class=\"elementor-element elementor-element-f3852fe elementor-position-left elementor-vertical-align-top elementor-widget elementor-widget-image-box\" data-id=\"f3852fe\" data-element_type=\"widget\" data-widget_type=\"image-box.default\">\n\t\t\t\t<div class=\"elementor-widget-container\">\n\t\t\t\t\t<div class=\"elementor-image-box-wrapper\"><figure class=\"elementor-image-box-img\"><img decoding=\"async\" width=\"600\" height=\"401\" src=\"https:\/\/binvex.com\/wp-content\/uploads\/2025\/04\/geografski-polozaj-objekta.jpg\" class=\"attachment-full size-full wp-image-3453\" alt=\"\" srcset=\"https:\/\/binvex.com\/wp-content\/uploads\/2025\/04\/geografski-polozaj-objekta.jpg 600w, https:\/\/binvex.com\/wp-content\/uploads\/2025\/04\/geografski-polozaj-objekta-300x201.jpg 300w, https:\/\/binvex.com\/wp-content\/uploads\/2025\/04\/geografski-polozaj-objekta-18x12.jpg 18w\" sizes=\"(max-width: 600px) 100vw, 600px\" \/><\/figure><div class=\"elementor-image-box-content\"><h3 class=\"elementor-image-box-title\">GEOGRAFSKI POLO\u017dAJ<\/h3><p class=\"elementor-image-box-description\">Snaga sistema mora biti prilago\u0111ena geografskom polo\u017eaju zgrade. U geografskim podru\u010djima u kojima su zime bla\u017ee, sistemi \u0107e imati manju snagu. Na taj na\u010din, sistem \u0107e tro\u0161iti znatno manje energije.<\/p><\/div><\/div>\t\t\t\t<\/div>\n\t\t\t\t<\/div>\n\t\t\t\t\t<\/div>\n\t\t\t\t<\/div>\n\t\t<div class=\"elementor-element elementor-element-5bd90ce e-flex e-con-boxed e-con e-parent\" data-id=\"5bd90ce\" data-element_type=\"container\">\n\t\t\t\t\t<div class=\"e-con-inner\">\n\t\t\t\t<div class=\"elementor-element elementor-element-fb5bc26 elementor-position-right elementor-vertical-align-top elementor-widget elementor-widget-image-box\" data-id=\"fb5bc26\" data-element_type=\"widget\" data-widget_type=\"image-box.default\">\n\t\t\t\t<div class=\"elementor-widget-container\">\n\t\t\t\t\t<div class=\"elementor-image-box-wrapper\"><figure class=\"elementor-image-box-img\"><img loading=\"lazy\" decoding=\"async\" width=\"600\" height=\"401\" src=\"https:\/\/binvex.com\/wp-content\/uploads\/2025\/04\/upotreba-grejanja.jpg\" class=\"attachment-full size-full wp-image-3454\" alt=\"\" srcset=\"https:\/\/binvex.com\/wp-content\/uploads\/2025\/04\/upotreba-grejanja.jpg 600w, https:\/\/binvex.com\/wp-content\/uploads\/2025\/04\/upotreba-grejanja-300x201.jpg 300w, https:\/\/binvex.com\/wp-content\/uploads\/2025\/04\/upotreba-grejanja-18x12.jpg 18w\" sizes=\"(max-width: 600px) 100vw, 600px\" \/><\/figure><div class=\"elementor-image-box-content\"><h3 class=\"elementor-image-box-title\">UPOTREBA<\/h3><p class=\"elementor-image-box-description\">Naravno, u\u010destalost i intenzitet kori\u0161\u0107enja uti\u010du na tro\u0161kove bilo kog sistema grejanja. Elektri\u010dni sistem podnog grejanja pogodan je kako za stalnu upotrebu, tako i za povremenu ili sporadi\u010dnu upotrebu, na primer u vikendicama. To je zbog brzine kojom sistem mo\u017ee zagrejati \u010dak i prostorije koje se ne greju konstantno.<\/p><\/div><\/div>\t\t\t\t<\/div>\n\t\t\t\t<\/div>\n\t\t\t\t\t<\/div>\n\t\t\t\t<\/div>\n\t\t<div class=\"elementor-element elementor-element-33622f3 e-flex e-con-boxed e-con e-parent\" data-id=\"33622f3\" data-element_type=\"container\">\n\t\t\t\t\t<div class=\"e-con-inner\">\n\t\t\t\t<div class=\"elementor-element elementor-element-fe82649 elementor-position-left elementor-vertical-align-top elementor-widget elementor-widget-image-box\" data-id=\"fe82649\" data-element_type=\"widget\" data-widget_type=\"image-box.default\">\n\t\t\t\t<div class=\"elementor-widget-container\">\n\t\t\t\t\t<div class=\"elementor-image-box-wrapper\"><figure class=\"elementor-image-box-img\"><img loading=\"lazy\" decoding=\"async\" width=\"600\" height=\"400\" src=\"https:\/\/binvex.com\/wp-content\/uploads\/2025\/04\/termostat.jpg\" class=\"attachment-full size-full wp-image-3416\" alt=\"\" srcset=\"https:\/\/binvex.com\/wp-content\/uploads\/2025\/04\/termostat.jpg 600w, https:\/\/binvex.com\/wp-content\/uploads\/2025\/04\/termostat-300x200.jpg 300w, https:\/\/binvex.com\/wp-content\/uploads\/2025\/04\/termostat-18x12.jpg 18w\" sizes=\"(max-width: 600px) 100vw, 600px\" \/><\/figure><div class=\"elementor-image-box-content\"><h3 class=\"elementor-image-box-title\">KONTROLA TEMPERATURE SISTEMA<\/h3><p class=\"elementor-image-box-description\">Koliko hibridni automobil tro\u0161i? Koliko tro\u0161i podno grejanje na struju Warmset?  \nOdgovor na prvo pitanje zavisi od toga kako vozite automobil. Kada je re\u010d o elektri\u010dnom grejanju, to zavisi od na\u010dina na koji se kontroli\u0161e temperatura i upravlja potro\u0161njom.  \nSvi sistemi koji se prodaju preko na\u0161ih distributera dimenzionisani su prema stvarnim energetskim potrebama objekta. Nikada se ne instalira vi\u0161e snage nego \u0161to je zaista potrebno, \u0161to omogu\u0107ava zna\u010dajnu u\u0161tedu tro\u0161kova i energije. Kada se instalira elektri\u010dni sistem podnog grejanja, neophodno je postaviti efikasan sistem za pra\u0107enje potro\u0161nje. \nKako se upravlja temperaturom grejnog sistema? <\/p><\/div><\/div>\t\t\t\t<\/div>\n\t\t\t\t<\/div>\n\t\t\t\t\t<\/div>\n\t\t\t\t<\/div>\n\t\t<div class=\"elementor-element elementor-element-30bba24 e-con-full e-flex e-con e-parent\" data-id=\"30bba24\" data-element_type=\"container\">\n\t\t<div class=\"elementor-element elementor-element-33d7d26 e-con-full e-flex e-con e-child\" data-id=\"33d7d26\" data-element_type=\"container\" data-settings=\"{&quot;background_background&quot;:&quot;classic&quot;}\">\n\t\t\t\t<div class=\"elementor-element elementor-element-046121e elementor-widget elementor-widget-text-editor\" data-id=\"046121e\" data-element_type=\"widget\" data-widget_type=\"text-editor.default\">\n\t\t\t\t<div class=\"elementor-widget-container\">\n\t\t\t\t\t\t\t\t\t<h3 style=\"text-align: center;\">Kontaktirajte nas<\/h3><p style=\"text-align: center;\">\u2776 011 38 36 882<\/p><p style=\"text-align: center;\">\u2777 office@binvex.com<\/p><p style=\"text-align: center;\">\u2778 Posetite nas na adresi Ju\u017eni bulevar 1a, 11000 Beograd<\/p>\t\t\t\t\t\t\t\t<\/div>\n\t\t\t\t<\/div>\n\t\t\t\t<\/div>\n\t\t<div class=\"elementor-element elementor-element-66ee8ec e-con-full e-flex e-con e-child\" data-id=\"66ee8ec\" data-element_type=\"container\">\n\t\t\t\t<div class=\"elementor-element elementor-element-74086c8 elementor-widget elementor-widget-google_maps\" data-id=\"74086c8\" data-element_type=\"widget\" data-widget_type=\"google_maps.default\">\n\t\t\t\t<div class=\"elementor-widget-container\">\n\t\t\t\t\t\t\t<div class=\"elementor-custom-embed\">\n\t\t\t<iframe loading=\"lazy\"\n\t\t\t\t\tsrc=\"https:\/\/maps.google.com\/maps?q=Binvex&#038;t=m&#038;z=15&#038;output=embed&#038;iwloc=near\"\n\t\t\t\t\ttitle=\"Binvex\"\n\t\t\t\t\taria-label=\"Binvex\"\n\t\t\t><\/iframe>\n\t\t<\/div>\n\t\t\t\t\t\t<\/div>\n\t\t\t\t<\/div>\n\t\t\t\t<\/div>\n\t\t\t\t<\/div>\n\t\t\t\t<\/div>","protected":false},"excerpt":{"rendered":"<p>Koliko tro\u0161i podno grejanje na struju? Naj\u010de\u0161\u0107e pitanje koje nam postavljaju jeste koliko tro\u0161i podno grejanje na struju? Faktor potro\u0161nje je ono \u0161to najvi\u0161e brine na\u0161e kupce, \u0161to je pomalo \u010dudno jer se isto pitanje \u010desto ne postavlja prilikom instalacije konvencionalnih sistema grejanja.\u00a0 Da bi se unapred ta\u010dno znalo koliko tro\u0161i Warmset elektri\u010dni sistem grejanja, [&hellip;]<\/p>","protected":false},"author":2,"featured_media":0,"parent":0,"menu_order":0,"comment_status":"closed","ping_status":"closed","template":"elementor_header_footer","meta":{"_eb_attr":"","footnotes":""},"class_list":["post-3445","page","type-page","status-publish","hentry"],"_links":{"self":[{"href":"https:\/\/binvex.com\/en\/wp-json\/wp\/v2\/pages\/3445","targetHints":{"allow":["GET"]}}],"collection":[{"href":"https:\/\/binvex.com\/en\/wp-json\/wp\/v2\/pages"}],"about":[{"href":"https:\/\/binvex.com\/en\/wp-json\/wp\/v2\/types\/page"}],"author":[{"embeddable":true,"href":"https:\/\/binvex.com\/en\/wp-json\/wp\/v2\/users\/2"}],"replies":[{"embeddable":true,"href":"https:\/\/binvex.com\/en\/wp-json\/wp\/v2\/comments?post=3445"}],"version-history":[{"count":0,"href":"https:\/\/binvex.com\/en\/wp-json\/wp\/v2\/pages\/3445\/revisions"}],"wp:attachment":[{"href":"https:\/\/binvex.com\/en\/wp-json\/wp\/v2\/media?parent=3445"}],"curies":[{"name":"wp","href":"https:\/\/api.w.org\/{rel}","templated":true}]}}