{"id":3410,"date":"2025-04-25T14:49:14","date_gmt":"2025-04-25T12:49:14","guid":{"rendered":"https:\/\/binvex.com\/?page_id=3410"},"modified":"2025-04-29T10:24:48","modified_gmt":"2025-04-29T08:24:48","slug":"zasto-izabrati-elektricno-podno-grejanje-warmset","status":"publish","type":"page","link":"https:\/\/binvex.com\/en\/zasto-izabrati-elektricno-podno-grejanje-warmset\/","title":{"rendered":"Za\u0161to izabrati elektri\u010dno podno grejanje &#8211; WARMSET"},"content":{"rendered":"<div data-elementor-type=\"wp-page\" data-elementor-id=\"3410\" class=\"elementor elementor-3410\" data-elementor-post-type=\"page\">\n\t\t\t\t<div class=\"elementor-element elementor-element-8b28ab8 e-flex e-con-boxed e-con e-parent\" data-id=\"8b28ab8\" data-element_type=\"container\">\n\t\t\t\t\t<div class=\"e-con-inner\">\n\t\t\t\t<div class=\"elementor-element elementor-element-30b20d4 elementor-widget-divider--view-line elementor-widget elementor-widget-divider\" data-id=\"30b20d4\" data-element_type=\"widget\" data-widget_type=\"divider.default\">\n\t\t\t\t<div class=\"elementor-widget-container\">\n\t\t\t\t\t\t\t<div class=\"elementor-divider\">\n\t\t\t<span class=\"elementor-divider-separator\">\n\t\t\t\t\t\t<\/span>\n\t\t<\/div>\n\t\t\t\t\t\t<\/div>\n\t\t\t\t<\/div>\n\t\t\t\t<div class=\"elementor-element elementor-element-18c062a elementor-widget elementor-widget-heading\" data-id=\"18c062a\" data-element_type=\"widget\" data-widget_type=\"heading.default\">\n\t\t\t\t<div class=\"elementor-widget-container\">\n\t\t\t\t\t<h2 class=\"elementor-heading-title elementor-size-default\">Za\u0161to izabrati elektri\u010dno podno grejanje<\/h2>\t\t\t\t<\/div>\n\t\t\t\t<\/div>\n\t\t\t\t\t<\/div>\n\t\t\t\t<\/div>\n\t\t<div class=\"elementor-element elementor-element-a17ee84 e-flex e-con-boxed e-con e-parent\" data-id=\"a17ee84\" data-element_type=\"container\" data-settings=\"{&quot;background_background&quot;:&quot;classic&quot;}\">\n\t\t\t\t\t<div class=\"e-con-inner\">\n\t\t<div class=\"elementor-element elementor-element-8c76883 e-con-full e-flex e-con e-child\" data-id=\"8c76883\" data-element_type=\"container\">\n\t\t\t\t<\/div>\n\t\t<div class=\"elementor-element elementor-element-95c38d7 e-con-full e-flex e-con e-child\" data-id=\"95c38d7\" data-element_type=\"container\" data-settings=\"{&quot;background_background&quot;:&quot;classic&quot;}\">\n\t\t\t\t<div class=\"elementor-element elementor-element-88cd3d9 elementor-widget-laptop__width-initial elementor-widget elementor-widget-text-editor\" data-id=\"88cd3d9\" data-element_type=\"widget\" data-widget_type=\"text-editor.default\">\n\t\t\t\t<div class=\"elementor-widget-container\">\n\t\t\t\t\t\t\t\t\t<p style=\"text-align: right;\"><strong>Koji je najpovoljniji oblik grejanja?<\/strong><br \/>Ovo je jedno od prvih pitanja koje postavljate kada renovirate nekretninu ili gradite novi dom.<br \/>Da li je jeftinije instalirati elektri\u010dno grejanje? Ili je bolje odabrati oblik grejanja koji koristi gas ili toplotnu pumpu?<br \/>Da biste bolje razumeli \u0161ta odabrati, pre svega je korisno biti svestan razlika izme\u0111u hidroni\u010dnog i elektri\u010dnog grejanja.<\/p>\t\t\t\t\t\t\t\t<\/div>\n\t\t\t\t<\/div>\n\t\t\t\t<\/div>\n\t\t\t\t\t<\/div>\n\t\t\t\t<\/div>\n\t\t<div class=\"elementor-element elementor-element-07ad9f7 e-flex e-con-boxed e-con e-parent\" data-id=\"07ad9f7\" data-element_type=\"container\">\n\t\t\t\t\t<div class=\"e-con-inner\">\n\t\t\t\t<div class=\"elementor-element elementor-element-5b5df03 elementor-widget elementor-widget-heading\" data-id=\"5b5df03\" data-element_type=\"widget\" data-widget_type=\"heading.default\">\n\t\t\t\t<div class=\"elementor-widget-container\">\n\t\t\t\t\t<h2 class=\"elementor-heading-title elementor-size-default\">Za\u0161to odabrati Warmset elektri\u010dno podno grejanje?<\/h2>\t\t\t\t<\/div>\n\t\t\t\t<\/div>\n\t\t\t\t\t<\/div>\n\t\t\t\t<\/div>\n\t\t<div class=\"elementor-element elementor-element-5eec6ea e-flex e-con-boxed e-con e-parent\" data-id=\"5eec6ea\" data-element_type=\"container\">\n\t\t\t\t\t<div class=\"e-con-inner\">\n\t\t\t\t<div class=\"elementor-element elementor-element-df8ec11 elementor-position-right elementor-vertical-align-top elementor-widget elementor-widget-image-box\" data-id=\"df8ec11\" data-element_type=\"widget\" data-widget_type=\"image-box.default\">\n\t\t\t\t<div class=\"elementor-widget-container\">\n\t\t\t\t\t<div class=\"elementor-image-box-wrapper\"><figure class=\"elementor-image-box-img\"><img fetchpriority=\"high\" decoding=\"async\" width=\"600\" height=\"400\" src=\"https:\/\/binvex.com\/wp-content\/uploads\/2025\/04\/termometar.jpg\" class=\"attachment-full size-full wp-image-3415\" alt=\"\" srcset=\"https:\/\/binvex.com\/wp-content\/uploads\/2025\/04\/termometar.jpg 600w, https:\/\/binvex.com\/wp-content\/uploads\/2025\/04\/termometar-300x200.jpg 300w, https:\/\/binvex.com\/wp-content\/uploads\/2025\/04\/termometar-18x12.jpg 18w\" sizes=\"(max-width: 600px) 100vw, 600px\" \/><\/figure><div class=\"elementor-image-box-content\"><h3 class=\"elementor-image-box-title\">Greje se odmah<\/h3><p class=\"elementor-image-box-description\">Samo nekoliko minuta nakon uklju\u010divanja. Na taj na\u010din pod se zagreva samo kada je to zaista potrebno.\n\n\u010cak i kod grejnih elemenata postavljenih u ko\u0161uljicu, zagrevanje je br\u017ee i reaktivnije od bilo kog drugog sistema. Elektri\u010dni grejni element po\u010dinje da greje odmah nakon uklju\u010divanja. Nema \u010dekanja da se voda ili te\u010dnost dovedu na \u017eeljenu temperaturu, kao \u0161to je slu\u010daj kod hidroni\u010dnih sistema.\nSamim tim, tokom prole\u0107a i jeseni grejanje se mo\u017ee uklju\u010divati i isklju\u010divati u skladu sa spoljnim temperaturama.<\/p><\/div><\/div>\t\t\t\t<\/div>\n\t\t\t\t<\/div>\n\t\t\t\t\t<\/div>\n\t\t\t\t<\/div>\n\t\t<div class=\"elementor-element elementor-element-13d9521 e-flex e-con-boxed e-con e-parent\" data-id=\"13d9521\" data-element_type=\"container\">\n\t\t\t\t\t<div class=\"e-con-inner\">\n\t\t\t\t<div class=\"elementor-element elementor-element-f3852fe elementor-position-left elementor-vertical-align-top elementor-widget elementor-widget-image-box\" data-id=\"f3852fe\" data-element_type=\"widget\" data-widget_type=\"image-box.default\">\n\t\t\t\t<div class=\"elementor-widget-container\">\n\t\t\t\t\t<div class=\"elementor-image-box-wrapper\"><figure class=\"elementor-image-box-img\"><img decoding=\"async\" width=\"600\" height=\"400\" src=\"https:\/\/binvex.com\/wp-content\/uploads\/2025\/04\/termostat.jpg\" class=\"attachment-full size-full wp-image-3416\" alt=\"\" srcset=\"https:\/\/binvex.com\/wp-content\/uploads\/2025\/04\/termostat.jpg 600w, https:\/\/binvex.com\/wp-content\/uploads\/2025\/04\/termostat-300x200.jpg 300w, https:\/\/binvex.com\/wp-content\/uploads\/2025\/04\/termostat-18x12.jpg 18w\" sizes=\"(max-width: 600px) 100vw, 600px\" \/><\/figure><div class=\"elementor-image-box-content\"><h3 class=\"elementor-image-box-title\">Razli\u010dite temperature u razli\u010ditim sobama<\/h3><p class=\"elementor-image-box-description\">Da li ste ikada u\u0161li u ku\u0107u i primetili da su neke sobe toplije, dok su druge hladnije? To je \u010dest problem, ali uz Warmset elektri\u010dno podno grejanje, ovakve situacije postaju stvar pro\u0161losti.\n\nZamislite da mo\u017eete prilagoditi temperaturu svake prostorije prema svojim potrebama: 22\u00b0C u kupatilu za savr\u0161en komfor ujutru; 18\u00b0C u spava\u0107oj sobi, idealno za miran san; i 20\u00b0C u dnevnoj sobi, za opu\u0161tanje uz savr\u0161enu toplinu.\n\nUz Warmset, kona\u010dno mo\u017eete u\u017eivati u svom domu onako kako ste oduvek \u017eeleli, sobu po sobu, uz ravnomernu i personalizovanu toplotu koja svaki trenutak \u010dini prijatnijim. Ovo nije samo pitanje udobnosti, ve\u0107 i prakti\u010dnosti i efikasnosti: sistem osmi\u0161ljen da unapredi va\u0161u svakodnevicu na jednostavan i pametan na\u010din.<\/p><\/div><\/div>\t\t\t\t<\/div>\n\t\t\t\t<\/div>\n\t\t\t\t\t<\/div>\n\t\t\t\t<\/div>\n\t\t<div class=\"elementor-element elementor-element-5bd90ce e-flex e-con-boxed e-con e-parent\" data-id=\"5bd90ce\" data-element_type=\"container\">\n\t\t\t\t\t<div class=\"e-con-inner\">\n\t\t\t\t<div class=\"elementor-element elementor-element-fb5bc26 elementor-position-right elementor-vertical-align-top elementor-widget elementor-widget-image-box\" data-id=\"fb5bc26\" data-element_type=\"widget\" data-widget_type=\"image-box.default\">\n\t\t\t\t<div class=\"elementor-widget-container\">\n\t\t\t\t\t<div class=\"elementor-image-box-wrapper\"><figure class=\"elementor-image-box-img\"><img decoding=\"async\" width=\"600\" height=\"400\" src=\"https:\/\/binvex.com\/wp-content\/uploads\/2025\/04\/podovi.jpg\" class=\"attachment-full size-full wp-image-3420\" alt=\"elektri\u010dno podno grejanje za sve vrste podova\" srcset=\"https:\/\/binvex.com\/wp-content\/uploads\/2025\/04\/podovi.jpg 600w, https:\/\/binvex.com\/wp-content\/uploads\/2025\/04\/podovi-300x200.jpg 300w, https:\/\/binvex.com\/wp-content\/uploads\/2025\/04\/podovi-18x12.jpg 18w\" sizes=\"(max-width: 600px) 100vw, 600px\" \/><\/figure><div class=\"elementor-image-box-content\"><h3 class=\"elementor-image-box-title\">Prilago\u0111ava se svakom tipu podne obloge<\/h3><p class=\"elementor-image-box-description\">Elektri\u010dno podno grejanje mo\u017ee se instalirati ispod bilo koje vrste poda:\n\nKerami\u010dkih plo\u010dica zalepljenih lepkom;\ndrvenih obloga zalepljenih lepkom;\nko\u0161uljice (estriha);\nplivaju\u0107ih podova;\ntepih-staza od zida do zida;\nya spoljne primene, poput betona, asfalta i poplo\u010danog kamena.<\/p><\/div><\/div>\t\t\t\t<\/div>\n\t\t\t\t<\/div>\n\t\t\t\t\t<\/div>\n\t\t\t\t<\/div>\n\t\t<div class=\"elementor-element elementor-element-33622f3 e-flex e-con-boxed e-con e-parent\" data-id=\"33622f3\" data-element_type=\"container\">\n\t\t\t\t\t<div class=\"e-con-inner\">\n\t\t\t\t<div class=\"elementor-element elementor-element-fe82649 elementor-position-left elementor-vertical-align-top elementor-widget elementor-widget-image-box\" data-id=\"fe82649\" data-element_type=\"widget\" data-widget_type=\"image-box.default\">\n\t\t\t\t<div class=\"elementor-widget-container\">\n\t\t\t\t\t<div class=\"elementor-image-box-wrapper\"><figure class=\"elementor-image-box-img\"><img loading=\"lazy\" decoding=\"async\" width=\"600\" height=\"400\" src=\"https:\/\/binvex.com\/wp-content\/uploads\/2025\/04\/novac.jpg\" class=\"attachment-full size-full wp-image-3421\" alt=\"\" srcset=\"https:\/\/binvex.com\/wp-content\/uploads\/2025\/04\/novac.jpg 600w, https:\/\/binvex.com\/wp-content\/uploads\/2025\/04\/novac-300x200.jpg 300w, https:\/\/binvex.com\/wp-content\/uploads\/2025\/04\/novac-18x12.jpg 18w\" sizes=\"(max-width: 600px) 100vw, 600px\" \/><\/figure><div class=\"elementor-image-box-content\"><h3 class=\"elementor-image-box-title\">Tro\u0161kovi instalacije i rada su prepolovljeni<\/h3><p class=\"elementor-image-box-description\">Da li je mogu\u0107e potro\u0161iti 50% manje za instalaciju sistema podnog grejanja? Odgovor je: da!\nZa elektri\u010dni radijacioni sistem grejanja, tro\u0161kovi nabavke i instalacije sistema \u0107e biti vi\u0161e od 50% ni\u017ei u pore\u0111enju sa konvencionalnim hidroni\u010dkim sistemom. Tro\u0161kovi rada tako\u0111e \u0107e biti znatno ni\u017ei od tro\u0161kova podnog grejanja koje koristi vodu, kotlove, cevi i toplotne pumpe.<\/p><\/div><\/div>\t\t\t\t<\/div>\n\t\t\t\t<\/div>\n\t\t\t\t\t<\/div>\n\t\t\t\t<\/div>\n\t\t<div class=\"elementor-element elementor-element-66f3879 e-flex e-con-boxed e-con e-parent\" data-id=\"66f3879\" data-element_type=\"container\">\n\t\t\t\t\t<div class=\"e-con-inner\">\n\t\t<div class=\"elementor-element elementor-element-ce89e93 e-con-full e-flex e-con e-child\" data-id=\"ce89e93\" data-element_type=\"container\">\n\t\t\t\t<div class=\"elementor-element elementor-element-e9ee44d elementor-position-left elementor-vertical-align-top elementor-widget elementor-widget-image-box\" data-id=\"e9ee44d\" data-element_type=\"widget\" data-widget_type=\"image-box.default\">\n\t\t\t\t<div class=\"elementor-widget-container\">\n\t\t\t\t\t<div class=\"elementor-image-box-wrapper\"><figure class=\"elementor-image-box-img\"><img loading=\"lazy\" decoding=\"async\" width=\"150\" height=\"150\" src=\"https:\/\/binvex.com\/wp-content\/uploads\/2025\/04\/oblik-11.jpg\" class=\"attachment-thumbnail size-thumbnail wp-image-3422\" alt=\"\" srcset=\"https:\/\/binvex.com\/wp-content\/uploads\/2025\/04\/oblik-11.jpg 150w, https:\/\/binvex.com\/wp-content\/uploads\/2025\/04\/oblik-11-12x12.jpg 12w, https:\/\/binvex.com\/wp-content\/uploads\/2025\/04\/oblik-11-100x100.jpg 100w\" sizes=\"(max-width: 150px) 100vw, 150px\" \/><\/figure><div class=\"elementor-image-box-content\"><h3 class=\"elementor-image-box-title\">Bezbedno je i ne emituje elektromagnetne emisije.<\/h3><p class=\"elementor-image-box-description\">Tokom godina, Warmset je dobio me\u0111unarodne sertifikate od organizacija Nemko, BEAB, UL, NF i TCNA. Rezultati testiranja su pokazali da Warmset grejanje ne emituje elektromagnetne talase.<\/p><\/div><\/div>\t\t\t\t<\/div>\n\t\t\t\t<\/div>\n\t\t\t\t<\/div>\n\t\t<div class=\"elementor-element elementor-element-1652997 e-con-full e-flex e-con e-child\" data-id=\"1652997\" data-element_type=\"container\">\n\t\t\t\t<div class=\"elementor-element elementor-element-ca8c2b8 elementor-position-left elementor-vertical-align-top elementor-widget elementor-widget-image-box\" data-id=\"ca8c2b8\" data-element_type=\"widget\" data-widget_type=\"image-box.default\">\n\t\t\t\t<div class=\"elementor-widget-container\">\n\t\t\t\t\t<div class=\"elementor-image-box-wrapper\"><figure class=\"elementor-image-box-img\"><img loading=\"lazy\" decoding=\"async\" width=\"150\" height=\"150\" src=\"https:\/\/binvex.com\/wp-content\/uploads\/2025\/04\/oblik-223.jpg\" class=\"attachment-thumbnail size-thumbnail wp-image-3423\" alt=\"\" srcset=\"https:\/\/binvex.com\/wp-content\/uploads\/2025\/04\/oblik-223.jpg 150w, https:\/\/binvex.com\/wp-content\/uploads\/2025\/04\/oblik-223-12x12.jpg 12w, https:\/\/binvex.com\/wp-content\/uploads\/2025\/04\/oblik-223-100x100.jpg 100w\" sizes=\"(max-width: 150px) 100vw, 150px\" \/><\/figure><div class=\"elementor-image-box-content\"><h3 class=\"elementor-image-box-title\">Ne rasipa energiju<\/h3><p class=\"elementor-image-box-description\">Warmset elektri\u010dno podno grejanje funkcioni\u0161e poput Sunca i njegovih zraka. Naime, ba\u0161 kao sun\u010deva svetlost, elektri\u010dno grejanje zagreva objekte, izbegavaju\u0107i nepotrebne gubitke energije<\/p><\/div><\/div>\t\t\t\t<\/div>\n\t\t\t\t<\/div>\n\t\t\t\t<\/div>\n\t\t<div class=\"elementor-element elementor-element-be4aaac e-con-full e-flex e-con e-child\" data-id=\"be4aaac\" data-element_type=\"container\">\n\t\t\t\t<div class=\"elementor-element elementor-element-b547093 elementor-position-left elementor-vertical-align-top elementor-widget elementor-widget-image-box\" data-id=\"b547093\" data-element_type=\"widget\" data-widget_type=\"image-box.default\">\n\t\t\t\t<div class=\"elementor-widget-container\">\n\t\t\t\t\t<div class=\"elementor-image-box-wrapper\"><figure class=\"elementor-image-box-img\"><img loading=\"lazy\" decoding=\"async\" width=\"150\" height=\"150\" src=\"https:\/\/binvex.com\/wp-content\/uploads\/2025\/04\/oblik-3.jpg\" class=\"attachment-thumbnail size-thumbnail wp-image-3426\" alt=\"\" srcset=\"https:\/\/binvex.com\/wp-content\/uploads\/2025\/04\/oblik-3.jpg 150w, https:\/\/binvex.com\/wp-content\/uploads\/2025\/04\/oblik-3-12x12.jpg 12w, https:\/\/binvex.com\/wp-content\/uploads\/2025\/04\/oblik-3-100x100.jpg 100w\" sizes=\"(max-width: 150px) 100vw, 150px\" \/><\/figure><div class=\"elementor-image-box-content\"><h3 class=\"elementor-image-box-title\">Izuzetno je tanko<\/h3><p class=\"elementor-image-box-description\">Warmset traka je izuzetno tanka. Sa svega 3 mm debljine, jedna je od najtanjih grejnih traka na tr\u017ei\u0161tu. Zahvaljuju\u0107i ovoj karakteristici, traka se mo\u017ee postaviti ispod bilo koje podne obloge, bez potrebe za uklanjanjem postoje\u0107eg poda.<\/p><\/div><\/div>\t\t\t\t<\/div>\n\t\t\t\t<\/div>\n\t\t\t\t<\/div>\n\t\t<div class=\"elementor-element elementor-element-08c4034 e-con-full e-flex e-con e-child\" data-id=\"08c4034\" data-element_type=\"container\">\n\t\t\t\t<div class=\"elementor-element elementor-element-48113c7 elementor-position-left elementor-vertical-align-top elementor-widget elementor-widget-image-box\" data-id=\"48113c7\" data-element_type=\"widget\" data-widget_type=\"image-box.default\">\n\t\t\t\t<div class=\"elementor-widget-container\">\n\t\t\t\t\t<div class=\"elementor-image-box-wrapper\"><figure class=\"elementor-image-box-img\"><img loading=\"lazy\" decoding=\"async\" width=\"150\" height=\"150\" src=\"https:\/\/binvex.com\/wp-content\/uploads\/2025\/04\/oblik-6.jpg\" class=\"attachment-thumbnail size-thumbnail wp-image-3425\" alt=\"\" srcset=\"https:\/\/binvex.com\/wp-content\/uploads\/2025\/04\/oblik-6.jpg 150w, https:\/\/binvex.com\/wp-content\/uploads\/2025\/04\/oblik-6-12x12.jpg 12w, https:\/\/binvex.com\/wp-content\/uploads\/2025\/04\/oblik-6-100x100.jpg 100w\" sizes=\"(max-width: 150px) 100vw, 150px\" \/><\/figure><div class=\"elementor-image-box-content\"><h3 class=\"elementor-image-box-title\">Eko-odr\u017eivo je<\/h3><p class=\"elementor-image-box-description\">Mogu\u0107e je zagrejati va\u0161 dom isklju\u010divo koriste\u0107i sun\u010devu energiju. Uz Warmset elektri\u010dno podno grejanje, mogu\u0107e je posti\u0107i samostalnu potro\u0161nju. U optimalnim uslovima, fotonaponski sistem koji radi punim kapacitetom mo\u017ee zagrejati ceo dom bez ikakvih tro\u0161kova!<\/p><\/div><\/div>\t\t\t\t<\/div>\n\t\t\t\t<\/div>\n\t\t\t\t<\/div>\n\t\t<div class=\"elementor-element elementor-element-c2e712e e-con-full e-flex e-con e-child\" data-id=\"c2e712e\" data-element_type=\"container\">\n\t\t\t\t<div class=\"elementor-element elementor-element-70f38f9 elementor-position-left elementor-vertical-align-top elementor-widget elementor-widget-image-box\" data-id=\"70f38f9\" data-element_type=\"widget\" data-widget_type=\"image-box.default\">\n\t\t\t\t<div class=\"elementor-widget-container\">\n\t\t\t\t\t<div class=\"elementor-image-box-wrapper\"><figure class=\"elementor-image-box-img\"><img loading=\"lazy\" decoding=\"async\" width=\"150\" height=\"150\" src=\"https:\/\/binvex.com\/wp-content\/uploads\/2025\/04\/oblik-5.jpg\" class=\"attachment-thumbnail size-thumbnail wp-image-3424\" alt=\"\" srcset=\"https:\/\/binvex.com\/wp-content\/uploads\/2025\/04\/oblik-5.jpg 150w, https:\/\/binvex.com\/wp-content\/uploads\/2025\/04\/oblik-5-12x12.jpg 12w, https:\/\/binvex.com\/wp-content\/uploads\/2025\/04\/oblik-5-100x100.jpg 100w\" sizes=\"(max-width: 150px) 100vw, 150px\" \/><\/figure><div class=\"elementor-image-box-content\"><h3 class=\"elementor-image-box-title\">Proizvedeno u Italiji.<\/h3><p class=\"elementor-image-box-description\">Za razliku od ve\u0107ine grejnih sistema, Warmset je 100% proizveden u Italiji. Zahvaljuju\u0107i velikoj fleksibilnosti u proizvodnji, u mogu\u0107nosti smo da obezbedimo prilago\u0111ene proizvode koji odgovaraju stvarnim energetskim potrebama va\u0161eg doma.<\/p><\/div><\/div>\t\t\t\t<\/div>\n\t\t\t\t<\/div>\n\t\t\t\t<\/div>\n\t\t<div class=\"elementor-element elementor-element-d4bef03 e-con-full e-flex e-con e-child\" data-id=\"d4bef03\" data-element_type=\"container\">\n\t\t\t\t<div class=\"elementor-element elementor-element-7edbbb0 elementor-position-left elementor-vertical-align-top elementor-widget elementor-widget-image-box\" data-id=\"7edbbb0\" data-element_type=\"widget\" data-widget_type=\"image-box.default\">\n\t\t\t\t<div class=\"elementor-widget-container\">\n\t\t\t\t\t<div class=\"elementor-image-box-wrapper\"><figure class=\"elementor-image-box-img\"><img loading=\"lazy\" decoding=\"async\" width=\"150\" height=\"150\" src=\"https:\/\/binvex.com\/wp-content\/uploads\/2025\/04\/oblik-4.jpg\" class=\"attachment-thumbnail size-thumbnail wp-image-3427\" alt=\"\" srcset=\"https:\/\/binvex.com\/wp-content\/uploads\/2025\/04\/oblik-4.jpg 150w, https:\/\/binvex.com\/wp-content\/uploads\/2025\/04\/oblik-4-12x12.jpg 12w, https:\/\/binvex.com\/wp-content\/uploads\/2025\/04\/oblik-4-100x100.jpg 100w\" sizes=\"(max-width: 150px) 100vw, 150px\" \/><\/figure><div class=\"elementor-image-box-content\"><h3 class=\"elementor-image-box-title\">Garancija<\/h3><p class=\"elementor-image-box-description\">Dve linije proizvoda, dve garancije. Black linija ima garanciju od 10 godina, dok Gold linija ima garanciju od 25 godina!<\/p><\/div><\/div>\t\t\t\t<\/div>\n\t\t\t\t<\/div>\n\t\t\t\t<\/div>\n\t\t\t\t\t<\/div>\n\t\t\t\t<\/div>\n\t\t<div class=\"elementor-element elementor-element-30bba24 e-con-full e-flex e-con e-parent\" data-id=\"30bba24\" data-element_type=\"container\">\n\t\t<div class=\"elementor-element elementor-element-33d7d26 e-con-full e-flex e-con e-child\" data-id=\"33d7d26\" data-element_type=\"container\" data-settings=\"{&quot;background_background&quot;:&quot;classic&quot;}\">\n\t\t\t\t<div class=\"elementor-element elementor-element-046121e elementor-widget elementor-widget-text-editor\" data-id=\"046121e\" data-element_type=\"widget\" data-widget_type=\"text-editor.default\">\n\t\t\t\t<div class=\"elementor-widget-container\">\n\t\t\t\t\t\t\t\t\t<h3 style=\"text-align: center;\">Kontaktirajte nas<\/h3><p style=\"text-align: center;\">\u2776 011 38 36 882<\/p><p style=\"text-align: center;\">\u2777 office@binvex.com<\/p><p style=\"text-align: center;\">\u2778 Posetite nas na adresi Ju\u017eni bulevar 1a, 11000 Beograd<\/p>\t\t\t\t\t\t\t\t<\/div>\n\t\t\t\t<\/div>\n\t\t\t\t<\/div>\n\t\t<div class=\"elementor-element elementor-element-66ee8ec e-con-full e-flex e-con e-child\" data-id=\"66ee8ec\" data-element_type=\"container\">\n\t\t\t\t<div class=\"elementor-element elementor-element-74086c8 elementor-widget elementor-widget-google_maps\" data-id=\"74086c8\" data-element_type=\"widget\" data-widget_type=\"google_maps.default\">\n\t\t\t\t<div class=\"elementor-widget-container\">\n\t\t\t\t\t\t\t<div class=\"elementor-custom-embed\">\n\t\t\t<iframe loading=\"lazy\"\n\t\t\t\t\tsrc=\"https:\/\/maps.google.com\/maps?q=Binvex&#038;t=m&#038;z=15&#038;output=embed&#038;iwloc=near\"\n\t\t\t\t\ttitle=\"Binvex\"\n\t\t\t\t\taria-label=\"Binvex\"\n\t\t\t><\/iframe>\n\t\t<\/div>\n\t\t\t\t\t\t<\/div>\n\t\t\t\t<\/div>\n\t\t\t\t<\/div>\n\t\t\t\t<\/div>\n\t\t\t\t<\/div>","protected":false},"excerpt":{"rendered":"<p>Za\u0161to izabrati elektri\u010dno podno grejanje Koji je najpovoljniji oblik grejanja?Ovo je jedno od prvih pitanja koje postavljate kada renovirate nekretninu ili gradite novi dom.Da li je jeftinije instalirati elektri\u010dno grejanje? Ili je bolje odabrati oblik grejanja koji koristi gas ili toplotnu pumpu?Da biste bolje razumeli \u0161ta odabrati, pre svega je korisno biti svestan razlika izme\u0111u [&hellip;]<\/p>","protected":false},"author":2,"featured_media":0,"parent":0,"menu_order":0,"comment_status":"closed","ping_status":"closed","template":"elementor_header_footer","meta":{"_eb_attr":"","footnotes":""},"class_list":["post-3410","page","type-page","status-publish","hentry"],"_links":{"self":[{"href":"https:\/\/binvex.com\/en\/wp-json\/wp\/v2\/pages\/3410","targetHints":{"allow":["GET"]}}],"collection":[{"href":"https:\/\/binvex.com\/en\/wp-json\/wp\/v2\/pages"}],"about":[{"href":"https:\/\/binvex.com\/en\/wp-json\/wp\/v2\/types\/page"}],"author":[{"embeddable":true,"href":"https:\/\/binvex.com\/en\/wp-json\/wp\/v2\/users\/2"}],"replies":[{"embeddable":true,"href":"https:\/\/binvex.com\/en\/wp-json\/wp\/v2\/comments?post=3410"}],"version-history":[{"count":0,"href":"https:\/\/binvex.com\/en\/wp-json\/wp\/v2\/pages\/3410\/revisions"}],"wp:attachment":[{"href":"https:\/\/binvex.com\/en\/wp-json\/wp\/v2\/media?parent=3410"}],"curies":[{"name":"wp","href":"https:\/\/api.w.org\/{rel}","templated":true}]}}