{"id":3287,"date":"2025-04-29T09:28:48","date_gmt":"2025-04-29T07:28:48","guid":{"rendered":"https:\/\/binvex.com\/?page_id=3287"},"modified":"2026-03-30T12:49:04","modified_gmt":"2026-03-30T10:49:04","slug":"podno-grejanje-ispod-laminata-warmset","status":"publish","type":"page","link":"https:\/\/binvex.com\/en\/podno-grejanje-ispod-laminata-warmset\/","title":{"rendered":"Podno grejanje ispod laminata i drugih plivaju\u0107ih podova &#8211; WARMSET"},"content":{"rendered":"<div data-elementor-type=\"wp-page\" data-elementor-id=\"3287\" class=\"elementor elementor-3287\" data-elementor-post-type=\"page\">\n\t\t\t\t<div class=\"elementor-element elementor-element-8b28ab8 e-flex e-con-boxed e-con e-parent\" data-id=\"8b28ab8\" data-element_type=\"container\">\n\t\t\t\t\t<div class=\"e-con-inner\">\n\t\t\t\t<div class=\"elementor-element elementor-element-30b20d4 elementor-widget-divider--view-line elementor-widget elementor-widget-divider\" data-id=\"30b20d4\" data-element_type=\"widget\" data-widget_type=\"divider.default\">\n\t\t\t\t<div class=\"elementor-widget-container\">\n\t\t\t\t\t\t\t<div class=\"elementor-divider\">\n\t\t\t<span class=\"elementor-divider-separator\">\n\t\t\t\t\t\t<\/span>\n\t\t<\/div>\n\t\t\t\t\t\t<\/div>\n\t\t\t\t<\/div>\n\t\t\t\t<div class=\"elementor-element elementor-element-18c062a elementor-widget elementor-widget-heading\" data-id=\"18c062a\" data-element_type=\"widget\" data-widget_type=\"heading.default\">\n\t\t\t\t<div class=\"elementor-widget-container\">\n\t\t\t\t\t<h1 class=\"elementor-heading-title elementor-size-default\">Podno grejanje ispod laminata i ostalih plivaju\u0107ih podova - WARMSET<\/h1>\t\t\t\t<\/div>\n\t\t\t\t<\/div>\n\t\t\t\t\t<\/div>\n\t\t\t\t<\/div>\n\t\t<div class=\"elementor-element elementor-element-7c88817 e-flex e-con-boxed e-con e-parent\" data-id=\"7c88817\" data-element_type=\"container\">\n\t\t\t\t\t<div class=\"e-con-inner\">\n\t\t\t\t<div class=\"elementor-element elementor-element-8e7e3f8 elementor-widget elementor-widget-eael-sticky-video\" data-id=\"8e7e3f8\" data-element_type=\"widget\" data-widget_type=\"eael-sticky-video.default\">\n\t\t\t\t<div class=\"elementor-widget-container\">\n\t\t\t\t\t<div class=\"eael-sticky-video-wrapper eaelsv-overlay-visibility-\"><div class=\"eael-sticky-video-player2\" data-sticky=\"yes\" data-position=\"bottom-right\" data-sheight=\"169\" data-swidth=\"300\" data-scroll_height=\"70\" data-autoplay=\"no\" data-overlay=\"no\"><div\n\t\t\tid=\"eaelsv-player-8e7e3f8\"\n\t\t\tdata-plyr-provider=\"youtube\"\n\t\t\tdata-plyr-embed-id=\"irLsoRB9Rtg\"\n\t\t\tdata-plyr-config=\"{&quot;storage&quot;: {&quot;enabled&quot;: false, &quot;key&quot;: &quot;plyr&quot;}, &quot;autoplay&quot;:0, &quot;muted&quot;:0, &quot;loop&quot;: {&quot;active&quot;: false}}\"\n\t\t><\/div>\n\t\t\t\t<span class=\"eaelsv-sticky-player-close\"><i class=\"fas fa-times-circle\"><\/i><\/span>\n\t\t\t<\/div>\n\t\t<\/div>\t\t\t\t<\/div>\n\t\t\t\t<\/div>\n\t\t\t\t\t<\/div>\n\t\t\t\t<\/div>\n\t\t<div class=\"elementor-element elementor-element-7c7e89b e-flex e-con-boxed e-con e-parent\" data-id=\"7c7e89b\" data-element_type=\"container\">\n\t\t\t\t\t<div class=\"e-con-inner\">\n\t\t\t\t<div class=\"elementor-element elementor-element-11476ac elementor-widget elementor-widget-text-editor\" data-id=\"11476ac\" data-element_type=\"widget\" data-widget_type=\"text-editor.default\">\n\t\t\t\t<div class=\"elementor-widget-container\">\n\t\t\t\t\t\t\t\t\t<p style=\"text-align: center;\">\u0160ta su plivaju\u0107i podovi? Plivaju\u0107i podovi su podovi koji nisu zalepljeni, ve\u0107 su samo polo\u017eeni na podlogu. Mogu se postaviti (kao u slu\u010daju PVC-a ili tepiha) ili montirati sa me\u0111usobnim povezivanjem. Idealni su za renovacije jer su debljine veoma male. Zahvaljuju\u0107i Warmset aluminijumskom grejanju \u2013 u dve verzije, crnoj i zlatnoj \u2013 mogu\u0107e je grejati plivaju\u0107e podove sa samo 10 mm podne obloge + grejne trake, bez uklanjanja postoje\u0107eg poda.\u00a0Ukupna debljina tako\u0111e uklju\u010duje izolaciju, koja mo\u017ee biti Warmfoam ili Warmduplex pena.\u00a0Oba ova izolaciona sloja su veoma efikasna i razlikuju se po svojoj debljini (Warmfoam je najtanji) i na\u010dinu proizvodnje. Warmfoam je napravljen od polietilenske pene, dok je Warmduplex pena kombinacija polietilenske pene, aluminijuma i netkanog materijala.<\/p>\t\t\t\t\t\t\t\t<\/div>\n\t\t\t\t<\/div>\n\t\t\t\t\t<\/div>\n\t\t\t\t<\/div>\n\t\t<div class=\"elementor-element elementor-element-07ad9f7 e-flex e-con-boxed e-con e-parent\" data-id=\"07ad9f7\" data-element_type=\"container\">\n\t\t\t\t\t<div class=\"e-con-inner\">\n\t\t\t\t<div class=\"elementor-element elementor-element-5b5df03 elementor-widget elementor-widget-heading\" data-id=\"5b5df03\" data-element_type=\"widget\" data-widget_type=\"heading.default\">\n\t\t\t\t<div class=\"elementor-widget-container\">\n\t\t\t\t\t<h2 class=\"elementor-heading-title elementor-size-default\">2 razli\u010dita sistema za podno grejanje ispod laminata <\/h2>\t\t\t\t<\/div>\n\t\t\t\t<\/div>\n\t\t\t\t\t<\/div>\n\t\t\t\t<\/div>\n\t\t<div class=\"elementor-element elementor-element-0c4a3be e-flex e-con-boxed e-con e-parent\" data-id=\"0c4a3be\" data-element_type=\"container\">\n\t\t\t\t\t<div class=\"e-con-inner\">\n\t\t<div class=\"elementor-element elementor-element-1796217 e-con-full e-flex e-con e-child\" data-id=\"1796217\" data-element_type=\"container\">\n\t\t\t\t<div class=\"elementor-element elementor-element-dc1ecd7 elementor-position-top elementor-widget elementor-widget-image-box\" data-id=\"dc1ecd7\" data-element_type=\"widget\" data-widget_type=\"image-box.default\">\n\t\t\t\t<div class=\"elementor-widget-container\">\n\t\t\t\t\t<div class=\"elementor-image-box-wrapper\"><figure class=\"elementor-image-box-img\"><img fetchpriority=\"high\" decoding=\"async\" width=\"600\" height=\"400\" src=\"https:\/\/binvex.com\/wp-content\/uploads\/2025\/04\/IMG_0279.jpg\" class=\"elementor-animation-grow attachment-full size-full wp-image-3293\" alt=\"podno grejanje ispod laminata sa aluminijumom zlatno\" srcset=\"https:\/\/binvex.com\/wp-content\/uploads\/2025\/04\/IMG_0279.jpg 600w, https:\/\/binvex.com\/wp-content\/uploads\/2025\/04\/IMG_0279-300x200.jpg 300w, https:\/\/binvex.com\/wp-content\/uploads\/2025\/04\/IMG_0279-18x12.jpg 18w\" sizes=\"(max-width: 600px) 100vw, 600px\" \/><\/figure><div class=\"elementor-image-box-content\"><h3 class=\"elementor-image-box-title\">Zlatne trake sa aluminijumom<\/h3><\/div><\/div>\t\t\t\t<\/div>\n\t\t\t\t<\/div>\n\t\t\t\t<\/div>\n\t\t<div class=\"elementor-element elementor-element-ee119fe e-con-full e-flex e-con e-child\" data-id=\"ee119fe\" data-element_type=\"container\">\n\t\t\t\t<div class=\"elementor-element elementor-element-48d3c98 elementor-position-top elementor-widget elementor-widget-image-box\" data-id=\"48d3c98\" data-element_type=\"widget\" data-widget_type=\"image-box.default\">\n\t\t\t\t<div class=\"elementor-widget-container\">\n\t\t\t\t\t<div class=\"elementor-image-box-wrapper\"><figure class=\"elementor-image-box-img\"><a href=\"https:\/\/binvex.com\/en\/p\/grejne-trake-za-podno-grejanje-ispod-laminata-whab\/\" tabindex=\"-1\"><img decoding=\"async\" width=\"600\" height=\"400\" src=\"https:\/\/binvex.com\/wp-content\/uploads\/2025\/04\/IMG_0202.jpg\" class=\"elementor-animation-grow attachment-full size-full wp-image-3294\" alt=\"podno grejanje ispod laminata sa aluminijumom\" srcset=\"https:\/\/binvex.com\/wp-content\/uploads\/2025\/04\/IMG_0202.jpg 600w, https:\/\/binvex.com\/wp-content\/uploads\/2025\/04\/IMG_0202-300x200.jpg 300w, https:\/\/binvex.com\/wp-content\/uploads\/2025\/04\/IMG_0202-18x12.jpg 18w\" sizes=\"(max-width: 600px) 100vw, 600px\" \/><\/a><\/figure><div class=\"elementor-image-box-content\"><h3 class=\"elementor-image-box-title\"><a href=\"https:\/\/binvex.com\/en\/p\/grejne-trake-za-podno-grejanje-ispod-laminata-whab\/\">Crne trake sa aluminijumom<\/a><\/h3><\/div><\/div>\t\t\t\t<\/div>\n\t\t\t\t<\/div>\n\t\t\t\t<\/div>\n\t\t\t\t\t<\/div>\n\t\t\t\t<\/div>\n\t\t<div class=\"elementor-element elementor-element-0f9412e e-con-full e-flex e-con e-parent\" data-id=\"0f9412e\" data-element_type=\"container\">\n\t\t\t\t<div class=\"elementor-element elementor-element-91ff95c elementor-widget-mobile__width-initial elementor-widget elementor-widget-text-editor\" data-id=\"91ff95c\" data-element_type=\"widget\" data-widget_type=\"text-editor.default\">\n\t\t\t\t<div class=\"elementor-widget-container\">\n\t\t\t\t\t\t\t\t\t<p>Bez obzira na to koja od ove dve opcije se koristi, neophodno je uvek postaviti sloj izolacije ispod grejanja. Ovo spre\u010dava bilo kakvo o\u0161te\u0107enje izazvano tvrdim temeljem i izravnava osnovu, \u010dine\u0107i pod stabilnijim i ujedna\u010denijim.<\/p><p><!--EndFragment --><\/p><p><!--EndFragment --><\/p>\t\t\t\t\t\t\t\t<\/div>\n\t\t\t\t<\/div>\n\t\t\t\t<\/div>\n\t\t<div class=\"elementor-element elementor-element-bce1364 e-flex e-con-boxed e-con e-parent\" data-id=\"bce1364\" data-element_type=\"container\">\n\t\t\t\t\t<div class=\"e-con-inner\">\n\t\t<div class=\"elementor-element elementor-element-7b1dbfa e-con-full e-flex e-con e-child\" data-id=\"7b1dbfa\" data-element_type=\"container\">\n\t\t\t\t<div class=\"elementor-element elementor-element-2048f7c elementor-position-top elementor-widget elementor-widget-image-box\" data-id=\"2048f7c\" data-element_type=\"widget\" data-widget_type=\"image-box.default\">\n\t\t\t\t<div class=\"elementor-widget-container\">\n\t\t\t\t\t<div class=\"elementor-image-box-wrapper\"><figure class=\"elementor-image-box-img\"><img decoding=\"async\" width=\"1080\" height=\"720\" src=\"https:\/\/binvex.com\/wp-content\/uploads\/2025\/04\/WARMFOAM-izolacija.jpg\" class=\"attachment-full size-full wp-image-3298\" alt=\"\" srcset=\"https:\/\/binvex.com\/wp-content\/uploads\/2025\/04\/WARMFOAM-izolacija.jpg 1080w, https:\/\/binvex.com\/wp-content\/uploads\/2025\/04\/WARMFOAM-izolacija-300x200.jpg 300w, https:\/\/binvex.com\/wp-content\/uploads\/2025\/04\/WARMFOAM-izolacija-1024x683.jpg 1024w, https:\/\/binvex.com\/wp-content\/uploads\/2025\/04\/WARMFOAM-izolacija-768x512.jpg 768w, https:\/\/binvex.com\/wp-content\/uploads\/2025\/04\/WARMFOAM-izolacija-18x12.jpg 18w, https:\/\/binvex.com\/wp-content\/uploads\/2025\/04\/WARMFOAM-izolacija-600x400.jpg 600w\" sizes=\"(max-width: 1080px) 100vw, 1080px\" \/><\/figure><div class=\"elementor-image-box-content\"><h3 class=\"elementor-image-box-title\">WARMFOAM izolacija<\/h3><p class=\"elementor-image-box-description\">Warmfoam, napravljen od polietilenske pene debljine 5 mm, idealan je za sve vrste primena. Zahvaljuju\u0107i svojoj debljini i karakteristikama materijala, izuzetno je lagan: stoga se mo\u017ee lako transportovati u rolama do visine od 1 m.\nPolietilenska pena se koristi za obezbe\u0111ivanje mehani\u010dke stabilnosti sistema i smanjenje buke koraka i udaraca.\n<\/p><\/div><\/div>\t\t\t\t<\/div>\n\t\t\t\t<\/div>\n\t\t\t\t<\/div>\n\t\t<div class=\"elementor-element elementor-element-20c7e0f e-con-full e-flex e-con e-child\" data-id=\"20c7e0f\" data-element_type=\"container\">\n\t\t\t\t<div class=\"elementor-element elementor-element-362aee6 elementor-position-top elementor-widget elementor-widget-image-box\" data-id=\"362aee6\" data-element_type=\"widget\" data-widget_type=\"image-box.default\">\n\t\t\t\t<div class=\"elementor-widget-container\">\n\t\t\t\t\t<div class=\"elementor-image-box-wrapper\"><figure class=\"elementor-image-box-img\"><img loading=\"lazy\" decoding=\"async\" width=\"1080\" height=\"720\" src=\"https:\/\/binvex.com\/wp-content\/uploads\/2025\/04\/WARMDUPLEX-izolacija.jpg\" class=\"attachment-full size-full wp-image-3299\" alt=\"\" srcset=\"https:\/\/binvex.com\/wp-content\/uploads\/2025\/04\/WARMDUPLEX-izolacija.jpg 1080w, https:\/\/binvex.com\/wp-content\/uploads\/2025\/04\/WARMDUPLEX-izolacija-300x200.jpg 300w, https:\/\/binvex.com\/wp-content\/uploads\/2025\/04\/WARMDUPLEX-izolacija-1024x683.jpg 1024w, https:\/\/binvex.com\/wp-content\/uploads\/2025\/04\/WARMDUPLEX-izolacija-768x512.jpg 768w, https:\/\/binvex.com\/wp-content\/uploads\/2025\/04\/WARMDUPLEX-izolacija-18x12.jpg 18w, https:\/\/binvex.com\/wp-content\/uploads\/2025\/04\/WARMDUPLEX-izolacija-600x400.jpg 600w\" sizes=\"(max-width: 1080px) 100vw, 1080px\" \/><\/figure><div class=\"elementor-image-box-content\"><h3 class=\"elementor-image-box-title\">WARMDUPLEX izolacija<\/h3><p class=\"elementor-image-box-description\">Izolator Warmduplex pena predstavlja idealno re\u0161enje za postavljanje plivaju\u0107ih podova. Karakteri\u0161e je struktura od tri sloja, pri \u010demu svaki materijal pru\u017ea specifi\u010dnu funkciju:\n- Netkana baza od 440 g\/m\u00b2 obezbe\u0111uje visoku toplotnu izolaciju i prianjanje na podlogu tokom instalacije;\n- Aluminijumska folija je odli\u010dna parna barijera i reflektor infracrvenih zraka, usmeravaju\u0107i zrake ka delu koji se greje;\n- Polietilenska pena pru\u017ea mehani\u010dku stabilnost sistemu i smanjuje buku koraka i udaraca.<\/p><\/div><\/div>\t\t\t\t<\/div>\n\t\t\t\t<\/div>\n\t\t\t\t<\/div>\n\t\t\t\t\t<\/div>\n\t\t\t\t<\/div>\n\t\t<div class=\"elementor-element elementor-element-29b248f e-flex e-con-boxed e-con e-parent\" data-id=\"29b248f\" data-element_type=\"container\">\n\t\t\t\t\t<div class=\"e-con-inner\">\n\t\t\t\t<div class=\"elementor-element elementor-element-35163f8 elementor-widget elementor-widget-heading\" data-id=\"35163f8\" data-element_type=\"widget\" data-widget_type=\"heading.default\">\n\t\t\t\t<div class=\"elementor-widget-container\">\n\t\t\t\t\t<h2 class=\"elementor-heading-title elementor-size-default\">WARMSET termostati za regulaciju podnog grejanja<\/h2>\t\t\t\t<\/div>\n\t\t\t\t<\/div>\n\t\t\t\t\t<\/div>\n\t\t\t\t<\/div>\n\t\t<div class=\"elementor-element elementor-element-ee292af e-con-full e-flex e-con e-parent\" data-id=\"ee292af\" data-element_type=\"container\">\n\t\t\t\t<div class=\"elementor-element elementor-element-309b019 elementor-position-left elementor-vertical-align-top elementor-widget elementor-widget-image-box\" data-id=\"309b019\" data-element_type=\"widget\" data-widget_type=\"image-box.default\">\n\t\t\t\t<div class=\"elementor-widget-container\">\n\t\t\t\t\t<div class=\"elementor-image-box-wrapper\"><figure class=\"elementor-image-box-img\"><img loading=\"lazy\" decoding=\"async\" width=\"600\" height=\"601\" src=\"https:\/\/binvex.com\/wp-content\/uploads\/2025\/04\/termostat-WHT-6000-GBS-S.jpg\" class=\"elementor-animation-grow attachment-full size-full wp-image-3227\" alt=\"termostat za podno grejanje warmset\" srcset=\"https:\/\/binvex.com\/wp-content\/uploads\/2025\/04\/termostat-WHT-6000-GBS-S.jpg 600w, https:\/\/binvex.com\/wp-content\/uploads\/2025\/04\/termostat-WHT-6000-GBS-S-300x300.jpg 300w, https:\/\/binvex.com\/wp-content\/uploads\/2025\/04\/termostat-WHT-6000-GBS-S-150x150.jpg 150w, https:\/\/binvex.com\/wp-content\/uploads\/2025\/04\/termostat-WHT-6000-GBS-S-12x12.jpg 12w, https:\/\/binvex.com\/wp-content\/uploads\/2025\/04\/termostat-WHT-6000-GBS-S-100x100.jpg 100w\" sizes=\"(max-width: 600px) 100vw, 600px\" \/><\/figure><div class=\"elementor-image-box-content\"><h3 class=\"elementor-image-box-title\">Termostat WHT-6000<\/h3><p class=\"elementor-image-box-description\">Okrugla verzija Warmset WHT-6000 GBS Wi-Fi termostata idealna je za daljinsko upravljanje temperaturom radijantnog podnog grejanja. Njegov oblik je pogodan za bilo koju vrstu objekta i enterijera. Mo\u017ee se kontrolisati putem prakti\u010dne aplikacije za pametne telefone. U integrisanom sistemu grejanja zgrade mogu\u0107e je povezati sve termostate sa jedinicom za upravljanje potro\u0161njom.<\/p><\/div><\/div>\t\t\t\t<\/div>\n\t\t\t\t<\/div>\n\t\t\t\t<\/div>\n\t\t<div class=\"elementor-element elementor-element-a8f3dc8 e-flex e-con-boxed e-con e-parent\" data-id=\"a8f3dc8\" data-element_type=\"container\">\n\t\t\t\t\t<div class=\"e-con-inner\">\n\t\t\t\t<div class=\"elementor-element elementor-element-99f9597 elementor-widget elementor-widget-heading\" data-id=\"99f9597\" data-element_type=\"widget\" data-widget_type=\"heading.default\">\n\t\t\t\t<div class=\"elementor-widget-container\">\n\t\t\t\t\t<h2 class=\"elementor-heading-title elementor-size-default\">Primer renoviranja kancelarije u 4 koraka\n<\/h2>\t\t\t\t<\/div>\n\t\t\t\t<\/div>\n\t\t\t\t\t<\/div>\n\t\t\t\t<\/div>\n\t\t<div class=\"elementor-element elementor-element-ed7835e e-flex e-con-boxed e-con e-parent\" data-id=\"ed7835e\" data-element_type=\"container\">\n\t\t\t\t\t<div class=\"e-con-inner\">\n\t\t\t\t<div class=\"elementor-element elementor-element-40e8323 elementor-widget elementor-widget-text-editor\" data-id=\"40e8323\" data-element_type=\"widget\" data-widget_type=\"text-editor.default\">\n\t\t\t\t<div class=\"elementor-widget-container\">\n\t\t\t\t\t\t\t\t\t<p>Na ovom nizu slika mo\u017eete videti kako je kancelarija unapre\u0111ena postavljanjem Warmset grejanja iznad postoje\u0107eg poda, bez njegovog uklanjanja. Nakon postavljanja sloja izolacije i Warmset greja\u010da, polo\u017een je plivaju\u0107i pod. Na ovaj na\u010din, u samo 2 cm dobijate novi grejani pod.<\/p>\t\t\t\t\t\t\t\t<\/div>\n\t\t\t\t<\/div>\n\t\t\t\t\t<\/div>\n\t\t\t\t<\/div>\n\t\t<div class=\"elementor-element elementor-element-ae667e5 e-flex e-con-boxed e-con e-parent\" data-id=\"ae667e5\" data-element_type=\"container\">\n\t\t\t\t\t<div class=\"e-con-inner\">\n\t\t\t\t<div class=\"elementor-element elementor-element-3e06ca1 elementor-widget elementor-widget-image-gallery\" data-id=\"3e06ca1\" data-element_type=\"widget\" data-widget_type=\"image-gallery.default\">\n\t\t\t\t<div class=\"elementor-widget-container\">\n\t\t\t\t\t\t\t<div class=\"elementor-image-gallery\">\n\t\t\t\t\t<\/div>\n\t\t\t\t\t\t<\/div>\n\t\t\t\t<\/div>\n\t\t\t\t\t<\/div>\n\t\t\t\t<\/div>\n\t\t<div class=\"elementor-element elementor-element-30bba24 e-con-full e-flex e-con e-parent\" data-id=\"30bba24\" data-element_type=\"container\">\n\t\t<div class=\"elementor-element elementor-element-33d7d26 e-con-full e-flex e-con e-child\" data-id=\"33d7d26\" data-element_type=\"container\" data-settings=\"{&quot;background_background&quot;:&quot;classic&quot;}\">\n\t\t\t\t<div class=\"elementor-element elementor-element-046121e elementor-widget elementor-widget-text-editor\" data-id=\"046121e\" data-element_type=\"widget\" data-widget_type=\"text-editor.default\">\n\t\t\t\t<div class=\"elementor-widget-container\">\n\t\t\t\t\t\t\t\t\t<h3 style=\"text-align: center;\">Kontaktirajte nas<\/h3><p style=\"text-align: center;\">\u2776 011 38 36 882<\/p><p style=\"text-align: center;\">\u2777 office@binvex.com<\/p><p style=\"text-align: center;\">\u2778 Posetite nas na adresi Ju\u017eni bulevar 1a, 11000 Beograd<\/p>\t\t\t\t\t\t\t\t<\/div>\n\t\t\t\t<\/div>\n\t\t\t\t<\/div>\n\t\t<div class=\"elementor-element elementor-element-66ee8ec e-con-full e-flex e-con e-child\" data-id=\"66ee8ec\" data-element_type=\"container\">\n\t\t\t\t<div class=\"elementor-element elementor-element-74086c8 elementor-widget elementor-widget-google_maps\" data-id=\"74086c8\" data-element_type=\"widget\" data-widget_type=\"google_maps.default\">\n\t\t\t\t<div class=\"elementor-widget-container\">\n\t\t\t\t\t\t\t<div class=\"elementor-custom-embed\">\n\t\t\t<iframe loading=\"lazy\"\n\t\t\t\t\tsrc=\"https:\/\/maps.google.com\/maps?q=Binvex&#038;t=m&#038;z=15&#038;output=embed&#038;iwloc=near\"\n\t\t\t\t\ttitle=\"Binvex\"\n\t\t\t\t\taria-label=\"Binvex\"\n\t\t\t><\/iframe>\n\t\t<\/div>\n\t\t\t\t\t\t<\/div>\n\t\t\t\t<\/div>\n\t\t\t\t<\/div>\n\t\t\t\t<\/div>\n\t\t\t\t<\/div>","protected":false},"excerpt":{"rendered":"<p>Podno grejanje ispod laminata i ostalih plivaju\u0107ih podova &#8211; WARMSET \u0160ta su plivaju\u0107i podovi? Plivaju\u0107i podovi su podovi koji nisu zalepljeni, ve\u0107 su samo polo\u017eeni na podlogu. Mogu se postaviti (kao u slu\u010daju PVC-a ili tepiha) ili montirati sa me\u0111usobnim povezivanjem. Idealni su za renovacije jer su debljine veoma male. Zahvaljuju\u0107i Warmset aluminijumskom grejanju \u2013 [&hellip;]<\/p>","protected":false},"author":2,"featured_media":0,"parent":0,"menu_order":0,"comment_status":"closed","ping_status":"closed","template":"elementor_header_footer","meta":{"_eb_attr":"","footnotes":""},"class_list":["post-3287","page","type-page","status-publish","hentry"],"_links":{"self":[{"href":"https:\/\/binvex.com\/en\/wp-json\/wp\/v2\/pages\/3287","targetHints":{"allow":["GET"]}}],"collection":[{"href":"https:\/\/binvex.com\/en\/wp-json\/wp\/v2\/pages"}],"about":[{"href":"https:\/\/binvex.com\/en\/wp-json\/wp\/v2\/types\/page"}],"author":[{"embeddable":true,"href":"https:\/\/binvex.com\/en\/wp-json\/wp\/v2\/users\/2"}],"replies":[{"embeddable":true,"href":"https:\/\/binvex.com\/en\/wp-json\/wp\/v2\/comments?post=3287"}],"version-history":[{"count":0,"href":"https:\/\/binvex.com\/en\/wp-json\/wp\/v2\/pages\/3287\/revisions"}],"wp:attachment":[{"href":"https:\/\/binvex.com\/en\/wp-json\/wp\/v2\/media?parent=3287"}],"curies":[{"name":"wp","href":"https:\/\/api.w.org\/{rel}","templated":true}]}}