{"id":3183,"date":"2025-04-29T09:24:52","date_gmt":"2025-04-29T07:24:52","guid":{"rendered":"https:\/\/binvex.com\/?page_id=3183"},"modified":"2025-07-09T11:38:21","modified_gmt":"2025-07-09T09:38:21","slug":"podno-grejanje-ispod-plocica-i-drugih-podova-sa-lepkom","status":"publish","type":"page","link":"https:\/\/binvex.com\/en\/podno-grejanje-ispod-plocica-i-drugih-podova-sa-lepkom\/","title":{"rendered":"Podno grejanje ispod plo\u010dica i drugih podova sa lepkom &#8211; WARMSET"},"content":{"rendered":"<div data-elementor-type=\"wp-page\" data-elementor-id=\"3183\" class=\"elementor elementor-3183\" data-elementor-post-type=\"page\">\n\t\t\t\t<div class=\"elementor-element elementor-element-8b28ab8 e-flex e-con-boxed e-con e-parent\" data-id=\"8b28ab8\" data-element_type=\"container\">\n\t\t\t\t\t<div class=\"e-con-inner\">\n\t\t\t\t<div class=\"elementor-element elementor-element-30b20d4 elementor-widget-divider--view-line elementor-widget elementor-widget-divider\" data-id=\"30b20d4\" data-element_type=\"widget\" data-widget_type=\"divider.default\">\n\t\t\t\t<div class=\"elementor-widget-container\">\n\t\t\t\t\t\t\t<div class=\"elementor-divider\">\n\t\t\t<span class=\"elementor-divider-separator\">\n\t\t\t\t\t\t<\/span>\n\t\t<\/div>\n\t\t\t\t\t\t<\/div>\n\t\t\t\t<\/div>\n\t\t\t\t<div class=\"elementor-element elementor-element-18c062a elementor-widget elementor-widget-heading\" data-id=\"18c062a\" data-element_type=\"widget\" data-widget_type=\"heading.default\">\n\t\t\t\t<div class=\"elementor-widget-container\">\n\t\t\t\t\t<h2 class=\"elementor-heading-title elementor-size-default\">Podno grejanje ispod plo\u010dica i drugih podova sa lepkom - WARMSET<\/h2>\t\t\t\t<\/div>\n\t\t\t\t<\/div>\n\t\t\t\t\t<\/div>\n\t\t\t\t<\/div>\n\t\t<div class=\"elementor-element elementor-element-d0a7034 e-flex e-con-boxed e-con e-parent\" data-id=\"d0a7034\" data-element_type=\"container\">\n\t\t\t\t\t<div class=\"e-con-inner\">\n\t\t\t\t<div class=\"elementor-element elementor-element-1c8d0da elementor-widget elementor-widget-eael-sticky-video\" data-id=\"1c8d0da\" data-element_type=\"widget\" data-widget_type=\"eael-sticky-video.default\">\n\t\t\t\t<div class=\"elementor-widget-container\">\n\t\t\t\t\t<div class=\"eael-sticky-video-wrapper eaelsv-overlay-visibility-\"><div class=\"eael-sticky-video-player2\" data-sticky=\"yes\" data-position=\"bottom-right\" data-sheight=\"169\" data-swidth=\"300\" data-scroll_height=\"70\" data-autoplay=\"no\" data-overlay=\"no\"><div\n\t\t\tid=\"eaelsv-player-1c8d0da\"\n\t\t\tdata-plyr-provider=\"youtube\"\n\t\t\tdata-plyr-embed-id=\"cILj7U9GNpg\"\n\t\t\tdata-plyr-config=\"{&quot;storage&quot;: {&quot;enabled&quot;: false, &quot;key&quot;: &quot;plyr&quot;}, &quot;autoplay&quot;:0, &quot;muted&quot;:0, &quot;loop&quot;: {&quot;active&quot;: false}}\"\n\t\t><\/div>\n\t\t\t\t<span class=\"eaelsv-sticky-player-close\"><i class=\"fas fa-times-circle\"><\/i><\/span>\n\t\t\t<\/div>\n\t\t<\/div>\t\t\t\t<\/div>\n\t\t\t\t<\/div>\n\t\t\t\t\t<\/div>\n\t\t\t\t<\/div>\n\t\t<div class=\"elementor-element elementor-element-8dcde21 e-flex e-con-boxed e-con e-parent\" data-id=\"8dcde21\" data-element_type=\"container\">\n\t\t\t\t\t<div class=\"e-con-inner\">\n\t\t\t\t<div class=\"elementor-element elementor-element-8f8f83a elementor-widget elementor-widget-text-editor\" data-id=\"8f8f83a\" data-element_type=\"widget\" data-widget_type=\"text-editor.default\">\n\t\t\t\t<div class=\"elementor-widget-container\">\n\t\t\t\t\t\t\t\t\t<p style=\"text-align: center;\">U pore\u0111enju sa konvencionalnim sistemima grejanja pri istoj temperaturi, podno grejanje omogu\u0107ava prose\u010dnu u\u0161tedu energije od preko 30%.<\/p><p style=\"text-align: center;\">Ova prednost je mogu\u0107a zahvaljuju\u0107i velikoj radijacionoj povr\u0161ini poda, koja omogu\u0107ava grejnom elementu da ostane na niskoj temperaturi.<\/p><p style=\"text-align: center;\">Toplotni sistem Warmset mo\u017ee se instalirati ispod bilo koje vrste poda. Dva glavna oblika prekrivanja lepkovima su pod sa ko\u0161uljicom i lepljeni pod.<\/p>\t\t\t\t\t\t\t\t<\/div>\n\t\t\t\t<\/div>\n\t\t\t\t\t<\/div>\n\t\t\t\t<\/div>\n\t\t<div class=\"elementor-element elementor-element-843d54e e-flex e-con-boxed e-con e-parent\" data-id=\"843d54e\" data-element_type=\"container\">\n\t\t\t\t\t<div class=\"e-con-inner\">\n\t\t<div class=\"elementor-element elementor-element-4cea72b e-con-full e-flex e-con e-child\" data-id=\"4cea72b\" data-element_type=\"container\">\n\t\t\t\t<div class=\"elementor-element elementor-element-1d25daf elementor-position-top elementor-widget elementor-widget-image-box\" data-id=\"1d25daf\" data-element_type=\"widget\" data-widget_type=\"image-box.default\">\n\t\t\t\t<div class=\"elementor-widget-container\">\n\t\t\t\t\t<div class=\"elementor-image-box-wrapper\"><figure class=\"elementor-image-box-img\"><img fetchpriority=\"high\" decoding=\"async\" width=\"600\" height=\"338\" src=\"https:\/\/binvex.com\/wp-content\/uploads\/2025\/04\/podno-grejanje-na-kosuljicu.jpg\" class=\"attachment-full size-full wp-image-3196\" alt=\"\" srcset=\"https:\/\/binvex.com\/wp-content\/uploads\/2025\/04\/podno-grejanje-na-kosuljicu.jpg 600w, https:\/\/binvex.com\/wp-content\/uploads\/2025\/04\/podno-grejanje-na-kosuljicu-300x169.jpg 300w, https:\/\/binvex.com\/wp-content\/uploads\/2025\/04\/podno-grejanje-na-kosuljicu-18x10.jpg 18w\" sizes=\"(max-width: 600px) 100vw, 600px\" \/><\/figure><div class=\"elementor-image-box-content\"><h3 class=\"elementor-image-box-title\">Podovi sa ko\u0161uljicom<\/h3><p class=\"elementor-image-box-description\">Toplotno grejanje Warmset dosti\u017ee svoj puni potencijal kada se postavi ispod sloja ko\u0161uljice. Naime, u tom slu\u010daju grejanje prenosi toplotu na ovu povr\u0161inu, koja kroz D\u017eulov efekat dalje zagreva prostoriju.\nU ovom slu\u010daju zavr\u0161ni pod se postavlja direktno na ko\u0161uljicu. Novi proizvodi razvijeni u poslednjim godinama zamenjuju konvencionalne peskovite i cementne ko\u0161uljice anhidritnim samoniveliraju\u0107im ko\u0161uljicama. U roku od samo nekoliko dana dobi\u0107e se ko\u0161uljica sa boljom provodljivo\u0161\u0107u, sposobna da du\u017ee zadr\u017eava temperaturu, bez toplotnog \u0161oka. Moderne ko\u0161uljice mogu biti debele samo nekoliko centimetara, omogu\u0107avaju\u0107i postavljanje novog poda u svega 2-3 cm (uklju\u010duju\u0107i ko\u0161uljicu, grejanje i zavr\u0161ni pod).\n<\/p><\/div><\/div>\t\t\t\t<\/div>\n\t\t\t\t<\/div>\n\t\t\t\t<\/div>\n\t\t<div class=\"elementor-element elementor-element-78170b6 e-con-full e-flex e-con e-child\" data-id=\"78170b6\" data-element_type=\"container\">\n\t\t\t\t<div class=\"elementor-element elementor-element-00e4327 elementor-position-top elementor-widget elementor-widget-image-box\" data-id=\"00e4327\" data-element_type=\"widget\" data-widget_type=\"image-box.default\">\n\t\t\t\t<div class=\"elementor-widget-container\">\n\t\t\t\t\t<div class=\"elementor-image-box-wrapper\"><figure class=\"elementor-image-box-img\"><img decoding=\"async\" width=\"600\" height=\"338\" src=\"https:\/\/binvex.com\/wp-content\/uploads\/2025\/04\/podno-grejanje-ispod-lepljenih-podova.jpg\" class=\"attachment-full size-full wp-image-3195\" alt=\"\" srcset=\"https:\/\/binvex.com\/wp-content\/uploads\/2025\/04\/podno-grejanje-ispod-lepljenih-podova.jpg 600w, https:\/\/binvex.com\/wp-content\/uploads\/2025\/04\/podno-grejanje-ispod-lepljenih-podova-300x169.jpg 300w, https:\/\/binvex.com\/wp-content\/uploads\/2025\/04\/podno-grejanje-ispod-lepljenih-podova-18x10.jpg 18w\" sizes=\"(max-width: 600px) 100vw, 600px\" \/><\/figure><div class=\"elementor-image-box-content\"><h3 class=\"elementor-image-box-title\">Lepljeni podovi<\/h3><p class=\"elementor-image-box-description\">Nije uvek mogu\u0107e napraviti podlogu sa ko\u0161uljicom. U tim slu\u010dajevima, na primer kada je ko\u0161uljica ve\u0107 postavljena, Warmset grejanje mo\u017ee biti instalirano direktno ispod lepljenog poda.\nBez obzira da li je pod od drveta ili plo\u010dica, metod instalacije je isti. Pre nego \u0161to se postavi grejanje od fiberglass materijala, preporu\u010dljivo je primeniti izolacioni materijal kao \u0161to je PCB izolacija. Ako to nije mogu\u0107e, Warmset radijantno podno grejanje mo\u017ee se postaviti na pod, a zatim se preko njega lepi odabrani podni materijal.\nOvaj metod postavljanja omogu\u0107ava br\u017ee dostizanje \u017eeljene temperature u pore\u0111enju sa instalacijom u ko\u0161uljici; me\u0111utim, nedostatak je \u0161to se toplota nakon isklju\u010divanja grejanja rasipa mnogo br\u017ee.\n<\/p><\/div><\/div>\t\t\t\t<\/div>\n\t\t\t\t<\/div>\n\t\t\t\t<\/div>\n\t\t\t\t\t<\/div>\n\t\t\t\t<\/div>\n\t\t<div class=\"elementor-element elementor-element-07ad9f7 e-flex e-con-boxed e-con e-parent\" data-id=\"07ad9f7\" data-element_type=\"container\">\n\t\t\t\t\t<div class=\"e-con-inner\">\n\t\t\t\t<div class=\"elementor-element elementor-element-5b5df03 elementor-widget elementor-widget-heading\" data-id=\"5b5df03\" data-element_type=\"widget\" data-widget_type=\"heading.default\">\n\t\t\t\t<div class=\"elementor-widget-container\">\n\t\t\t\t\t<h2 class=\"elementor-heading-title elementor-size-default\">WARMSET sistemi za grejanje<\/h2>\t\t\t\t<\/div>\n\t\t\t\t<\/div>\n\t\t\t\t\t<\/div>\n\t\t\t\t<\/div>\n\t\t<div class=\"elementor-element elementor-element-b76d04a e-con-full e-flex e-con e-parent\" data-id=\"b76d04a\" data-element_type=\"container\">\n\t\t<div class=\"elementor-element elementor-element-6349744 e-con-full e-flex e-con e-child\" data-id=\"6349744\" data-element_type=\"container\">\n\t\t\t\t<div class=\"elementor-element elementor-element-144f177 elementor-widget-laptop__width-initial elementor-widget-mobile__width-initial elementor-position-top elementor-widget elementor-widget-image-box\" data-id=\"144f177\" data-element_type=\"widget\" data-widget_type=\"image-box.default\">\n\t\t\t\t<div class=\"elementor-widget-container\">\n\t\t\t\t\t<div class=\"elementor-image-box-wrapper\"><figure class=\"elementor-image-box-img\"><a href=\"https:\/\/binvex.com\/en\/p\/grejne-trake-za-podno-grejanje-whb\/\" tabindex=\"-1\"><img decoding=\"async\" width=\"600\" height=\"400\" src=\"https:\/\/binvex.com\/wp-content\/uploads\/2025\/04\/DSC09462.jpg\" class=\"elementor-animation-grow attachment-full size-full wp-image-3200\" alt=\"crne grejne mre\u017ee\" srcset=\"https:\/\/binvex.com\/wp-content\/uploads\/2025\/04\/DSC09462.jpg 600w, https:\/\/binvex.com\/wp-content\/uploads\/2025\/04\/DSC09462-300x200.jpg 300w, https:\/\/binvex.com\/wp-content\/uploads\/2025\/04\/DSC09462-18x12.jpg 18w\" sizes=\"(max-width: 600px) 100vw, 600px\" \/><\/a><\/figure><div class=\"elementor-image-box-content\"><h3 class=\"elementor-image-box-title\"><a href=\"https:\/\/binvex.com\/en\/p\/grejne-trake-za-podno-grejanje-whb\/\">Crne fiberglas trake<\/a><\/h3><\/div><\/div>\t\t\t\t<\/div>\n\t\t\t\t<\/div>\n\t\t\t\t<\/div>\n\t\t<div class=\"elementor-element elementor-element-0c4cd7b e-con-full e-flex e-con e-child\" data-id=\"0c4cd7b\" data-element_type=\"container\">\n\t\t\t\t<div class=\"elementor-element elementor-element-2f6471d elementor-widget-laptop__width-initial elementor-widget-mobile__width-initial elementor-position-top elementor-widget elementor-widget-image-box\" data-id=\"2f6471d\" data-element_type=\"widget\" data-widget_type=\"image-box.default\">\n\t\t\t\t<div class=\"elementor-widget-container\">\n\t\t\t\t\t<div class=\"elementor-image-box-wrapper\"><figure class=\"elementor-image-box-img\"><img loading=\"lazy\" decoding=\"async\" width=\"600\" height=\"400\" src=\"https:\/\/binvex.com\/wp-content\/uploads\/2025\/04\/DSC09610.jpg\" class=\"elementor-animation-grow attachment-full size-full wp-image-3201\" alt=\"zlatne grejne mre\u017ee\" srcset=\"https:\/\/binvex.com\/wp-content\/uploads\/2025\/04\/DSC09610.jpg 600w, https:\/\/binvex.com\/wp-content\/uploads\/2025\/04\/DSC09610-300x200.jpg 300w, https:\/\/binvex.com\/wp-content\/uploads\/2025\/04\/DSC09610-18x12.jpg 18w\" sizes=\"(max-width: 600px) 100vw, 600px\" \/><\/figure><div class=\"elementor-image-box-content\"><h3 class=\"elementor-image-box-title\">Zlatne fiberglas trake<\/h3><\/div><\/div>\t\t\t\t<\/div>\n\t\t\t\t<\/div>\n\t\t\t\t<\/div>\n\t\t<div class=\"elementor-element elementor-element-57eaa87 e-con-full e-flex e-con e-child\" data-id=\"57eaa87\" data-element_type=\"container\">\n\t\t\t\t<div class=\"elementor-element elementor-element-5fa40d1 elementor-widget-laptop__width-initial elementor-widget-mobile__width-initial elementor-position-top elementor-widget elementor-widget-image-box\" data-id=\"5fa40d1\" data-element_type=\"widget\" data-widget_type=\"image-box.default\">\n\t\t\t\t<div class=\"elementor-widget-container\">\n\t\t\t\t\t<div class=\"elementor-image-box-wrapper\"><figure class=\"elementor-image-box-img\"><img loading=\"lazy\" decoding=\"async\" width=\"600\" height=\"400\" src=\"https:\/\/binvex.com\/wp-content\/uploads\/2025\/04\/DSC00196.jpg\" class=\"elementor-animation-grow attachment-full size-full wp-image-3202\" alt=\"slobodna grejna traka\" srcset=\"https:\/\/binvex.com\/wp-content\/uploads\/2025\/04\/DSC00196.jpg 600w, https:\/\/binvex.com\/wp-content\/uploads\/2025\/04\/DSC00196-300x200.jpg 300w, https:\/\/binvex.com\/wp-content\/uploads\/2025\/04\/DSC00196-18x12.jpg 18w\" sizes=\"(max-width: 600px) 100vw, 600px\" \/><\/figure><div class=\"elementor-image-box-content\"><h3 class=\"elementor-image-box-title\">Slobodne grejne trake<\/h3><\/div><\/div>\t\t\t\t<\/div>\n\t\t\t\t<\/div>\n\t\t\t\t<\/div>\n\t\t\t\t<\/div>\n\t\t<div class=\"elementor-element elementor-element-0f9412e e-con-full e-flex e-con e-parent\" data-id=\"0f9412e\" data-element_type=\"container\">\n\t\t\t\t<div class=\"elementor-element elementor-element-91ff95c elementor-widget-mobile__width-initial elementor-widget elementor-widget-text-editor\" data-id=\"91ff95c\" data-element_type=\"widget\" data-widget_type=\"text-editor.default\">\n\t\t\t\t<div class=\"elementor-widget-container\">\n\t\t\t\t\t\t\t\t\t<p>Termalni gradijent koji se stvara kod podnog grejanja zna\u010di da je gubitak toplote manji u pore\u0111enju sa konvencionalnim sistemom grejanja.<\/p><p>Zapravo, mogu\u0107e je povratiti toplotu koja se ina\u010de gubi zbog slojevitosti vazduha, pri \u010demu se posti\u017eu visoke temperature u blizini plafona.<\/p><p>Povrat toplote raste sa pove\u0107anjem visine prostorije: \u0161to je plafon vi\u0161i, to je podno grejanje povoljnije za instalaciju.<\/p><p><!--StartFragment --><\/p><p>Nizak temperaturni gradijent izme\u0111u poda i okru\u017eenja (oko 4 \u00b0C) spre\u010dava iritaciju disajnih puteva, koja je \u010desto uzrokovana sagorevanjem pra\u0161ine koja se talo\u017ei na radijatorima u kojima te\u010dnost cirkuli\u0161e na visokim temperaturama (oko 70 \u00b0C).<\/p><p><!--EndFragment --><\/p><p><!--EndFragment --><\/p>\t\t\t\t\t\t\t\t<\/div>\n\t\t\t\t<\/div>\n\t\t\t\t<\/div>\n\t\t<div class=\"elementor-element elementor-element-b6f49d2 e-flex e-con-boxed e-con e-parent\" data-id=\"b6f49d2\" data-element_type=\"container\">\n\t\t\t\t\t<div class=\"e-con-inner\">\n\t\t\t\t<div class=\"elementor-element elementor-element-b26ec7c elementor-widget elementor-widget-text-editor\" data-id=\"b26ec7c\" data-element_type=\"widget\" data-widget_type=\"text-editor.default\">\n\t\t\t\t<div class=\"elementor-widget-container\">\n\t\t\t\t\t\t\t\t\t<p style=\"text-align: center;\">Po\u0161to je pod grejni element, veoma ga je lako o\u010distiti.<\/p><p style=\"text-align: center;\">Odsustvo konvekcije spre\u010dava nakupljanje pra\u0161ine.<\/p><p style=\"text-align: center;\">Smanjenje prisutnosti pra\u0161ine u vazduhu i bakterija koje izazivaju alergije.<\/p><p style=\"text-align: center;\">Mo\u017ee se instalirati ispod bilo koje vrste poda.<\/p><p style=\"text-align: center;\">Manja vla\u017enost, glavni izvor bakterija, i pove\u0107an komfor.<\/p>\t\t\t\t\t\t\t\t<\/div>\n\t\t\t\t<\/div>\n\t\t\t\t\t<\/div>\n\t\t\t\t<\/div>\n\t\t<div class=\"elementor-element elementor-element-29b248f e-flex e-con-boxed e-con e-parent\" data-id=\"29b248f\" data-element_type=\"container\">\n\t\t\t\t\t<div class=\"e-con-inner\">\n\t\t\t\t<div class=\"elementor-element elementor-element-35163f8 elementor-widget elementor-widget-heading\" data-id=\"35163f8\" data-element_type=\"widget\" data-widget_type=\"heading.default\">\n\t\t\t\t<div class=\"elementor-widget-container\">\n\t\t\t\t\t<h2 class=\"elementor-heading-title elementor-size-default\">WARMSET termostati za regulaciju podnog grejanja<\/h2>\t\t\t\t<\/div>\n\t\t\t\t<\/div>\n\t\t\t\t\t<\/div>\n\t\t\t\t<\/div>\n\t\t<div class=\"elementor-element elementor-element-ee292af e-con-full e-flex e-con e-parent\" data-id=\"ee292af\" data-element_type=\"container\">\n\t\t\t\t<div class=\"elementor-element elementor-element-309b019 elementor-position-left elementor-vertical-align-top elementor-widget elementor-widget-image-box\" data-id=\"309b019\" data-element_type=\"widget\" data-widget_type=\"image-box.default\">\n\t\t\t\t<div class=\"elementor-widget-container\">\n\t\t\t\t\t<div class=\"elementor-image-box-wrapper\"><figure class=\"elementor-image-box-img\"><img loading=\"lazy\" decoding=\"async\" width=\"600\" height=\"601\" src=\"https:\/\/binvex.com\/wp-content\/uploads\/2025\/04\/termostat-WHT-6000-GBS-S.jpg\" class=\"elementor-animation-grow attachment-full size-full wp-image-3227\" alt=\"termostat za podno grejanje warmset\" srcset=\"https:\/\/binvex.com\/wp-content\/uploads\/2025\/04\/termostat-WHT-6000-GBS-S.jpg 600w, https:\/\/binvex.com\/wp-content\/uploads\/2025\/04\/termostat-WHT-6000-GBS-S-300x300.jpg 300w, https:\/\/binvex.com\/wp-content\/uploads\/2025\/04\/termostat-WHT-6000-GBS-S-150x150.jpg 150w, https:\/\/binvex.com\/wp-content\/uploads\/2025\/04\/termostat-WHT-6000-GBS-S-12x12.jpg 12w, https:\/\/binvex.com\/wp-content\/uploads\/2025\/04\/termostat-WHT-6000-GBS-S-100x100.jpg 100w\" sizes=\"(max-width: 600px) 100vw, 600px\" \/><\/figure><div class=\"elementor-image-box-content\"><h3 class=\"elementor-image-box-title\">Termostat WHT-6000<\/h3><p class=\"elementor-image-box-description\">Okrugla verzija Warmset WHT-6000 GBS Wi-Fi termostata idealna je za daljinsko upravljanje temperaturom radijantnog podnog grejanja. Njegov oblik je pogodan za bilo koju vrstu objekta i enterijera. Mo\u017ee se kontrolisati putem prakti\u010dne aplikacije za pametne telefone. U integrisanom sistemu grejanja zgrade mogu\u0107e je povezati sve termostate sa jedinicom za upravljanje potro\u0161njom.<\/p><\/div><\/div>\t\t\t\t<\/div>\n\t\t\t\t<\/div>\n\t\t\t\t<\/div>\n\t\t<div class=\"elementor-element elementor-element-ed7835e e-flex e-con-boxed e-con e-parent\" data-id=\"ed7835e\" data-element_type=\"container\">\n\t\t\t\t\t<div class=\"e-con-inner\">\n\t\t\t\t<div class=\"elementor-element elementor-element-40e8323 elementor-widget elementor-widget-text-editor\" data-id=\"40e8323\" data-element_type=\"widget\" data-widget_type=\"text-editor.default\">\n\t\t\t\t<div class=\"elementor-widget-container\">\n\t\t\t\t\t\t\t\t\t<p>Za vi\u0161e informacija i pronala\u017eenje re\u0161enja za druge uslove, mo\u017eete pogledati na:\u00a0<\/p>\t\t\t\t\t\t\t\t<\/div>\n\t\t\t\t<\/div>\n\t\t\t\t\t<\/div>\n\t\t\t\t<\/div>\n\t\t<div class=\"elementor-element elementor-element-30bba24 e-con-full e-flex e-con e-parent\" data-id=\"30bba24\" data-element_type=\"container\">\n\t\t<div class=\"elementor-element elementor-element-33d7d26 e-con-full e-flex e-con e-child\" data-id=\"33d7d26\" data-element_type=\"container\" data-settings=\"{&quot;background_background&quot;:&quot;classic&quot;}\">\n\t\t\t\t<div class=\"elementor-element elementor-element-046121e elementor-widget elementor-widget-text-editor\" data-id=\"046121e\" data-element_type=\"widget\" data-widget_type=\"text-editor.default\">\n\t\t\t\t<div class=\"elementor-widget-container\">\n\t\t\t\t\t\t\t\t\t<h3 style=\"text-align: center;\">Kontaktirajte nas<\/h3><p style=\"text-align: center;\">\u2776 011 38 36 882<\/p><p style=\"text-align: center;\">\u2777 office@binvex.com<\/p><p style=\"text-align: center;\">\u2778 Posetite nas na adresi Ju\u017eni bulevar 1a, 11000 Beograd<\/p>\t\t\t\t\t\t\t\t<\/div>\n\t\t\t\t<\/div>\n\t\t\t\t<\/div>\n\t\t<div class=\"elementor-element elementor-element-66ee8ec e-con-full e-flex e-con e-child\" data-id=\"66ee8ec\" data-element_type=\"container\">\n\t\t\t\t<div class=\"elementor-element elementor-element-74086c8 elementor-widget elementor-widget-google_maps\" data-id=\"74086c8\" data-element_type=\"widget\" data-widget_type=\"google_maps.default\">\n\t\t\t\t<div class=\"elementor-widget-container\">\n\t\t\t\t\t\t\t<div class=\"elementor-custom-embed\">\n\t\t\t<iframe loading=\"lazy\"\n\t\t\t\t\tsrc=\"https:\/\/maps.google.com\/maps?q=Binvex&#038;t=m&#038;z=15&#038;output=embed&#038;iwloc=near\"\n\t\t\t\t\ttitle=\"Binvex\"\n\t\t\t\t\taria-label=\"Binvex\"\n\t\t\t><\/iframe>\n\t\t<\/div>\n\t\t\t\t\t\t<\/div>\n\t\t\t\t<\/div>\n\t\t\t\t<\/div>\n\t\t\t\t<\/div>\n\t\t\t\t<\/div>","protected":false},"excerpt":{"rendered":"<p>Podno grejanje ispod plo\u010dica i drugih podova sa lepkom &#8211; WARMSET U pore\u0111enju sa konvencionalnim sistemima grejanja pri istoj temperaturi, podno grejanje omogu\u0107ava prose\u010dnu u\u0161tedu energije od preko 30%. Ova prednost je mogu\u0107a zahvaljuju\u0107i velikoj radijacionoj povr\u0161ini poda, koja omogu\u0107ava grejnom elementu da ostane na niskoj temperaturi. Toplotni sistem Warmset mo\u017ee se instalirati ispod bilo [&hellip;]<\/p>","protected":false},"author":2,"featured_media":0,"parent":0,"menu_order":0,"comment_status":"closed","ping_status":"closed","template":"elementor_header_footer","meta":{"_eb_attr":"","footnotes":""},"class_list":["post-3183","page","type-page","status-publish","hentry"],"_links":{"self":[{"href":"https:\/\/binvex.com\/en\/wp-json\/wp\/v2\/pages\/3183","targetHints":{"allow":["GET"]}}],"collection":[{"href":"https:\/\/binvex.com\/en\/wp-json\/wp\/v2\/pages"}],"about":[{"href":"https:\/\/binvex.com\/en\/wp-json\/wp\/v2\/types\/page"}],"author":[{"embeddable":true,"href":"https:\/\/binvex.com\/en\/wp-json\/wp\/v2\/users\/2"}],"replies":[{"embeddable":true,"href":"https:\/\/binvex.com\/en\/wp-json\/wp\/v2\/comments?post=3183"}],"version-history":[{"count":0,"href":"https:\/\/binvex.com\/en\/wp-json\/wp\/v2\/pages\/3183\/revisions"}],"wp:attachment":[{"href":"https:\/\/binvex.com\/en\/wp-json\/wp\/v2\/media?parent=3183"}],"curies":[{"name":"wp","href":"https:\/\/api.w.org\/{rel}","templated":true}]}}