{"id":177,"date":"2023-11-20T17:54:29","date_gmt":"2023-11-20T16:54:29","guid":{"rendered":"https:\/\/dev-binvex.pantheonsite.io\/?page_id=177"},"modified":"2024-03-14T12:04:05","modified_gmt":"2024-03-14T11:04:05","slug":"blog","status":"publish","type":"page","link":"https:\/\/binvex.com\/en\/blog\/","title":{"rendered":"Blog"},"content":{"rendered":"<div data-elementor-type=\"wp-page\" data-elementor-id=\"177\" class=\"elementor elementor-177\" data-elementor-post-type=\"page\">\n\t\t\t\t<div class=\"elementor-element elementor-element-6a2169a e-flex e-con-boxed e-con e-parent\" data-id=\"6a2169a\" data-element_type=\"container\" data-settings=\"{&quot;background_background&quot;:&quot;classic&quot;}\">\n\t\t\t\t\t<div class=\"e-con-inner\">\n\t\t\t\t<div class=\"elementor-element elementor-element-53752d1 elementor-widget elementor-widget-heading\" data-id=\"53752d1\" data-element_type=\"widget\" data-widget_type=\"heading.default\">\n\t\t\t\t<div class=\"elementor-widget-container\">\n\t\t\t\t\t<h2 class=\"elementor-heading-title elementor-size-default\">Blog<\/h2>\t\t\t\t<\/div>\n\t\t\t\t<\/div>\n\t\t\t\t<div class=\"elementor-element elementor-element-26c07a3 elementor-widget-divider--view-line elementor-widget elementor-widget-divider\" data-id=\"26c07a3\" data-element_type=\"widget\" data-widget_type=\"divider.default\">\n\t\t\t\t<div class=\"elementor-widget-container\">\n\t\t\t\t\t\t\t<div class=\"elementor-divider\">\n\t\t\t<span class=\"elementor-divider-separator\">\n\t\t\t\t\t\t<\/span>\n\t\t<\/div>\n\t\t\t\t\t\t<\/div>\n\t\t\t\t<\/div>\n\t\t\t\t\t<\/div>\n\t\t\t\t<\/div>\n\t\t<div class=\"elementor-element elementor-element-6f8fb1a e-flex e-con-boxed e-con e-parent\" data-id=\"6f8fb1a\" data-element_type=\"container\" data-settings=\"{&quot;background_background&quot;:&quot;classic&quot;}\">\n\t\t\t\t\t<div class=\"e-con-inner\">\n\t\t\t\t<div class=\"elementor-element elementor-element-4f725a1 elementor-grid-1 elementor-grid-tablet-1 elementor-grid-mobile-1 elementor-posts--thumbnail-top elementor-card-shadow-yes elementor-posts__hover-gradient elementor-widget elementor-widget-posts\" data-id=\"4f725a1\" data-element_type=\"widget\" data-settings=\"{&quot;cards_columns&quot;:&quot;1&quot;,&quot;cards_columns_tablet&quot;:&quot;1&quot;,&quot;cards_row_gap&quot;:{&quot;unit&quot;:&quot;px&quot;,&quot;size&quot;:21,&quot;sizes&quot;:[]},&quot;cards_columns_mobile&quot;:&quot;1&quot;,&quot;cards_row_gap_widescreen&quot;:{&quot;unit&quot;:&quot;px&quot;,&quot;size&quot;:&quot;&quot;,&quot;sizes&quot;:[]},&quot;cards_row_gap_laptop&quot;:{&quot;unit&quot;:&quot;px&quot;,&quot;size&quot;:&quot;&quot;,&quot;sizes&quot;:[]},&quot;cards_row_gap_tablet&quot;:{&quot;unit&quot;:&quot;px&quot;,&quot;size&quot;:&quot;&quot;,&quot;sizes&quot;:[]},&quot;cards_row_gap_mobile&quot;:{&quot;unit&quot;:&quot;px&quot;,&quot;size&quot;:&quot;&quot;,&quot;sizes&quot;:[]}}\" data-widget_type=\"posts.cards\">\n\t\t\t\t<div class=\"elementor-widget-container\">\n\t\t\t\t\t\t\t<div class=\"elementor-posts-container elementor-posts elementor-posts--skin-cards elementor-grid\">\n\t\t\t\t<article class=\"elementor-post elementor-grid-item post-2432 post type-post status-publish format-standard hentry category-binvex-com-category-blog-arhiva\">\n\t\t\t<div class=\"elementor-post__card\">\n\t\t\t\t<div class=\"elementor-post__text\">\n\t\t\t\t<h3 class=\"elementor-post__title\">\n\t\t\t<a href=\"https:\/\/binvex.com\/en\/podno-grejanje-na-struju\/\">\n\t\t\t\tPodno grejanje na struju\t\t\t<\/a>\n\t\t<\/h3>\n\t\t\t\t<div class=\"elementor-post__excerpt\">\n\t\t\t<p>Unutra\u0161nje podno grejanje na struju AHT &#8211; Svetski lider u tehnologiji grejanja za doma\u0107instva, komercijalne, industrijske zatvorene i otvorene prostore. AHT sistem napredne tehnologije podnog grejanja na struju obezbe\u0111uje toplo, komforno, kvalitetno grejanje svih ku\u0107nih prostorija. Za upotrebu u kupatilu, kuhinji, dnevnoj sobi, ostavi, podrumu, spava\u0107oj sobi i mo\u017ee da se lako instalira ispod poda: plo\u010dica, kamenih plo\u010da, drveta, parketa, tarketa, laminata, linoleuma i tepiha. AHT podno grejanje na struju daje konstantnu i izuzetno udobnu toplotu, bez prodora toplog vazduha iz bu\u010dnih ventilatora ili duvaljki koji bi podizali prljav\u0161tinu i pra\u0161inu. Odsustvo neuglednih radijatora olak\u0161ava<\/p>\n\t\t<\/div>\n\t\t\n\t\t<a class=\"elementor-post__read-more\" href=\"https:\/\/binvex.com\/en\/podno-grejanje-na-struju\/\" aria-label=\"Read more about Podno grejanje na struju\" tabindex=\"-1\">\n\t\t\tOP\u0160IRNIJE\t\t<\/a>\n\n\t\t\t\t<\/div>\n\t\t\t\t<div class=\"elementor-post__meta-data\">\n\t\t\t\t\t<span class=\"elementor-post-date\">\n\t\t\t14\/03\/2024\t\t<\/span>\n\t\t\t\t<\/div>\n\t\t\t\t\t<\/div>\n\t\t<\/article>\n\t\t\t\t<article class=\"elementor-post elementor-grid-item post-268 post type-post status-publish format-standard hentry category-binvex-com-category-blog-arhiva\">\n\t\t\t<div class=\"elementor-post__card\">\n\t\t\t\t<div class=\"elementor-post__text\">\n\t\t\t\t<h3 class=\"elementor-post__title\">\n\t\t\t<a href=\"https:\/\/binvex.com\/en\/aht-elektricno-podno-grejanje-svetski-lider-u-tehnologiji-grejanja\/\">\n\t\t\t\tAHT elektri\u010dno podno grejanje \u2013 svetski lider u tehnologiji grejanja\t\t\t<\/a>\n\t\t<\/h3>\n\t\t\t\t<div class=\"elementor-post__excerpt\">\n\t\t\t<p>A.H.T. ADVANCED HEATING TECHNOLOGIES Elektri\u010dno podno grejanje u zelenoj i ekolo\u0161ki prihvatljivoj tehnologiji grejanja za ku\u0107ne, industrijske i komercijalne unutra\u0161nje i spolja\u0161nje primene. Glavni fokus kompanije AHT je promocija novih tehnologija i primena u grejanju i fuziji, zasnovanih na dve revolucionarne i za\u0161ti\u0107ene tehnologije: amorfne metalne trake i amorfnog metalnog praha.AHT proizvodi pokrivaju unutra\u0161nje podno grejanje, odle\u0111ivanje na otvorenom i topljenje snega. AHT-ov tehnolo\u0161ki napredni sistem podnog elektri\u010dnog grejanja pru\u017ea toplo, udobno, luksuzno ku\u0107no okru\u017eenje. AHT sistemi za topljenje snega i leda su zasnovani na na\u0161oj jedinstvenoj tehnologiji grejanja amorfne metalne trake. \u0160TA JE TRAKA<\/p>\n\t\t<\/div>\n\t\t\n\t\t<a class=\"elementor-post__read-more\" href=\"https:\/\/binvex.com\/en\/aht-elektricno-podno-grejanje-svetski-lider-u-tehnologiji-grejanja\/\" aria-label=\"Read more about AHT elektri\u010dno podno grejanje \u2013 svetski lider u tehnologiji grejanja\" tabindex=\"-1\">\n\t\t\tOP\u0160IRNIJE\t\t<\/a>\n\n\t\t\t\t<\/div>\n\t\t\t\t<div class=\"elementor-post__meta-data\">\n\t\t\t\t\t<span class=\"elementor-post-date\">\n\t\t\t20\/11\/2023\t\t<\/span>\n\t\t\t\t<\/div>\n\t\t\t\t\t<\/div>\n\t\t<\/article>\n\t\t\t\t<\/div>\n\t\t\n\t\t\t\t\t\t<\/div>\n\t\t\t\t<\/div>\n\t\t\t\t\t<\/div>\n\t\t\t\t<\/div>\n\t\t\t\t<\/div>","protected":false},"excerpt":{"rendered":"<p>Blog<\/p>","protected":false},"author":2,"featured_media":0,"parent":0,"menu_order":0,"comment_status":"closed","ping_status":"closed","template":"elementor_header_footer","meta":{"_eb_attr":"","footnotes":""},"class_list":["post-177","page","type-page","status-publish","hentry"],"_links":{"self":[{"href":"https:\/\/binvex.com\/en\/wp-json\/wp\/v2\/pages\/177","targetHints":{"allow":["GET"]}}],"collection":[{"href":"https:\/\/binvex.com\/en\/wp-json\/wp\/v2\/pages"}],"about":[{"href":"https:\/\/binvex.com\/en\/wp-json\/wp\/v2\/types\/page"}],"author":[{"embeddable":true,"href":"https:\/\/binvex.com\/en\/wp-json\/wp\/v2\/users\/2"}],"replies":[{"embeddable":true,"href":"https:\/\/binvex.com\/en\/wp-json\/wp\/v2\/comments?post=177"}],"version-history":[{"count":0,"href":"https:\/\/binvex.com\/en\/wp-json\/wp\/v2\/pages\/177\/revisions"}],"wp:attachment":[{"href":"https:\/\/binvex.com\/en\/wp-json\/wp\/v2\/media?parent=177"}],"curies":[{"name":"wp","href":"https:\/\/api.w.org\/{rel}","templated":true}]}}