{"id":172,"date":"2023-11-20T17:52:54","date_gmt":"2023-11-20T16:52:54","guid":{"rendered":"https:\/\/dev-binvex.pantheonsite.io\/?page_id=172"},"modified":"2026-03-30T12:35:13","modified_gmt":"2026-03-30T10:35:13","slug":"vautid-antiabrazivni-materijali","status":"publish","type":"page","link":"https:\/\/binvex.com\/en\/vautid-antiabrazivni-materijali\/","title":{"rendered":"VAUTID Antiabrazivni materijali"},"content":{"rendered":"<div data-elementor-type=\"wp-page\" data-elementor-id=\"172\" class=\"elementor elementor-172\" data-elementor-post-type=\"page\">\n\t\t\t\t<div class=\"elementor-element elementor-element-8b28ab8 e-flex e-con-boxed e-con e-parent\" data-id=\"8b28ab8\" data-element_type=\"container\">\n\t\t\t\t\t<div class=\"e-con-inner\">\n\t\t\t\t<div class=\"elementor-element elementor-element-18c062a elementor-widget elementor-widget-heading\" data-id=\"18c062a\" data-element_type=\"widget\" data-widget_type=\"heading.default\">\n\t\t\t\t<div class=\"elementor-widget-container\">\n\t\t\t\t\t<h2 class=\"elementor-heading-title elementor-size-default\">VAUTID materijali protiv abrazije<\/h2>\t\t\t\t<\/div>\n\t\t\t\t<\/div>\n\t\t\t\t<div class=\"elementor-element elementor-element-30b20d4 elementor-widget-divider--view-line elementor-widget elementor-widget-divider\" data-id=\"30b20d4\" data-element_type=\"widget\" data-widget_type=\"divider.default\">\n\t\t\t\t<div class=\"elementor-widget-container\">\n\t\t\t\t\t\t\t<div class=\"elementor-divider\">\n\t\t\t<span class=\"elementor-divider-separator\">\n\t\t\t\t\t\t<\/span>\n\t\t<\/div>\n\t\t\t\t\t\t<\/div>\n\t\t\t\t<\/div>\n\t\t\t\t<div class=\"elementor-element elementor-element-c22bd38 elementor-widget elementor-widget-text-editor\" data-id=\"c22bd38\" data-element_type=\"widget\" data-widget_type=\"text-editor.default\">\n\t\t\t\t<div class=\"elementor-widget-container\">\n\t\t\t\t\t\t\t\t\t<p>Kategorije proizvoda<\/p>\t\t\t\t\t\t\t\t<\/div>\n\t\t\t\t<\/div>\n\t\t\t\t\t<\/div>\n\t\t\t\t<\/div>\n\t\t<div class=\"elementor-element elementor-element-fd2a7d1 e-flex e-con-boxed e-con e-parent\" data-id=\"fd2a7d1\" data-element_type=\"container\">\n\t\t\t\t\t<div class=\"e-con-inner\">\n\t\t<div class=\"elementor-element elementor-element-dbf67dd e-con-full e-flex e-con e-child\" data-id=\"dbf67dd\" data-element_type=\"container\">\n\t\t\t\t<div class=\"elementor-element elementor-element-080c565 elementor-cta--skin-cover elementor-animated-content elementor-bg-transform elementor-bg-transform-zoom-in elementor-widget elementor-widget-call-to-action\" data-id=\"080c565\" data-element_type=\"widget\" data-widget_type=\"call-to-action.default\">\n\t\t\t\t<div class=\"elementor-widget-container\">\n\t\t\t\t\t\t\t<a class=\"elementor-cta\" href=\"https:\/\/binvex.com\/en\/vautid-antiabrazivne-kompozitne-ploce\/\">\n\t\t\t\t\t<div class=\"elementor-cta__bg-wrapper\">\n\t\t\t\t<div class=\"elementor-cta__bg elementor-bg\" style=\"background-image: url(https:\/\/binvex.com\/wp-content\/uploads\/2023\/11\/Habajuce-ploce-Vautid-slika.jpg);\" role=\"img\" aria-label=\"Habaju\u0107e-plo\u010de-Vautid-slika\"><\/div>\n\t\t\t\t<div class=\"elementor-cta__bg-overlay\"><\/div>\n\t\t\t<\/div>\n\t\t\t\t\t\t\t<div class=\"elementor-cta__content\">\n\t\t\t\t\n\t\t\t\t\t\t\t\t\t<h2 class=\"elementor-cta__title elementor-cta__content-item elementor-content-item elementor-animated-item--grow\">\n\t\t\t\t\t\tVAUTID antiabrazivne kompozitne plo\u010de\t\t\t\t\t<\/h2>\n\t\t\t\t\n\t\t\t\t\n\t\t\t\t\t\t\t<\/div>\n\t\t\t\t\t\t<\/a>\n\t\t\t\t\t\t<\/div>\n\t\t\t\t<\/div>\n\t\t\t\t<\/div>\n\t\t<div class=\"elementor-element elementor-element-4d94953 e-con-full e-flex e-con e-child\" data-id=\"4d94953\" data-element_type=\"container\">\n\t\t\t\t<div class=\"elementor-element elementor-element-42b20e0 elementor-cta--skin-cover elementor-animated-content elementor-bg-transform elementor-bg-transform-zoom-in elementor-widget elementor-widget-call-to-action\" data-id=\"42b20e0\" data-element_type=\"widget\" data-widget_type=\"call-to-action.default\">\n\t\t\t\t<div class=\"elementor-widget-container\">\n\t\t\t\t\t\t\t<div class=\"elementor-cta\">\n\t\t\t\t\t<div class=\"elementor-cta__bg-wrapper\">\n\t\t\t\t<div class=\"elementor-cta__bg elementor-bg\" style=\"background-image: url(https:\/\/binvex.com\/wp-content\/uploads\/2023\/11\/Stapicaste-elektrode-1.jpg);\" role=\"img\" aria-label=\"\u0160tapi\u010daste-elektrode-1\"><\/div>\n\t\t\t\t<div class=\"elementor-cta__bg-overlay\"><\/div>\n\t\t\t<\/div>\n\t\t\t\t\t\t\t<div class=\"elementor-cta__content\">\n\t\t\t\t\n\t\t\t\t\t\t\t\t\t<h2 class=\"elementor-cta__title elementor-cta__content-item elementor-content-item elementor-animated-item--grow\">\n\t\t\t\t\t\tVAUTID \u0161tapi\u010daste elektrode\t\t\t\t\t<\/h2>\n\t\t\t\t\n\t\t\t\t\n\t\t\t\t\t\t\t<\/div>\n\t\t\t\t\t\t<\/div>\n\t\t\t\t\t\t<\/div>\n\t\t\t\t<\/div>\n\t\t\t\t<\/div>\n\t\t<div class=\"elementor-element elementor-element-e7a109d e-con-full e-flex e-con e-child\" data-id=\"e7a109d\" data-element_type=\"container\">\n\t\t\t\t<div class=\"elementor-element elementor-element-04a3d54 elementor-cta--skin-cover elementor-animated-content elementor-bg-transform elementor-bg-transform-zoom-in elementor-widget elementor-widget-call-to-action\" data-id=\"04a3d54\" data-element_type=\"widget\" data-widget_type=\"call-to-action.default\">\n\t\t\t\t<div class=\"elementor-widget-container\">\n\t\t\t\t\t\t\t<div class=\"elementor-cta\">\n\t\t\t\t\t<div class=\"elementor-cta__bg-wrapper\">\n\t\t\t\t<div class=\"elementor-cta__bg elementor-bg\" style=\"background-image: url(https:\/\/binvex.com\/wp-content\/uploads\/2023\/11\/Zice-za-navarivanje-Vautid-slika.jpg);\" role=\"img\" aria-label=\"\u017dice-za-navarivanje-Vautid-slika\"><\/div>\n\t\t\t\t<div class=\"elementor-cta__bg-overlay\"><\/div>\n\t\t\t<\/div>\n\t\t\t\t\t\t\t<div class=\"elementor-cta__content\">\n\t\t\t\t\n\t\t\t\t\t\t\t\t\t<h2 class=\"elementor-cta__title elementor-cta__content-item elementor-content-item elementor-animated-item--grow\">\n\t\t\t\t\t\tVAUTID \u017ei\u010dane elektrode punjene prahom\t\t\t\t\t<\/h2>\n\t\t\t\t\n\t\t\t\t\n\t\t\t\t\t\t\t<\/div>\n\t\t\t\t\t\t<\/div>\n\t\t\t\t\t\t<\/div>\n\t\t\t\t<\/div>\n\t\t\t\t<\/div>\n\t\t\t\t\t<\/div>\n\t\t\t\t<\/div>\n\t\t<div class=\"elementor-element elementor-element-78bdcaf e-flex e-con-boxed e-con e-parent\" data-id=\"78bdcaf\" data-element_type=\"container\">\n\t\t\t\t\t<div class=\"e-con-inner\">\n\t\t<div class=\"elementor-element elementor-element-6ed53d1 e-con-full e-flex e-con e-child\" data-id=\"6ed53d1\" data-element_type=\"container\">\n\t\t\t\t<div class=\"elementor-element elementor-element-8889db3 elementor-cta--skin-cover elementor-animated-content elementor-bg-transform elementor-bg-transform-zoom-in elementor-widget elementor-widget-call-to-action\" data-id=\"8889db3\" data-element_type=\"widget\" data-widget_type=\"call-to-action.default\">\n\t\t\t\t<div class=\"elementor-widget-container\">\n\t\t\t\t\t\t\t<a class=\"elementor-cta\" href=\"https:\/\/binvex.com\/en\/vautid-odlivci-otporni-na-abraziju\/\">\n\t\t\t\t\t<div class=\"elementor-cta__bg-wrapper\">\n\t\t\t\t<div class=\"elementor-cta__bg elementor-bg\" style=\"background-image: url(https:\/\/binvex.com\/wp-content\/uploads\/2023\/11\/Odlivci-Vautid-slika.jpg);\" role=\"img\" aria-label=\"Odlivci-Vautid-slika\"><\/div>\n\t\t\t\t<div class=\"elementor-cta__bg-overlay\"><\/div>\n\t\t\t<\/div>\n\t\t\t\t\t\t\t<div class=\"elementor-cta__content\">\n\t\t\t\t\n\t\t\t\t\t\t\t\t\t<h2 class=\"elementor-cta__title elementor-cta__content-item elementor-content-item elementor-animated-item--grow\">\n\t\t\t\t\t\tVAUTID odlivci otporni na abraziju\t\t\t\t\t<\/h2>\n\t\t\t\t\n\t\t\t\t\n\t\t\t\t\t\t\t<\/div>\n\t\t\t\t\t\t<\/a>\n\t\t\t\t\t\t<\/div>\n\t\t\t\t<\/div>\n\t\t\t\t<\/div>\n\t\t<div class=\"elementor-element elementor-element-28487f9 e-con-full e-flex e-con e-child\" data-id=\"28487f9\" data-element_type=\"container\">\n\t\t\t\t<\/div>\n\t\t<div class=\"elementor-element elementor-element-ffab5c5 e-con-full e-flex e-con e-child\" data-id=\"ffab5c5\" data-element_type=\"container\">\n\t\t\t\t<\/div>\n\t\t\t\t\t<\/div>\n\t\t\t\t<\/div>\n\t\t<div class=\"elementor-element elementor-element-15127a7 e-flex e-con-boxed e-con e-parent\" data-id=\"15127a7\" data-element_type=\"container\">\n\t\t\t\t\t<div class=\"e-con-inner\">\n\t\t\t\t<div class=\"elementor-element elementor-element-831922e elementor-widget-divider--view-line elementor-widget elementor-widget-divider\" data-id=\"831922e\" data-element_type=\"widget\" data-widget_type=\"divider.default\">\n\t\t\t\t<div class=\"elementor-widget-container\">\n\t\t\t\t\t\t\t<div class=\"elementor-divider\">\n\t\t\t<span class=\"elementor-divider-separator\">\n\t\t\t\t\t\t<\/span>\n\t\t<\/div>\n\t\t\t\t\t\t<\/div>\n\t\t\t\t<\/div>\n\t\t\t\t<div class=\"elementor-element elementor-element-e31c7f7 elementor-widget elementor-widget-text-editor\" data-id=\"e31c7f7\" data-element_type=\"widget\" data-widget_type=\"text-editor.default\">\n\t\t\t\t<div class=\"elementor-widget-container\">\n\t\t\t\t\t\t\t\t\t<h3><span style=\"color: #235c82;\"><a style=\"color: #235c82;\" href=\"https:\/\/vautidgroup.com\/en\/home\/\" target=\"_blank\" rel=\"noopener noreferrer\">VAUTID \u2013 Pioniri u za\u0161titi od abrazije\u00a0<\/a><\/span><\/h3><p>VAUTID proizvodi veoma veliki broj antiabrazivnih materijala koji imaju \u0161iroku i zna\u010dajnu primenu na razli\u010ditim delovima opreme i ma\u0161ina u svim preduze\u0107ima koja se bave masovnom manipulacijom, proizvodnjom i transportom svih vrsta tvrdih minerala. Na\u0161e legure obezbe\u0111uju izvanrednu ekonomi\u010dnost i trajna re\u0161enja za najve\u0107i deo problema habanja. Posedujemo legure za zavarivanje veoma efikasne za sve pojedina\u010dne, specifi\u010dne i karakteristi\u010dne primene.<br \/>VAUTID tvrde legure se koriste svuda gde se pojavljuje abrazija. Bez obzira da li je u pitanju me\u0161anje, mlevenje, drobljenje, ma\u0161ina za puteve, proizvodnja energije, proces sa zemljom, jalovinom, agregatima, proizvodnja cementa, kori\u0161\u0107enje u \u017eelezari \u2013 uvek \u0107ete na\u0107i re\u0161enje za va\u0161e specifi\u010dne zahteve u okviru VAUTID \u0161irokog proizvodnog programa. VAUTID antihabaju\u0107i proizvodi se svrstavaju u tri \u0161iroke grupe:<\/p><h3><span style=\"color: #235c82;\"><a style=\"color: #235c82;\" href=\"https:\/\/binvex.com\/en\/vautid-zicane-elektrode-punjene-prahom\/\" target=\"_blank\" rel=\"noopener noreferrer\">\u017di\u010dane elektrode punjene prahom<\/a><\/span><\/h3><h3><span style=\"color: #235c82;\"><a style=\"color: #235c82;\" href=\"https:\/\/binvex.com\/en\/vautid-stapicaste-elektrode\/\" target=\"_blank\" rel=\"noopener noreferrer\">\u0160tapi\u010daste elektrode<\/a><\/span><\/h3><p>VAUTID potro\u0161ni materijal za zavarivanje mo\u017ee se primeniti u velikom broju razli\u010ditih situacija. Oni nude re\u0161enje za razli\u010dite probleme u za\u0161titi komponenti koje se habaju u postrojenjima i ma\u0161inama. VAUTID potro\u0161ni materijali za navarivanje dostupni su i kao \u017eica sa punjenim jezgrom i kao \u0161tapi\u010daste elektrode.<\/p><h3><span style=\"color: #235c82;\"><a style=\"color: #235c82;\" href=\"https:\/\/binvex.com\/en\/vautid-antiabrazivne-kompozitne-ploce\/antiabrazivna-kompozitna-ploca-vautid-143\/\" target=\"_blank\" rel=\"noopener noreferrer\">Dvoslojne-kompozitne antihabaju\u0107e plo\u010de<\/a><\/span><\/h3><p>Produ\u017eeni radni vek na povr\u0161inama koje se habaju postaju stvarnost sa VAUTID kompozitnim habajuc\u0301im plo\u010dama koje su efikasno re\u0161enje za upotrebu bilo gde. idealni za za\u0161titu vec\u0301ih povr\u0161ina ili prevazila\u017eenje problema habanja u samonosivim proizvodima i komponentama postrojenja. Proizvedene efikasnim i ekonomi\u010dnim proizvodnim procesom i potpuno kompatibilne sa na\u0161im asortimanom potro\u0161nog materijala za zavarivanje i livenih proizvoda, VAUTID kompozitne habajuc\u0301e plo\u010de su va\u017ean gra\u0111evinski blok u na\u0161im sistemskim re\u0161enjima napravljenim po meri.<\/p><h3><span style=\"color: #235c82;\"><a style=\"color: #235c82;\" href=\"https:\/\/binvex.com\/en\/vautid-odlivci-otporni-na-abraziju\/\" target=\"_blank\" rel=\"noopener noreferrer\">Odlivci otporni na habanje<\/a><\/span><\/h3><p>VAUTID ima veliko iskustvo kao partner u lancu snabdevanja za livene komponente visoke otpornosti na habanje, koje proizvodimo od belog livenog gvo\u017e\u0111a i ner\u0111ajuc\u0301eg \u010delika. Kori\u0161c\u0301enje komponenti napravljenih od livenih legura koje je VAUTID posebno razvio je garancija niskih tro\u0161kova habanja, kako za jednokratne specijalne delove tako i za delove za serijsku proizvodnju. Na\u0161a optimizovana geometrija, interna proizvodnja modela i najsavremeniji softver za u\u010dvr\u0161c\u0301ivanje livenja obezbe\u0111uju da su sve VAUTID livene komponente prvoklasnog kvaliteta. VAUTID livene komponente se isporu\u010duju potpuno spremne za ugradnju, uklju\u010dujuc\u0301i sve neophodne radove na ma\u0161inskoj obradi.<\/p><p>Primenom na\u0161ih materijala i tehni\u010dkih re\u0161enja ima\u0107ete veoma velike u\u0161tede u proizvodnji i odr\u017eavanju va\u0161e opreme i ma\u0161ina.<\/p><h3>Va\u0161 put do uspeha \u2013 sa VAUTID-om<\/h3><p>VAUTID je \u0161irom sveta priznat kao lider u visokokvalitetnoj za\u0161titi metala od habanja. Na\u0161i proizvodi produ\u017eavaju vek trajanja materijala i ma\u0161ina. Na\u0161i kupci pridaju veliku vrednost na\u0161im proizvodima i savetima na\u0161ih in\u017eenjera. Sa na\u0161im pa\u017eljivo osmi\u0161ljenim sistemskim re\u0161enjima i na\u0161im posvec\u0301enim timom stru\u010dnjaka, mi stalno postavljamo nove standarde u korist na\u0161ih klijenata. Mi smo vodec\u0301i inovator vi\u0161e od 70 godina i ostajemo na putu ka uspehu, kako sada tako i u buduc\u0301nosti. Do\u0111ite i pridru\u017eite nam se na na\u0161em putovanju.<\/p><h3>VAUTID za\u0161tita od habanja: svuda gde je potrebna<\/h3><p>Kao globalna korporacija, VAUTID grupa ima svoje prodajne kompanije \u2013 i sopstvene istra\u017eiva\u010dke laboratorije i proizvodne pogone \u2013 na svim kontinentima. U organizaciji je, \u0161irom sveta, oko 450 zaposlenih iz vi\u0161e od 20 zemalja, a sve sa jednim ciljem na umu \u2013 pronala\u017eenjem savr\u0161enog VAUTID re\u0161enja za abraziju za na\u0161e kupce.<\/p>\t\t\t\t\t\t\t\t<\/div>\n\t\t\t\t<\/div>\n\t\t\t\t\t<\/div>\n\t\t\t\t<\/div>\n\t\t\t\t<\/div>","protected":false},"excerpt":{"rendered":"<p>VAUTID materijali protiv abrazije Kategorije proizvoda VAUTID antiabrazivne kompozitne plo\u010de VAUTID \u0161tapi\u010daste elektrode VAUTID \u017ei\u010dane elektrode punjene prahom VAUTID odlivci otporni na abraziju VAUTID \u2013 Pioniri u za\u0161titi od abrazije\u00a0 VAUTID proizvodi veoma veliki broj antiabrazivnih materijala koji imaju \u0161iroku i zna\u010dajnu primenu na razli\u010ditim delovima opreme i ma\u0161ina u svim preduze\u0107ima koja se bave [&hellip;]<\/p>","protected":false},"author":2,"featured_media":0,"parent":0,"menu_order":0,"comment_status":"closed","ping_status":"closed","template":"elementor_header_footer","meta":{"_eb_attr":"","footnotes":""},"class_list":["post-172","page","type-page","status-publish","hentry"],"_links":{"self":[{"href":"https:\/\/binvex.com\/en\/wp-json\/wp\/v2\/pages\/172","targetHints":{"allow":["GET"]}}],"collection":[{"href":"https:\/\/binvex.com\/en\/wp-json\/wp\/v2\/pages"}],"about":[{"href":"https:\/\/binvex.com\/en\/wp-json\/wp\/v2\/types\/page"}],"author":[{"embeddable":true,"href":"https:\/\/binvex.com\/en\/wp-json\/wp\/v2\/users\/2"}],"replies":[{"embeddable":true,"href":"https:\/\/binvex.com\/en\/wp-json\/wp\/v2\/comments?post=172"}],"version-history":[{"count":0,"href":"https:\/\/binvex.com\/en\/wp-json\/wp\/v2\/pages\/172\/revisions"}],"wp:attachment":[{"href":"https:\/\/binvex.com\/en\/wp-json\/wp\/v2\/media?parent=172"}],"curies":[{"name":"wp","href":"https:\/\/api.w.org\/{rel}","templated":true}]}}