{"id":1528,"date":"2023-12-03T17:26:06","date_gmt":"2023-12-03T16:26:06","guid":{"rendered":"https:\/\/dev-binvex.pantheonsite.io\/?page_id=1528"},"modified":"2025-11-12T09:50:52","modified_gmt":"2025-11-12T08:50:52","slug":"placanje-2","status":"publish","type":"page","link":"https:\/\/binvex.com\/en\/placanje-2\/","title":{"rendered":"Pla\u0107anje"},"content":{"rendered":"<div data-elementor-type=\"wp-page\" data-elementor-id=\"1528\" class=\"elementor elementor-1528\" data-elementor-post-type=\"page\">\n\t\t\t\t<div class=\"elementor-element elementor-element-b9f55fa e-flex e-con-boxed e-con e-parent\" data-id=\"b9f55fa\" data-element_type=\"container\" data-settings=\"{&quot;background_background&quot;:&quot;classic&quot;}\">\n\t\t\t\t\t<div class=\"e-con-inner\">\n\t\t\t\t<div class=\"elementor-element elementor-element-a238bf3 elementor-widget elementor-widget-heading\" data-id=\"a238bf3\" data-element_type=\"widget\" data-widget_type=\"heading.default\">\n\t\t\t\t<div class=\"elementor-widget-container\">\n\t\t\t\t\t<h2 class=\"elementor-heading-title elementor-size-default\">Pla\u0107anje<\/h2>\t\t\t\t<\/div>\n\t\t\t\t<\/div>\n\t\t\t\t<div class=\"elementor-element elementor-element-14fb021 elementor-widget-divider--view-line elementor-widget elementor-widget-divider\" data-id=\"14fb021\" data-element_type=\"widget\" data-widget_type=\"divider.default\">\n\t\t\t\t<div class=\"elementor-widget-container\">\n\t\t\t\t\t\t\t<div class=\"elementor-divider\">\n\t\t\t<span class=\"elementor-divider-separator\">\n\t\t\t\t\t\t<\/span>\n\t\t<\/div>\n\t\t\t\t\t\t<\/div>\n\t\t\t\t<\/div>\n\t\t\t\t\t<\/div>\n\t\t\t\t<\/div>\n\t\t<div class=\"elementor-element elementor-element-fba38c1 e-flex e-con-boxed e-con e-parent\" data-id=\"fba38c1\" data-element_type=\"container\" data-settings=\"{&quot;background_background&quot;:&quot;classic&quot;}\">\n\t\t\t\t\t<div class=\"e-con-inner\">\n\t\t\t\t<div class=\"elementor-element elementor-element-e5e18ec elementor-widget elementor-widget-text-editor\" data-id=\"e5e18ec\" data-element_type=\"widget\" data-widget_type=\"text-editor.default\">\n\t\t\t\t<div class=\"elementor-widget-container\">\n\t\t\t\t\t\t\t\t\t<p><strong>Prilikom kupovine preko na\u0161e interenet stranice mo\u017eete odabrati na\u010din pla\u0107anja:<\/strong><\/p><ul><li>pouze\u0107em<\/li><li>platnim karticama<\/li><li>li\u010dno<\/li><\/ul><p><strong>Kupovina u Srbiji:<\/strong><\/p><ul><li>Pouze\u0107em poru\u010deni artikal dobijate na Va\u0161u adresu nazna\u010denu u porud\u017ebini i tom prilikom kuriru pla\u0107ate iznos porud\u017ebine kao i uslugu dostave.<\/li><li>Ako izaberete pla\u0107anje platnim karticama, tokom procesa naru\u010divanja bi\u0107ete automatski preusmereni na sajt Banca Intesa ad Beograd. Banca Intesa ad Beograd vr\u0161i procesuiranje kartica na internetu, u saradnji sa kompanijom WSPay. Na portalu WSPay unosite slede\u0107e podatke: broj kartice, ime vlasnika kartice, datum isteka kartice i CVV broj kartice (odnosno verifikacioni broj kartice) \u2013 to je broj koji obi\u010dno stoji na pole\u0111ini kartice; nakon broja kartice (mo\u017ee da bude prikazan kompletan broj kartice sa 16 cifara ili samo zadnje 4 cifre) stoji poseban kod koji se obi\u010dno sastoji od 3 cifre (kod nekih kartica ima i sa 4 cifre), i taj trocifreni broj je va\u0161 CVV broj kartice. Eventualno mo\u017ee se tra\u017eiti da unesete tip (brand) kartice. Banka vr\u0161i proveru va\u0161e kartice i raspolo\u017eivost sredstava na ra\u010dunu i ako imate uslove za pla\u0107anje, rezervi\u0161e sredstva na va\u0161em teku\u0107em ra\u010dunu u vrednosti iznosa porud\u017ebine. U slu\u010daju uspe\u0161ne rezervacije, automatski vam se prosle\u0111uje imejl sa svim detaljima va\u0161e narud\u017ebenice i detaljima transakcije. Nakon zavr\u0161etka pla\u0107anja sa sajta Banca Intesa ad Beograd bi\u0107ete ponovo prosle\u0111eni na\u00a0<span style=\"color: #333366;\"><a href=\"http:\/\/binvex.com\/en\/\">binvex.com<\/a>\u00a0<\/span>gde se kupovina zavr\u0161ava. Podaci sa platne kartice od va\u0161eg ra\u010dunara do sajta banke se prenose u za\u0161ti\u0107enoj formi, upotrebom SSL protokola, kao trenutno najsavremenije tehnologije. Sigurnost podataka prilikom pla\u0107anja garantuje Banca Intesa ad Beograd i podaci o platnoj kartici nisu ni u jednom trenutku dostupni. Ceo sistem je organizovan u cilju maksimalne za\u0161tite va\u0161ih poverljivih podataka i predstavalja standard za pla\u0107anje preko interneta \u0161irom sveta.<\/li><li>Za li\u010dno preuzimanje na na\u0161em prodajnom mestu, kontaktira\u0107e vas neko iz na\u0161eg prodajnog tima radi potvrde porud\u017ebine i preuzimanja.<\/li><\/ul><p><strong>Za kupce iz inostranstva:<\/strong><\/p><p>Platnim karticama: Ako izaberete pla\u0107anje platnim karticama, tokom procesa naru\u010divanja bi\u0107ete automatski preusmereni na sajt Banca Intesa ad Beograd. Banca Intesa ad Beograd vr\u0161i procesuiranje kartica na internetu, u saradnji sa kompanijom WSPay. Na portalu WSPay unosite slede\u0107e podatke: broj kartice, ime vlasnika kartice, datum isteka kartice i CVV broj kartice (odnosno verifikacioni broj kartice) \u2013 to je broj koji obi\u010dno stoji na pole\u0111ini kartice; nakon broja kartice (mo\u017ee da bude prikazan kompletan broj kartice sa 16 cifara ili samo zadnje 4 cifre) stoji poseban kod koji se obi\u010dno sastoji od 3 cifre (kod nekih kartica ima i sa 4 cifre), i taj trocifreni broj je va\u0161 CVV broj kartice. Eventualno mo\u017ee se tra\u017eiti da unesete tip (brand) kartice. Banka vr\u0161i proveru va\u0161e kartice i raspolo\u017eivost sredstava na ra\u010dunu i ako imate uslove za pla\u0107anje, rezervi\u0161e sredstva na va\u0161em teku\u0107em ra\u010dunu u vrednosti iznosa porud\u017ebine. U slu\u010daju uspe\u0161ne rezervacije, automatski vam se prosle\u0111uje imejl sa svim detaljima va\u0161e narud\u017ebenice i detaljima transakcije. Nakon zavr\u0161etka pla\u0107anja sa sajta Banca Intesa ad Beograd bi\u0107ete ponovo prosle\u0111eni na\u00a0<a href=\"https:\/\/knjizarapanonija.rs\/\" target=\"_blank\" rel=\"noopener\">binvex.com<\/a>\u00a0gde se kupovina zavr\u0161ava. Podaci sa platne kartice od va\u0161eg ra\u010dunara do sajta banke se prenose u za\u0161ti\u0107enoj formi, upotrebom SSL protokola, kao trenutno najsavremenije tehnologije. Sigurnost podataka prilikom pla\u0107anja garantuje Banca Intesa ad Beograd i podaci o platnoj kartici nisu ni u jednom trenutku dostupni. Ceo sistem je organizovan u cilju maksimalne za\u0161tite va\u0161ih poverljivih podataka i predstavalja standard za pla\u0107anje preko interneta \u0161irom sveta. Sva pla\u0107anja bi\u0107e izvr\u0161ena u lokalnoj valuti Republike Srbije \u2013 dinar (RSD). Za informativni prikaz cena u drugim valutama koristi se srednji kurs Narodne Banke Srbije. Iznos za koji \u0107e biti zadu\u017eena va\u0161a platna kartica bi\u0107e izra\u017een u va\u0161oj lokalnoj valuti kroz konverziju u istu po kursu koji koriste karti\u010darske organizacije, a koji nama u trenutku transakcije ne mo\u017ee biti poznat. Kao rezultat ove konverzije postoji mogu\u0107nost neznatne razlike od originalne cene navedene na na\u0161em sajtu. Tro\u0161kove dostave za inostranstvo u celosti snosi kupac. Po uplati porud\u017ebine bi\u0107e mu dostavljen i ra\u010dun za tro\u0161kove po\u0161tarine. Po uplati iste porud\u017ebina \u0107e biti poslata.<\/p><p>Hvala Vam na razumevanju.<\/p><p><strong>Akcijska pla\u0107anja\u00a0\u00a0<\/strong><\/p><p>U pojedinim promo periodima mo\u017ee do\u0107i do pove\u0107anja popusta na kupljene artikle i to \u0107e biti nazna\u010deno na artiklima. Tako\u0111e na pojedine ili sve artikle mo\u017ee do\u0107i do ukidanja ili promene visine popusta na kupovinu.<\/p><p><strong>Izjava o konverziji<\/strong><\/p><p>Sva pla\u0107anja bi\u0107e izvr\u0161ena u lokalnoj valuti Republike Srbije \u2013 dinar (RSD). Za informativni prikaz cena u drugim valutama koristi se srednji kurs Narodne Banke Srbije. Iznos za koji \u0107e biti zadu\u017eena Va\u0161a platna kartica bi\u0107e izra\u017een u Va\u0161oj lokalnoj valuti kroz konverziju u istu po kursu koji koriste karti\u010darske organizacije, a koji nama u trenutku transakcije ne mo\u017ee biti poznat. Kao rezultat ove konverzije postoji mogu\u0107nost neznatne razlike od originalne cene navedene na na\u0161em sajtu.<\/p>\t\t\t\t\t\t\t\t<\/div>\n\t\t\t\t<\/div>\n\t\t\t\t\t<\/div>\n\t\t\t\t<\/div>\n\t\t\t\t<\/div>","protected":false},"excerpt":{"rendered":"<p>Pla\u0107anje Prilikom kupovine preko na\u0161e interenet stranice mo\u017eete odabrati na\u010din pla\u0107anja: pouze\u0107em platnim karticama li\u010dno Kupovina u Srbiji: Pouze\u0107em poru\u010deni artikal dobijate na Va\u0161u adresu nazna\u010denu u porud\u017ebini i tom prilikom kuriru pla\u0107ate iznos porud\u017ebine kao i uslugu dostave. Ako izaberete pla\u0107anje platnim karticama, tokom procesa naru\u010divanja bi\u0107ete automatski preusmereni na sajt Banca Intesa ad [&hellip;]<\/p>","protected":false},"author":2,"featured_media":0,"parent":0,"menu_order":0,"comment_status":"closed","ping_status":"closed","template":"elementor_header_footer","meta":{"_eb_attr":"","footnotes":""},"class_list":["post-1528","page","type-page","status-publish","hentry"],"_links":{"self":[{"href":"https:\/\/binvex.com\/en\/wp-json\/wp\/v2\/pages\/1528","targetHints":{"allow":["GET"]}}],"collection":[{"href":"https:\/\/binvex.com\/en\/wp-json\/wp\/v2\/pages"}],"about":[{"href":"https:\/\/binvex.com\/en\/wp-json\/wp\/v2\/types\/page"}],"author":[{"embeddable":true,"href":"https:\/\/binvex.com\/en\/wp-json\/wp\/v2\/users\/2"}],"replies":[{"embeddable":true,"href":"https:\/\/binvex.com\/en\/wp-json\/wp\/v2\/comments?post=1528"}],"version-history":[{"count":0,"href":"https:\/\/binvex.com\/en\/wp-json\/wp\/v2\/pages\/1528\/revisions"}],"wp:attachment":[{"href":"https:\/\/binvex.com\/en\/wp-json\/wp\/v2\/media?parent=1528"}],"curies":[{"name":"wp","href":"https:\/\/api.w.org\/{rel}","templated":true}]}}