{"id":1244,"date":"2023-11-30T17:35:36","date_gmt":"2023-11-30T16:35:36","guid":{"rendered":"https:\/\/dev-binvex.pantheonsite.io\/?page_id=1244"},"modified":"2023-12-08T11:41:25","modified_gmt":"2023-12-08T10:41:25","slug":"informacije-o-dostavi","status":"publish","type":"page","link":"https:\/\/binvex.com\/en\/informacije-o-dostavi\/","title":{"rendered":"Informacije o dostavi"},"content":{"rendered":"<div data-elementor-type=\"wp-page\" data-elementor-id=\"1244\" class=\"elementor elementor-1244\" data-elementor-post-type=\"page\">\n\t\t\t\t<div class=\"elementor-element elementor-element-0d61e37 e-flex e-con-boxed e-con e-parent\" data-id=\"0d61e37\" data-element_type=\"container\" data-settings=\"{&quot;background_background&quot;:&quot;classic&quot;}\">\n\t\t\t\t\t<div class=\"e-con-inner\">\n\t\t\t\t<div class=\"elementor-element elementor-element-9f300ba elementor-widget elementor-widget-heading\" data-id=\"9f300ba\" data-element_type=\"widget\" data-widget_type=\"heading.default\">\n\t\t\t\t<div class=\"elementor-widget-container\">\n\t\t\t\t\t<h2 class=\"elementor-heading-title elementor-size-default\">Informacije o dostavi<\/h2>\t\t\t\t<\/div>\n\t\t\t\t<\/div>\n\t\t\t\t<div class=\"elementor-element elementor-element-67e45fe elementor-widget-divider--view-line elementor-widget elementor-widget-divider\" data-id=\"67e45fe\" data-element_type=\"widget\" data-widget_type=\"divider.default\">\n\t\t\t\t<div class=\"elementor-widget-container\">\n\t\t\t\t\t\t\t<div class=\"elementor-divider\">\n\t\t\t<span class=\"elementor-divider-separator\">\n\t\t\t\t\t\t<\/span>\n\t\t<\/div>\n\t\t\t\t\t\t<\/div>\n\t\t\t\t<\/div>\n\t\t\t\t\t<\/div>\n\t\t\t\t<\/div>\n\t\t<div class=\"elementor-element elementor-element-1011bf1 e-flex e-con-boxed e-con e-parent\" data-id=\"1011bf1\" data-element_type=\"container\" data-settings=\"{&quot;background_background&quot;:&quot;classic&quot;}\">\n\t\t\t\t\t<div class=\"e-con-inner\">\n\t\t\t\t<div class=\"elementor-element elementor-element-827c9ba elementor-widget elementor-widget-text-editor\" data-id=\"827c9ba\" data-element_type=\"widget\" data-widget_type=\"text-editor.default\">\n\t\t\t\t<div class=\"elementor-widget-container\">\n\t\t\t\t\t\t\t\t\t<h3>Isporuka poru\u010dene robe<\/h3><p>Isporuka se vr\u0161i isklju\u010divo na teritoriji Republike Srbije. U zavisnosti od vrste i koli\u010dine robe na porud\u017ebini, isporuku vr\u0161imo na dva na\u010dina: kurirska slu\u017eba i Binvex dostavna vozila. Li\u010dno preuzimanje poru\u010dene robe, nakon dogovora sa webshop operaterima, mogu\u0107e je i u na\u0161oj centrali na adresi Ju\u017eni bulevar 1a, 11000 Beograd i u centralnom magacinu na adresi Tovili\u0161te bb, 11213 Padinska Skela.<\/p><p>Uslovi isporuke se odnose na porud\u017ebine kreirane u Binvex webshopu.<\/p><h3>1)\u00a0\u00a0 Kurirska slu\u017eba<\/h3><p>Cena isporuke zavisi od te\u017eine paketa. Skalu i cene mo\u017eete videti u tabeli (cene su izra\u017eene sa PDV-om):<\/p><table width=\"283\"><tbody><tr><td width=\"140\">Te\u017eina prizvoda (kg)<\/td><td width=\"143\">Cena isporuke (RSD)<\/td><\/tr><tr><td width=\"140\">do 0,5<\/td><td width=\"143\">360,00<\/td><\/tr><tr><td width=\"140\">0,51\u00a0&#8211; 1<\/td><td width=\"143\">440,00<\/td><\/tr><tr><td width=\"140\">1,01\u00a0&#8211; 2<\/td><td width=\"143\">490,00<\/td><\/tr><tr><td width=\"140\">2,01\u00a0&#8211; 5<\/td><td width=\"143\">650,00<\/td><\/tr><tr><td width=\"140\">5,01\u00a0&#8211; 10<\/td><td width=\"143\">860,00<\/td><\/tr><tr><td width=\"140\">10,01\u00a0&#8211; 20<\/td><td width=\"143\">1.150,00<\/td><\/tr><tr><td width=\"140\">20,01\u00a0&#8211; 30<\/td><td width=\"143\">1.400,00<\/td><\/tr><tr><td width=\"140\">30,01 &#8211; 65<\/td><td width=\"143\">2.000,00<\/td><\/tr><tr><td width=\"140\">65,01 &#8211; 140<\/td><td width=\"143\">3.000,00<\/td><\/tr><tr><td width=\"140\">140,01 &#8211; 220<\/td><td width=\"143\">4.000,00<\/td><\/tr><\/tbody><\/table><p>Sa ostale po\u0161iljke kontaktirajte nas na 011\/38-36-882 radi preciznih informacija o ceni.<\/p><p>Isporuka se vr\u0161i radnim danima u periodu od 8:00 do 16:00h. Pravilnikom kurirske slu\u017ebe, otvaranje paketa pred kurirom pre preuzimanja nije omogu\u0107eno. Isporuka ure\u0111aja podrazumeva do Va\u0161e adrese.<\/p><p>Rok za \u017ealbe na o\u0161te\u0107enja nastala u transportu robe su 24h od trenutka prijema na telefon:<\/p><p>011\/38-36-882.<\/p><p>Vreme isporuke<\/p><p>O\u010dekivani rok isporuke proizvoda iz na\u0161e ponude je od 3 do 5 radnih dana. Dobra praksa na\u0161e kompanije je i da se roba isporu\u010duje na na\u010din ,,danas za sutra\u201d.<\/p><p>Robu isporu\u010dujemo radnim danima.<\/p><h3>2)\u00a0\u00a0 Binvex isporuka<\/h3><p>U slu\u010daju Binvex isporuke gabaritnijih po\u0161iljaka, cena isporuke se dogovara u zavisnosti od gabarita i adrese isporuke. Binvex isporuka podrazumeva dovo\u017eenje robe do dogovorene adrese i uno\u0161enje robe u<br \/>stan\/ku\u0107u.<br \/><br \/>Prilikom preuzimanja robe kupac je u obavezi da istu pregleda, i da nakon \u0161to utvrdi da roba nije fizi\u010dki o\u0161te\u0107ena potpi\u0161e otpremnicu kojom potvr\u0111uje da je robu primio u neo\u0161te\u0107enom stanju. Ukoliko kupac nije u mogu\u0107nosti da prilikom preuzimanja pregleda robu, obavezan je da potpi\u0161e otpremnicu da je robu primio uz napomenu bez pregleda, a da nakon toga, robu koju je primio pregleda najkasnije u roku od 4 dana od trenutka preuzimanja i da obavesti Prodavca ukoliko uo\u010di bilo kakve nedostatke. U suprotnom, smatra\u0107e se da je preuzeta roba bez fizi\u010dkih o\u0161te\u0107enja.<br \/><br \/>Op\u0161ti rok isporuke je do 2-3 radnih dana od dana kupovine. U pojedinim slu\u010dajevima rok isporuke mo\u017ee biti produ\u017een, o \u010demu \u0107e kupci biti obave\u0161teni na vreme.<\/p>\t\t\t\t\t\t\t\t<\/div>\n\t\t\t\t<\/div>\n\t\t\t\t\t<\/div>\n\t\t\t\t<\/div>\n\t\t\t\t<\/div>","protected":false},"excerpt":{"rendered":"<p>Informacije o dostavi Isporuka poru\u010dene robe Isporuka se vr\u0161i isklju\u010divo na teritoriji Republike Srbije. U zavisnosti od vrste i koli\u010dine robe na porud\u017ebini, isporuku vr\u0161imo na dva na\u010dina: kurirska slu\u017eba i Binvex dostavna vozila. Li\u010dno preuzimanje poru\u010dene robe, nakon dogovora sa webshop operaterima, mogu\u0107e je i u na\u0161oj centrali na adresi Ju\u017eni bulevar 1a, 11000 [&hellip;]<\/p>","protected":false},"author":2,"featured_media":0,"parent":0,"menu_order":0,"comment_status":"closed","ping_status":"closed","template":"elementor_header_footer","meta":{"_eb_attr":"","footnotes":""},"class_list":["post-1244","page","type-page","status-publish","hentry"],"_links":{"self":[{"href":"https:\/\/binvex.com\/en\/wp-json\/wp\/v2\/pages\/1244","targetHints":{"allow":["GET"]}}],"collection":[{"href":"https:\/\/binvex.com\/en\/wp-json\/wp\/v2\/pages"}],"about":[{"href":"https:\/\/binvex.com\/en\/wp-json\/wp\/v2\/types\/page"}],"author":[{"embeddable":true,"href":"https:\/\/binvex.com\/en\/wp-json\/wp\/v2\/users\/2"}],"replies":[{"embeddable":true,"href":"https:\/\/binvex.com\/en\/wp-json\/wp\/v2\/comments?post=1244"}],"version-history":[{"count":0,"href":"https:\/\/binvex.com\/en\/wp-json\/wp\/v2\/pages\/1244\/revisions"}],"wp:attachment":[{"href":"https:\/\/binvex.com\/en\/wp-json\/wp\/v2\/media?parent=1244"}],"curies":[{"name":"wp","href":"https:\/\/api.w.org\/{rel}","templated":true}]}}